{"id":21611,"date":"2026-03-25T17:20:39","date_gmt":"2026-03-25T17:20:39","guid":{"rendered":"https:\/\/bracaravinum.pt\/?post_type=product&#038;p=21611"},"modified":"2026-03-27T12:05:26","modified_gmt":"2026-03-27T12:05:26","slug":"quinta-da-leda-tinto-2020-15l","status":"publish","type":"product","link":"https:\/\/bracaravinum.pt\/it\/prodotto\/quinta-da-leda-tinto-2020-15l\/","title":{"rendered":"Quinta da Leda Tinto 1,5L"},"content":{"rendered":"<p><img decoding=\"async\" class=\"size-medium wp-image-15204 aligncenter\" src=\"http:\/\/bracaravinum.pt\/wp-content\/uploads\/2022\/02\/casa-ferreirinha-logo-300x139.png\" alt=\"\" width=\"300\" height=\"139\" srcset=\"https:\/\/bracaravinum.pt\/wp-content\/uploads\/2022\/02\/casa-ferreirinha-logo-300x139.png 300w, https:\/\/bracaravinum.pt\/wp-content\/uploads\/2022\/02\/casa-ferreirinha-logo.png 330w\" sizes=\"(max-width: 300px) 100vw, 300px\" \/><\/p>\n<p>La storia di Casa Ferreirinha \u00e8 indissolubilmente legata a una donna straordinaria: Dona Ant\u00f3nia Adelaide Ferreira. Nato nel 1811, a R\u00e9gua, porta d&#039;accesso ai vigneti della valle del Douro. Sebbene piccola di statura e riservata per natura, Dona Ant\u00f3nia era carismatica, visionaria e intraprendente. Cre\u00f2 nuove estensioni di vigneti, increment\u00f2 e miglior\u00f2 le scorte aziendali di vecchi vini e contribu\u00ec a migliorare la faticosa vita delle famiglie contadine locali fondando scuole, asili nido e ospedali. Tale era l&#039;affetto della popolazione che lo chiamavano affettuosamente \u201cFerreirinha\u201d. Con la sua morte nel 1896, lasci\u00f2 una notevole eredit\u00e0 nel Douro e un&#039;attivit\u00e0 di immenso successo.<\/p>\n<p>La grande scommessa di Casa Ferreirinha sui vini non fortificati sarebbe emersa circa mezzo secolo dopo. Produrre vini Douro eleganti e di alta qualit\u00e0, con la raffinatezza e l&#039;elevato potenziale di invecchiamento dei vini Porto Vintage, \u00e8 diventato il sogno di Fernando Nicolau de Almeida che, fin dalla tenera et\u00e0, ha iniziato a lavorare presso l&#039;azienda, diventando direttore tecnico. Ha selezionato le migliori uve del Douro Superior, piene di ricchezza e struttura, e le ha combinate con altre, provenienti da alte quote, per la loro acidit\u00e0 e aroma.<\/p>\n<p>Cos\u00ec, nel 1952, nasce Barca-Velha, un vino iconico che da allora \u00e8 stato prodotto solo nelle annate migliori, considerato uno dei vini rossi del Portogallo con maggiore longevit\u00e0, eleganza e complessit\u00e0. La genesi di Casa Ferreirinha \u00e8, quindi, una vera lezione di enologia, che ha determinato l&#039;evoluzione dei vini di questa Casa, arricchiti con la piantagione di radici Quinta da Leda, iniziata nel 1979, dove nascono le uve che hanno permesso di aumentare e migliorare la produzione. . Oggi, la gamma Casa Ferreirinha, prodotta sotto la direzione dell&#039;enologo Lu\u00eds Sottomayor, spazia da vini giovani come Esteva o Planalto, attraverso vini pi\u00f9 ricchi come Papa Figos, Vinha Grande e Callabriga, fino all&#039;eccezionale Quinta da Leda, Ant\u00f3nia Adelaide Ferreira e Reserva Especial, con il Barca-Velha che occupa il vertice della gerarchia.<\/p>","protected":false},"excerpt":{"rendered":"<p>Cor rubi profunda. Aroma de boa complexidade com sali\u00eancia para os frutos pretos como a ameixa, especiarias a pimenta, cravinho e ligeiro caril, componente bals\u00e2mica a cedro e a caixa de tabaco, algumas notas arbustivas e madeira muito bem integrada. Na boca tem bom volume, acidez e taninos bem envolvidos, frutos pretos, pimenta e um final de excelente harmonia e eleg\u00e2ncia.<\/p>","protected":false},"featured_media":1201,"template":"","meta":{"_exactmetrics_skip_tracking":false,"_exactmetrics_sitenote_active":false,"_exactmetrics_sitenote_note":"","_exactmetrics_sitenote_category":0,"_uf_show_specific_survey":0,"_uf_disable_surveys":false,"iawp_total_views":1},"product_brand":[],"product_cat":[215,201,184,157],"product_tag":[],"class_list":{"0":"post-21611","1":"product","2":"type-product","3":"status-publish","4":"has-post-thumbnail","6":"product_cat-douro","7":"product_cat-grandes-vinhos","8":"product_cat-tinto","9":"product_cat-vinhos","11":"first","12":"instock","13":"shipping-taxable","14":"purchasable","15":"product-type-simple"},"_links":{"self":[{"href":"https:\/\/bracaravinum.pt\/it\/wp-json\/wp\/v2\/product\/21611","targetHints":{"allow":["GET"]}}],"collection":[{"href":"https:\/\/bracaravinum.pt\/it\/wp-json\/wp\/v2\/product"}],"about":[{"href":"https:\/\/bracaravinum.pt\/it\/wp-json\/wp\/v2\/types\/product"}],"wp:featuredmedia":[{"embeddable":true,"href":"https:\/\/bracaravinum.pt\/it\/wp-json\/wp\/v2\/media\/1201"}],"wp:attachment":[{"href":"https:\/\/bracaravinum.pt\/it\/wp-json\/wp\/v2\/media?parent=21611"}],"wp:term":[{"taxonomy":"product_brand","embeddable":true,"href":"https:\/\/bracaravinum.pt\/it\/wp-json\/wp\/v2\/product_brand?post=21611"},{"taxonomy":"product_cat","embeddable":true,"href":"https:\/\/bracaravinum.pt\/it\/wp-json\/wp\/v2\/product_cat?post=21611"},{"taxonomy":"product_tag","embeddable":true,"href":"https:\/\/bracaravinum.pt\/it\/wp-json\/wp\/v2\/product_tag?post=21611"}],"curies":[{"name":"wp","href":"https:\/\/api.w.org\/{rel}","templated":true}]}}