{"id":21346,"date":"2026-02-24T15:02:45","date_gmt":"2026-02-24T15:02:45","guid":{"rendered":"https:\/\/bracaravinum.pt\/?post_type=product&#038;p=21346"},"modified":"2026-02-24T15:02:46","modified_gmt":"2026-02-24T15:02:46","slug":"quinta-da-costa-do-pinhao-peladosa-tinto-75cl","status":"publish","type":"product","link":"https:\/\/bracaravinum.pt\/it\/prodotto\/quinta-da-costa-do-pinhao-peladosa-tinto-75cl\/","title":{"rendered":"Quinta da Costa do Pinh\u00e3o Peladosa Tinto 75cl"},"content":{"rendered":"","protected":false},"excerpt":{"rendered":"<p>O Peladosa Tinto 2019 \u00e9 um vinho feito a partir de uma vinha velha com mais de 80 anos, que pretende mostrar a delicadeza e eleg\u00e2ncia de um vinho do Douro. Aroma delicado e elegante, com fruta vermelha e especiarias, notas bals\u00e2micas e de folha de tabaco. Com muita frescura, num conjunto que se revela muito fino. Na boca tem grande amplitude e complexidade, com fruta vermelha, notas minerais e sempre fresco com uma estrutura muito elegante de taninos sedosos. Profundidade e comprimento, antevendo uma boa capacidade de envelhecimento.<\/p>","protected":false},"featured_media":21347,"template":"","meta":{"_exactmetrics_skip_tracking":false,"_exactmetrics_sitenote_active":false,"_exactmetrics_sitenote_note":"","_exactmetrics_sitenote_category":0,"_uf_show_specific_survey":0,"_uf_disable_surveys":false,"iawp_total_views":4},"product_brand":[],"product_cat":[215,184,157],"product_tag":[],"class_list":{"0":"post-21346","1":"product","2":"type-product","3":"status-publish","4":"has-post-thumbnail","6":"product_cat-douro","7":"product_cat-tinto","8":"product_cat-vinhos","10":"first","11":"instock","12":"shipping-taxable","13":"purchasable","14":"product-type-simple"},"_links":{"self":[{"href":"https:\/\/bracaravinum.pt\/it\/wp-json\/wp\/v2\/product\/21346","targetHints":{"allow":["GET"]}}],"collection":[{"href":"https:\/\/bracaravinum.pt\/it\/wp-json\/wp\/v2\/product"}],"about":[{"href":"https:\/\/bracaravinum.pt\/it\/wp-json\/wp\/v2\/types\/product"}],"wp:featuredmedia":[{"embeddable":true,"href":"https:\/\/bracaravinum.pt\/it\/wp-json\/wp\/v2\/media\/21347"}],"wp:attachment":[{"href":"https:\/\/bracaravinum.pt\/it\/wp-json\/wp\/v2\/media?parent=21346"}],"wp:term":[{"taxonomy":"product_brand","embeddable":true,"href":"https:\/\/bracaravinum.pt\/it\/wp-json\/wp\/v2\/product_brand?post=21346"},{"taxonomy":"product_cat","embeddable":true,"href":"https:\/\/bracaravinum.pt\/it\/wp-json\/wp\/v2\/product_cat?post=21346"},{"taxonomy":"product_tag","embeddable":true,"href":"https:\/\/bracaravinum.pt\/it\/wp-json\/wp\/v2\/product_tag?post=21346"}],"curies":[{"name":"wp","href":"https:\/\/api.w.org\/{rel}","templated":true}]}}