{"id":21335,"date":"2026-02-24T12:45:29","date_gmt":"2026-02-24T12:45:29","guid":{"rendered":"https:\/\/bracaravinum.pt\/?post_type=product&#038;p=21335"},"modified":"2026-02-24T12:49:03","modified_gmt":"2026-02-24T12:49:03","slug":"quinta-do-vallado-alicante-bouschet-tinto-75cl","status":"publish","type":"product","link":"https:\/\/bracaravinum.pt\/it\/produto\/quinta-do-vallado-alicante-bouschet-tinto-75cl\/","title":{"rendered":"Quinta do Vallado Alicante Bouschet Tinto 75cl"},"content":{"rendered":"<p><img fetchpriority=\"high\" decoding=\"async\" class=\"size-medium wp-image-15837 aligncenter\" src=\"http:\/\/bracaravinum.pt\/wp-content\/uploads\/2020\/03\/logo-vallado-300x298.jpg\" alt=\"\" width=\"300\" height=\"298\" srcset=\"https:\/\/bracaravinum.pt\/wp-content\/uploads\/2020\/03\/logo-vallado-300x298.jpg 300w, https:\/\/bracaravinum.pt\/wp-content\/uploads\/2020\/03\/logo-vallado-1024x1019.jpg 1024w, https:\/\/bracaravinum.pt\/wp-content\/uploads\/2020\/03\/logo-vallado-150x150.jpg 150w, https:\/\/bracaravinum.pt\/wp-content\/uploads\/2020\/03\/logo-vallado-768x764.jpg 768w, https:\/\/bracaravinum.pt\/wp-content\/uploads\/2020\/03\/logo-vallado-1536x1528.jpg 1536w, https:\/\/bracaravinum.pt\/wp-content\/uploads\/2020\/03\/logo-vallado-12x12.jpg 12w, https:\/\/bracaravinum.pt\/wp-content\/uploads\/2020\/03\/logo-vallado-600x597.jpg 600w, https:\/\/bracaravinum.pt\/wp-content\/uploads\/2020\/03\/logo-vallado-100x100.jpg 100w, https:\/\/bracaravinum.pt\/wp-content\/uploads\/2020\/03\/logo-vallado.jpg 1938w\" sizes=\"(max-width: 300px) 100vw, 300px\" \/><\/p>\n<p>Quinta do Vallado, costruita nel 1716, \u00e8 una delle fattorie pi\u00f9 antiche e famose della valle del Douro.<\/p>\n<p>Si trova sulle rive del fiume Corgo, un affluente del fiume Douro, proprio accanto alla sua foce, vicino alla citt\u00e0 di Peso da R\u00e9gua.<\/p>\n<p>Apparteneva alla famiglia della leggendaria Dona Ant\u00f3nia Adelaide Ferreira e fino ad oggi \u00e8 in possesso dei suoi discendenti.<\/p>","protected":false},"excerpt":{"rendered":"<div class=\"font-italic\">De cor opaca e viol\u00e1cea, tem um aroma muito concentrado e complexo, onde predominam os frutos pretos maduros (ameixa) com um toque terroso. T\u00eam um excelente volume de boca e \u00e9 muito guloso e redondo. Tem um final muito fresco e longo com sabor a frutos pretos.<\/div>\n<p>Uvas provenientes da Quinta do Orgal com vinifica\u00e7\u00e3o certificada em modo biol\u00f3gico. As uvas foram desega\u00e7adas e vinificadas em cubas de 10 toneladas de a\u00e7o inoxidavel com temperatura controlada e remontagem programada. Depois da fermenta\u00e7\u00e3o malol\u00e1tica, o vinho foi trasfegado para barricas usadas de 225 litros de carvalho Franc\u00eas, onde permaneceu durante cerca de 16 meses.<\/p>\n<p>100% Alicante Bouschet<\/p>","protected":false},"featured_media":21336,"template":"","meta":{"_exactmetrics_skip_tracking":false,"_exactmetrics_sitenote_active":false,"_exactmetrics_sitenote_note":"","_exactmetrics_sitenote_category":0,"_uf_show_specific_survey":0,"_uf_disable_surveys":false,"iawp_total_views":0},"product_brand":[],"product_cat":[215,184,157],"product_tag":[],"class_list":{"0":"post-21335","1":"product","2":"type-product","3":"status-publish","4":"has-post-thumbnail","6":"product_cat-douro","7":"product_cat-tinto","8":"product_cat-vinhos","10":"first","11":"instock","12":"shipping-taxable","13":"purchasable","14":"product-type-simple"},"_links":{"self":[{"href":"https:\/\/bracaravinum.pt\/it\/wp-json\/wp\/v2\/product\/21335","targetHints":{"allow":["GET"]}}],"collection":[{"href":"https:\/\/bracaravinum.pt\/it\/wp-json\/wp\/v2\/product"}],"about":[{"href":"https:\/\/bracaravinum.pt\/it\/wp-json\/wp\/v2\/types\/product"}],"wp:featuredmedia":[{"embeddable":true,"href":"https:\/\/bracaravinum.pt\/it\/wp-json\/wp\/v2\/media\/21336"}],"wp:attachment":[{"href":"https:\/\/bracaravinum.pt\/it\/wp-json\/wp\/v2\/media?parent=21335"}],"wp:term":[{"taxonomy":"product_brand","embeddable":true,"href":"https:\/\/bracaravinum.pt\/it\/wp-json\/wp\/v2\/product_brand?post=21335"},{"taxonomy":"product_cat","embeddable":true,"href":"https:\/\/bracaravinum.pt\/it\/wp-json\/wp\/v2\/product_cat?post=21335"},{"taxonomy":"product_tag","embeddable":true,"href":"https:\/\/bracaravinum.pt\/it\/wp-json\/wp\/v2\/product_tag?post=21335"}],"curies":[{"name":"wp","href":"https:\/\/api.w.org\/{rel}","templated":true}]}}