{"id":21149,"date":"2026-02-09T14:54:15","date_gmt":"2026-02-09T14:54:15","guid":{"rendered":"https:\/\/bracaravinum.pt\/?post_type=product&#038;p=21149"},"modified":"2026-02-09T14:56:43","modified_gmt":"2026-02-09T14:56:43","slug":"quinta-da-romaneira-malhadal-syrah-tinto-2020-75cl","status":"publish","type":"product","link":"https:\/\/bracaravinum.pt\/it\/produto\/quinta-da-romaneira-malhadal-syrah-tinto-2020-75cl\/","title":{"rendered":"Quinta da Romaneira Malhadal Syrah Tinto 2020 75cl"},"content":{"rendered":"<p><img fetchpriority=\"high\" decoding=\"async\" class=\"size-full wp-image-15052 aligncenter\" src=\"http:\/\/bracaravinum.pt\/wp-content\/uploads\/2022\/02\/romaneira-logo.png\" alt=\"\" width=\"290\" height=\"174\" \/><\/p>\n<p>SECOLO XVIII E XIX<br \/>\nNel 1757, all&#039;epoca della demarcazione pombalina, esistevano gi\u00e0 appezzamenti di vigneti e alcune delle Quintas che sarebbero diventate parte di Romaneira. Pertanto, il 1757 \u00e8 solo l&#039;anno della registrazione ufficiale della Quinta (effettuata durante le demarcazioni decise dal Marchese di Pombal), poich\u00e9 i vigneti sarebbero gi\u00e0 stati piantati qualche decennio prima.<br \/>\nPadre Vila\u00e7a Bacelar eredit\u00f2 le terre di Romaneira nel 1844 e non pass\u00f2 inosservato a Joseph James Forrester quando realizz\u00f2 la sua incisione di Rua Nova dos Ingleses (oggi Rua Infante D. Henrique). Il sacerdote \u00e8 tra le poche figure portoghesi residenti a Porto ad essere ritratte, ovviamente accompagnato da numerosi inglesi. \u00c8 interessante notare che dal 2011 Romaneira ha il suo ufficio commerciale in quella stessa strada nella citt\u00e0 di Porto.<br \/>\nRomaneira appare anche sulla famosa Mappa del Barone de Forrester, del 1843, sotto il nome di \u201cQuinta dos Reis\u201d. L&#039;abbondanza di Rosmaninho diede successivamente alla propriet\u00e0 il nome attuale.<\/p>\n<p>Ancora nel XIX secolo, Joaquim de Souza Guimar\u00e3es (le cui iniziali sono presenti in cima al cancello di una delle case della Quinta, con la data 1854) ebbe la gloria di aver prodotto i vini di Porto del 1861 e del 1863, che il famoso La casa d&#039;aste inglese \u201cChristie&#039;s\u201d fece un&#039;offerta nel 1872. Era una chiara indicazione del prestigio del marchio, considerando che si trattava del primo Porto \u201cSingle Quinta\u201d ad essere messo all&#039;asta l\u00ec.<br \/>\nDiversi sono i riferimenti alla propriet\u00e0 in opere di grandi autori dell&#039;Ottocento, come Henry Vizetelly, che si dedic\u00f2 allo studio del vino di Porto. Anche il visconte di Vila Maior classifica il vino Romaneira come \u201cuno dei migliori del Douro, notevole per la sua morbidezza, corpo e aroma\u201d. Lo stesso visconte ipotizz\u00f2 che il vitigno \u201cTempranillo\u201d fosse stato originariamente importato dalla Spagna e introdotto per la prima volta nel Douro in Romaneira, per poi essere soprannominato \u201cTinta Roriz\u201d nella regione.<\/p>\n<p>20 \u00b0 SECOLO<br \/>\nNel 1942, Arnaldo Dias Monteiro de Barrros acquist\u00f2 Romaneira, integrando diverse fattorie vicine che nel frattempo aveva acquisito, il che fece di Romaneira una propriet\u00e0 gigantesca (per gli standard del Douro).<\/p>\n<p>XXI SECOLO<br \/>\nNel 2004, Christian Seely (responsabile, dal 1993, del rilancio di un&#039;altra illustre propriet\u00e0 del Douro, Quinta do Noval) ha trasformato il suo sogno in realt\u00e0, riunendo un gruppo di investitori (per lo pi\u00f9 francesi) per consentire l&#039;acquisizione di Romaneira, una propriet\u00e0 con 412 ettari e pi\u00f9 di 3 chilometri di fronte fluviale.<a name=\"_Hlk480082601\"><\/a><br \/>\nAlla fine del 2012, Romaneira avr\u00e0 come socio Andr\u00e9 Esteves, un uomo d&#039;affari brasiliano, anch&#039;egli appassionato della regione del Douro. Con i due soci che condividono lo stesso sogno, la Quinta si sta consolidando nel girone d&#039;\u00e9lite del Douro. Quinta da Romaneira \u00e8 oggi, dopo pi\u00f9 di 260 anni di esistenza, al suo meglio. Molti degli appezzamenti vitati continuano a portare il nome delle antiche Quintas prefillosseriche che hanno dato origine alla propriet\u00e0 nella sua attuale estensione: Liceiras, Carrapata, Malhadal, Barca, Bairral e Pulga \u2013 la maggior parte dei quali classificati nella demarcazione Pombalina del 1757 come produttori di \u201cVinho de Feitoria\u201d (la pi\u00f9 alta qualit\u00e0 a quel tempo \u2013 con capacit\u00e0 di esportazione attraverso Feitoria Inglesa a Porto).<\/p>","protected":false},"excerpt":{"rendered":"<p>Fermentado em cubas de a\u00e7o inoxid\u00e1vel durante 7 dias onde depois \u00e9 feita a fermenta\u00e7\u00e3o malol\u00e1ctica.<\/p>\n<p>Este vinho estagiou durante 10 meses em barricas de carvalho franc\u00eas: 20% em madeira nova, 10% em barricas de um ano e o restante em barricas de dois anos. Esta combina\u00e7\u00e3o cria um perfil de sabor equilibrado e complexo, com subtis notas de carvalho.<\/p>\n<p>De cor violeta, este Syrah apresenta aromas muito intensos de morango, laranja e flores silvestres. Na boca, revela-se fresco, com taninos polidos, textura sedosa e um final marcante. O seu perfil arom\u00e1tico \u00e9 delicioso, com um excelente equil\u00edbrio estrutural e repleto de sabores intensos de frutas e especiarias que se fundem com os taninos aveludados, proporcionando uma sensa\u00e7\u00e3o de grande finesse. Esta combina\u00e7\u00e3o harmoniosa de frescura, riqueza frutada e taninos suaves cria uma experi\u00eancia gustativa elegante e envolvente, resultando num vinho de car\u00e1ter sofisticado e final prolongado.<\/p>\n<p>100% Petit Verdot.<\/p>","protected":false},"featured_media":21150,"template":"","meta":{"_exactmetrics_skip_tracking":false,"_exactmetrics_sitenote_active":false,"_exactmetrics_sitenote_note":"","_exactmetrics_sitenote_category":0,"_uf_show_specific_survey":0,"_uf_disable_surveys":false,"iawp_total_views":3},"product_brand":[],"product_cat":[215,184,157],"product_tag":[],"class_list":{"0":"post-21149","1":"product","2":"type-product","3":"status-publish","4":"has-post-thumbnail","6":"product_cat-douro","7":"product_cat-tinto","8":"product_cat-vinhos","10":"first","11":"instock","12":"shipping-taxable","13":"purchasable","14":"product-type-simple"},"_links":{"self":[{"href":"https:\/\/bracaravinum.pt\/it\/wp-json\/wp\/v2\/product\/21149","targetHints":{"allow":["GET"]}}],"collection":[{"href":"https:\/\/bracaravinum.pt\/it\/wp-json\/wp\/v2\/product"}],"about":[{"href":"https:\/\/bracaravinum.pt\/it\/wp-json\/wp\/v2\/types\/product"}],"wp:featuredmedia":[{"embeddable":true,"href":"https:\/\/bracaravinum.pt\/it\/wp-json\/wp\/v2\/media\/21150"}],"wp:attachment":[{"href":"https:\/\/bracaravinum.pt\/it\/wp-json\/wp\/v2\/media?parent=21149"}],"wp:term":[{"taxonomy":"product_brand","embeddable":true,"href":"https:\/\/bracaravinum.pt\/it\/wp-json\/wp\/v2\/product_brand?post=21149"},{"taxonomy":"product_cat","embeddable":true,"href":"https:\/\/bracaravinum.pt\/it\/wp-json\/wp\/v2\/product_cat?post=21149"},{"taxonomy":"product_tag","embeddable":true,"href":"https:\/\/bracaravinum.pt\/it\/wp-json\/wp\/v2\/product_tag?post=21149"}],"curies":[{"name":"wp","href":"https:\/\/api.w.org\/{rel}","templated":true}]}}