{"id":20905,"date":"2025-12-11T17:55:20","date_gmt":"2025-12-11T17:55:20","guid":{"rendered":"https:\/\/bracaravinum.pt\/?post_type=product&#038;p=20905"},"modified":"2026-02-04T11:48:35","modified_gmt":"2026-02-04T11:48:35","slug":"quinta-nova-unoaked-tinto-15l","status":"publish","type":"product","link":"https:\/\/bracaravinum.pt\/it\/produto\/quinta-nova-unoaked-tinto-15l\/","title":{"rendered":"Quinta Nova Unoaked Tinto 2022 1,5L"},"content":{"rendered":"<p><img decoding=\"async\" class=\"aligncenter\" src=\"https:\/\/www.quintanova.com\/images\/logo_simple.svg\" alt=\"Quinta Nova\" \/><\/p>\n<p>A Quinta Nova de Nossa Senhora do Carmo \u00e9 um local de extrema beleza, no cora\u00e7\u00e3o do Douro, e propriedade da fam\u00edlia Amorim desde 1999.<br \/>\nA liga\u00e7\u00e3o da fam\u00edlia ao vinho vem de longe, atrav\u00e9s da sua liga\u00e7\u00e3o \u00e0s casas exportadoras de Vila Nova de Gaia, por via do neg\u00f3cio da corti\u00e7a, mas nessa data esta liga\u00e7\u00e3o resultou na concretiza\u00e7\u00e3o de um sonho e o projecto est\u00e1 hoje nas m\u00e3os da 4\u00aa gera\u00e7\u00e3o da fam\u00edlia.<\/p>\n<p>Com uma hist\u00f3ria superior a 250 anos, a quinta exibe uma tra\u00e7a conservada e o edif\u00edcio original da adega de 1764, ap\u00f3s interven\u00e7\u00f5es a cargo do Arquitecto Arnaldo Barbosa. Mas a quinta \u00e9 muito anterior a 1764 e hist\u00f3ria confirma-a como uma grande terra pertencente \u00e0 Casa Real Portuguesa, tendo sido identificado o seu primeiro propriet\u00e1rio em 1725. A adega vinificava mais de 3.500 pipas de vinho, de parcelas e quintas vizinhas, tendo sido logo \u00abintegrada na primeira demarca\u00e7\u00e3o da regi\u00e3o\u00bb. Os locais hist\u00f3ricos que ainda hoje est\u00e3o preservados d\u00e3o a perceber todo este peso hist\u00f3rico.<\/p>\n<p>O esp\u00edrito empreendedor e vision\u00e1rio da fam\u00edlia fez entretanto a diferen\u00e7a pois, aliado a uma aposta apaixonada no futuro, determinaram o in\u00edcio de m\u00faltiplas altera\u00e7\u00f5es para um caminho de excel\u00eancia enol\u00f3gica.<\/p>","protected":false},"excerpt":{"rendered":"<p>\u00c9 um lote \u00fanico e sem madeira, das principais castas da Quinta Nova de Nossa Senhora do Carmo \u2014 Touriga Nacional, Touriga Franca, Tinta Roriz e Tinto C\u00e3o \u2014 um vinho de sabor aut\u00eantico e intenso que demonstra n\u00e3o precisar de barrica para ser sofisticado. No entanto, n\u00e3o \u00e9 apenas o paladar \u00fanico sentido num grande copo de vinho que nos interessa, \u00e9 tamb\u00e9m a sua cor rubi e o seu aroma jovem, exuberante e mineral, um magn\u00edfico equil\u00edbrio entre a fruta, a estrutura densa e o \u00e1lcool que provam que o Douro com car\u00e1ter cabe todo dentro de uma garrafa de vinho, com uma riqueza e volume fora de s\u00e9rie.<\/p>\n<p>Magnum\/1,5L inclui caixa de cart\u00e3o individual.<\/p>","protected":false},"featured_media":20906,"template":"","meta":{"_exactmetrics_skip_tracking":false,"_exactmetrics_sitenote_active":false,"_exactmetrics_sitenote_note":"","_exactmetrics_sitenote_category":0,"_uf_show_specific_survey":0,"_uf_disable_surveys":false,"iawp_total_views":7},"product_brand":[],"product_cat":[215,184,157],"product_tag":[],"class_list":{"0":"post-20905","1":"product","2":"type-product","3":"status-publish","4":"has-post-thumbnail","6":"product_cat-douro","7":"product_cat-tinto","8":"product_cat-vinhos","10":"first","11":"instock","12":"shipping-taxable","13":"purchasable","14":"product-type-simple"},"_links":{"self":[{"href":"https:\/\/bracaravinum.pt\/it\/wp-json\/wp\/v2\/product\/20905","targetHints":{"allow":["GET"]}}],"collection":[{"href":"https:\/\/bracaravinum.pt\/it\/wp-json\/wp\/v2\/product"}],"about":[{"href":"https:\/\/bracaravinum.pt\/it\/wp-json\/wp\/v2\/types\/product"}],"wp:featuredmedia":[{"embeddable":true,"href":"https:\/\/bracaravinum.pt\/it\/wp-json\/wp\/v2\/media\/20906"}],"wp:attachment":[{"href":"https:\/\/bracaravinum.pt\/it\/wp-json\/wp\/v2\/media?parent=20905"}],"wp:term":[{"taxonomy":"product_brand","embeddable":true,"href":"https:\/\/bracaravinum.pt\/it\/wp-json\/wp\/v2\/product_brand?post=20905"},{"taxonomy":"product_cat","embeddable":true,"href":"https:\/\/bracaravinum.pt\/it\/wp-json\/wp\/v2\/product_cat?post=20905"},{"taxonomy":"product_tag","embeddable":true,"href":"https:\/\/bracaravinum.pt\/it\/wp-json\/wp\/v2\/product_tag?post=20905"}],"curies":[{"name":"wp","href":"https:\/\/api.w.org\/{rel}","templated":true}]}}