{"id":20779,"date":"2025-11-24T16:41:37","date_gmt":"2025-11-24T16:41:37","guid":{"rendered":"https:\/\/bracaravinum.pt\/?post_type=product&#038;p=20779"},"modified":"2025-12-07T10:28:14","modified_gmt":"2025-12-07T10:28:15","slug":"oboe-superior-tinto-75cl","status":"publish","type":"product","link":"https:\/\/bracaravinum.pt\/it\/prodotto\/oboe-superior-tinto-75cl\/","title":{"rendered":"Obo\u00e9 Superior Tinto 2023 75cl"},"content":{"rendered":"<p><img decoding=\"async\" class=\"aligncenter\" src=\"https:\/\/oboewines.com\/wp-content\/uploads\/2025\/04\/Logo-CVD-Vinhos-Oboe-Wines-Cor-de-Fundo.png\" alt=\"Ob\u00f3e Wines | Vinhos do Douro - Eleg\u00e2ncia e Tradi\u00e7\u00e3o\" \/><\/p>\n<p>Na origem da Obo\u00e9 Wines est\u00e1 um compromisso profundo com o territ\u00f3rio, a tradi\u00e7\u00e3o e a excel\u00eancia. A nossa hist\u00f3ria \u00e9 feita de dedica\u00e7\u00e3o \u00e0 terra duriense e de uma vis\u00e3o clara: elevar o vinho portugu\u00eas atrav\u00e9s de um portef\u00f3lio que respeita a autenticidade do terroir e honra as castas nacionais.<\/p>\n<p>A Obo\u00e9 Wines nasce com o prop\u00f3sito de valorizar o Douro enquanto patrim\u00f3nio vitivin\u00edcola \u00fanico no mundo. O projeto assenta na sele\u00e7\u00e3o rigorosa de uvas, na vinifica\u00e7\u00e3o de precis\u00e3o e no respeito por m\u00e9todos de produ\u00e7\u00e3o enraizados na tradi\u00e7\u00e3o.<\/p>","protected":false},"excerpt":{"rendered":"<p>Obo\u00e9 Superior \u00e9 um vinho tinto, produzido a partir de uvas vermelhas aut\u00f3ctones da regi\u00e3o do Douro, Touriga Nacional, Tinta Roriz, Touriga Franca e Tinta Barroca. Ap\u00f3s uma longa macera\u00e7\u00e3o de 14 dias, o vinho foi fermentado em tanques de a\u00e7o inoxid\u00e1vel a temperaturas controladas. Em seguida, o vinho foi transferido para barris de carvalho franc\u00eas usados de 2 anos, onde permaneceu por 8 meses antes de ser engarrafado. Obo\u00e9 Superior \u00e9 um vinho tinto estruturado e redondo da regi\u00e3o do Douro, marcado pela sua eleg\u00e2ncia estrutural, muita fruta no seu n\u00facleo e taninos suaves, moldados por notas subtis de boa madeira ao lado de uma deliciosa frescura e grande acidez.<\/p>","protected":false},"featured_media":20780,"template":"","meta":{"_exactmetrics_skip_tracking":false,"_exactmetrics_sitenote_active":false,"_exactmetrics_sitenote_note":"","_exactmetrics_sitenote_category":0,"_uf_show_specific_survey":0,"_uf_disable_surveys":false,"iawp_total_views":9},"product_brand":[],"product_cat":[215,184,157],"product_tag":[],"class_list":{"0":"post-20779","1":"product","2":"type-product","3":"status-publish","4":"has-post-thumbnail","6":"product_cat-douro","7":"product_cat-tinto","8":"product_cat-vinhos","10":"first","11":"instock","12":"shipping-taxable","13":"purchasable","14":"product-type-simple"},"_links":{"self":[{"href":"https:\/\/bracaravinum.pt\/it\/wp-json\/wp\/v2\/product\/20779","targetHints":{"allow":["GET"]}}],"collection":[{"href":"https:\/\/bracaravinum.pt\/it\/wp-json\/wp\/v2\/product"}],"about":[{"href":"https:\/\/bracaravinum.pt\/it\/wp-json\/wp\/v2\/types\/product"}],"wp:featuredmedia":[{"embeddable":true,"href":"https:\/\/bracaravinum.pt\/it\/wp-json\/wp\/v2\/media\/20780"}],"wp:attachment":[{"href":"https:\/\/bracaravinum.pt\/it\/wp-json\/wp\/v2\/media?parent=20779"}],"wp:term":[{"taxonomy":"product_brand","embeddable":true,"href":"https:\/\/bracaravinum.pt\/it\/wp-json\/wp\/v2\/product_brand?post=20779"},{"taxonomy":"product_cat","embeddable":true,"href":"https:\/\/bracaravinum.pt\/it\/wp-json\/wp\/v2\/product_cat?post=20779"},{"taxonomy":"product_tag","embeddable":true,"href":"https:\/\/bracaravinum.pt\/it\/wp-json\/wp\/v2\/product_tag?post=20779"}],"curies":[{"name":"wp","href":"https:\/\/api.w.org\/{rel}","templated":true}]}}