{"id":20364,"date":"2025-10-22T15:06:26","date_gmt":"2025-10-22T15:06:26","guid":{"rendered":"https:\/\/bracaravinum.pt\/?post_type=product&#038;p=20364"},"modified":"2025-11-07T18:35:01","modified_gmt":"2025-11-07T18:35:01","slug":"cortes-do-reguengo-vinha-das-chas-branco15l","status":"publish","type":"product","link":"https:\/\/bracaravinum.pt\/it\/prodotto\/cortes-do-reguengo-vinha-das-chas-branco15l\/","title":{"rendered":"Cortes do Reguengo Vinha das Ch\u00e3s Branco 2023 1,5L"},"content":{"rendered":"<p><img fetchpriority=\"high\" decoding=\"async\" class=\"size-full wp-image-17211 aligncenter\" src=\"http:\/\/bracaravinum.pt\/wp-content\/uploads\/2023\/01\/logo-quinta-reguengo.png\" alt=\"\" width=\"300\" height=\"226\" srcset=\"https:\/\/bracaravinum.pt\/wp-content\/uploads\/2023\/01\/logo-quinta-reguengo.png 300w, https:\/\/bracaravinum.pt\/wp-content\/uploads\/2023\/01\/logo-quinta-reguengo-16x12.png 16w\" sizes=\"(max-width: 300px) 100vw, 300px\" \/><\/p>\n<p>&nbsp;<\/p>\n<p>Fu dal fiume Douro, durante una gita in barca, che il patriarca della Famiglia Cardoso vide per la prima volta la propriet\u00e0 che avrebbe finito per considerare sua: Quinta do Reguengo, a Pocinho (Vila Nova de Foz C\u00f4a).<br \/>\nSe la bellezza della Regione Patrimonio dell&#039;Umanit\u00e0 ha incantato la Famiglia, sono stati il desiderio e la visione di creare vini eccellenti a spingerli a restare, dal 2018, per dare nuova vita al \u201creguengo\u201d che un tempo apparteneva alla regina D. Am\u00e9lia.<br \/>\nLa riabilitazione della cantina e dei mulini, cos\u00ec come la ristrutturazione del vigneto, si stanno gi\u00e0 concretizzando in nuove referenze di vino che onorano la storia e il profilo della regione.<\/p>\n<p>Situata nella sottoregione del Douro Superiore, Quinta do Reguengo si trova sulla faglia tettonica di Vilari\u00e7a, dove terreni argillo-scistosi con affioramenti granitici si combinano con un microclima unico, che si affida ai venti caldi e umidi della valle del fiume e ai venti pi\u00f9 freschi in Spagna.<br \/>\nQuesto eccezionale ecosistema naturale per la produzione di vini complessi ed equilibrati beneficia anche di una grande diversit\u00e0 di altitudini (fino a 300 metri), esposizione al sole e vitigni.<\/p>\n<p>I 200 ettari di propriet\u00e0 del produttore si estendono su due localit\u00e0 che si fondono sotto il vessillo di Quinta do Reguengo: la Quinta stessa, circondata dal fiume Douro, e anche Vale da Pia, propriet\u00e0 di maggiore altitudine ed estensione, dove \u00e8 stato complesso sono stati eseguiti lavori di restauro e rinnovamento del vigneto.<br \/>\nUna dozzina di vitigni \u2013 tra cui Touriga Nacional e Touriga Francesa, Tinta Roriz, Gouveio o Viosinho \u2013 trovano nelle due propriet\u00e0 luoghi ideali per raggiungere la loro massima espressione.<\/p>","protected":false},"excerpt":{"rendered":"<p>O Cortes do Reguengo Vinha das Ch\u00e3s Branco 2023 1.5L \u00e9 um tributo \u00e0 casta Rabigato e \u00e0 altitude \u00fanica do Douro Superior. Proveniente de uma parcela a 600\u202fm, esta garrafa Magnum revela a frescura caracter\u00edstica das vinhas de grande altitude e o car\u00e1cter mineral dos solos xistosos.<\/p>\n<p>A vindima manual de 2023 precede uma vinifica\u00e7\u00e3o de precis\u00e3o: o mosto fermenta em ovo de cimento e a\u00ed estagia durante 9 meses, processo que preserva a pureza arom\u00e1tica e adiciona uma textura cremosa sem recorrer a madeira. Este m\u00e9todo ancestral real\u00e7a a acidez natural e a mineralidade, resultando num perfil elegante e vibrante.<\/p>\n<p>No copo, ostenta um amarelo citrino l\u00edmpido, e no nariz sobressaem notas de fruta branca (ma\u00e7\u00e3 verde e p\u00eara), toques florais e um tra\u00e7o subtil de citrinos. Em boca, a acidez viva (aprox. 12\u202f% vol.) sustenta um paladar fresco, pontuado por nuances de lima e pedra molhada, culminando num final longo e salino.<\/p>\n<p>Ideal para partilhar em ocasi\u00f5es descontra\u00eddas, este Vinha das Ch\u00e3s Branco 2023 1.5L destaca-se como aperitivo ou acompanhando pratos de marisco, peixe grelhado, saladas elaboradas e cozinha asi\u00e1tica leve. A garrafa de 1.5\u202fL \u00e9 perfeita para jantares em grupo, garantindo que todos desfrutem da mesma frescura e consist\u00eancia.<\/p>\n<p>Produzido pela Fam\u00edlia Cardoso, este Douro DOC reflete a dedica\u00e7\u00e3o e a liga\u00e7\u00e3o profunda ao territ\u00f3rio. Sirva a 10\u201312\u202f\u00b0C para revelar toda a sua complexidade. Um branco Magnum que convida \u00e0 partilha e celebra\u00e7\u00e3o do melhor que o Douro tem para oferecer.<\/p>","protected":false},"featured_media":20365,"template":"","meta":{"_exactmetrics_skip_tracking":false,"_exactmetrics_sitenote_active":false,"_exactmetrics_sitenote_note":"","_exactmetrics_sitenote_category":0,"_uf_show_specific_survey":0,"_uf_disable_surveys":false,"iawp_total_views":12},"product_brand":[],"product_cat":[185,216,258,188,157],"product_tag":[],"class_list":{"0":"post-20364","1":"product","2":"type-product","3":"status-publish","4":"has-post-thumbnail","6":"product_cat-branco","7":"product_cat-conjuntos","8":"product_cat-conjuntos-de-oferta","9":"product_cat-douro-branco","10":"product_cat-vinhos","12":"first","13":"instock","14":"shipping-taxable","15":"purchasable","16":"product-type-simple"},"_links":{"self":[{"href":"https:\/\/bracaravinum.pt\/it\/wp-json\/wp\/v2\/product\/20364","targetHints":{"allow":["GET"]}}],"collection":[{"href":"https:\/\/bracaravinum.pt\/it\/wp-json\/wp\/v2\/product"}],"about":[{"href":"https:\/\/bracaravinum.pt\/it\/wp-json\/wp\/v2\/types\/product"}],"wp:featuredmedia":[{"embeddable":true,"href":"https:\/\/bracaravinum.pt\/it\/wp-json\/wp\/v2\/media\/20365"}],"wp:attachment":[{"href":"https:\/\/bracaravinum.pt\/it\/wp-json\/wp\/v2\/media?parent=20364"}],"wp:term":[{"taxonomy":"product_brand","embeddable":true,"href":"https:\/\/bracaravinum.pt\/it\/wp-json\/wp\/v2\/product_brand?post=20364"},{"taxonomy":"product_cat","embeddable":true,"href":"https:\/\/bracaravinum.pt\/it\/wp-json\/wp\/v2\/product_cat?post=20364"},{"taxonomy":"product_tag","embeddable":true,"href":"https:\/\/bracaravinum.pt\/it\/wp-json\/wp\/v2\/product_tag?post=20364"}],"curies":[{"name":"wp","href":"https:\/\/api.w.org\/{rel}","templated":true}]}}