{"id":20358,"date":"2025-10-22T13:59:41","date_gmt":"2025-10-22T13:59:41","guid":{"rendered":"https:\/\/bracaravinum.pt\/?post_type=product&#038;p=20358"},"modified":"2025-10-22T14:02:56","modified_gmt":"2025-10-22T14:02:56","slug":"paco-dos-infantes-antao-vaz-2023-75cl","status":"publish","type":"product","link":"https:\/\/bracaravinum.pt\/it\/produto\/paco-dos-infantes-antao-vaz-2023-75cl\/","title":{"rendered":"Pa\u00e7o dos Infantes Ant\u00e3o Vaz 2023 75cl"},"content":{"rendered":"<p><img fetchpriority=\"high\" decoding=\"async\" class=\"size-medium wp-image-17191 aligncenter\" src=\"http:\/\/bracaravinum.pt\/wp-content\/uploads\/2023\/01\/logo-familiacardoso-300x167.png\" alt=\"\" width=\"300\" height=\"167\" srcset=\"https:\/\/bracaravinum.pt\/wp-content\/uploads\/2023\/01\/logo-familiacardoso-300x167.png 300w, https:\/\/bracaravinum.pt\/wp-content\/uploads\/2023\/01\/logo-familiacardoso-1024x570.png 1024w, https:\/\/bracaravinum.pt\/wp-content\/uploads\/2023\/01\/logo-familiacardoso-768x428.png 768w, https:\/\/bracaravinum.pt\/wp-content\/uploads\/2023\/01\/logo-familiacardoso-18x10.png 18w, https:\/\/bracaravinum.pt\/wp-content\/uploads\/2023\/01\/logo-familiacardoso-600x334.png 600w, https:\/\/bracaravinum.pt\/wp-content\/uploads\/2023\/01\/logo-familiacardoso.png 1514w\" sizes=\"(max-width: 300px) 100vw, 300px\" \/><\/p>\n<p>&nbsp;<\/p>\n<p>Tra vigneti e uliveti che ti fanno sembrare perso all&#039;orizzonte, appare Herdade da Lisboa.<br \/>\nDal 2011 \u00e8 la sede della Famiglia Cardoso a Vidigueira, nella sottoregione del Baixo Alentejo. Un luogo dove la modernit\u00e0 dell&#039;azienda vinicola incontra la tradizione delle cantine dell&#039;Alentejo e dove la diversit\u00e0 della viticoltura si aggiunge all&#039;evoluzione permanente dell&#039;enologia.<\/p>\n<p>\u00c8 nelle caratteristiche privilegiate del territorio che comincia ad emergere tutto il potenziale della regione di cui Herdade a Lisboa fa parte.<br \/>\nLa Serra do Mendro, situata a nord di Vidigueira, crea una barriera naturale che favorisce la ritenzione dei venti freschi provenienti dall&#039;Oceano Atlantico, causando maggiori precipitazioni e grandi variazioni termiche. Mattinate e sere fredde e giornate calde favoriscono una maturazione equilibrata delle uve, preservandone la freschezza e la naturale acidit\u00e0. I dolci pendii e le elevazioni del paesaggio, cos\u00ec come i terreni argillo-scistosi, conferiscono mineralit\u00e0, freschezza e diversit\u00e0 ai vini Herdade da Lisboa.<\/p>\n<p>I circa 100 ettari di vigneti di Herdade da Lisboa esprimono la diversit\u00e0 della propriet\u00e0, attraverso un compromesso tra vitigni tipici dell&#039;Alentejo e variet\u00e0 internazionali, tra cui sette variet\u00e0 di uve bianche e otto rosse.<br \/>\nIl vigneto esprime anche il profondo rispetto del produttore per la natura, integrando diverse pratiche sostenibili, che consentono di ottimizzare il consumo di risorse essenziali, come acqua ed energia. Prati naturali, taglio meccanico delle erbacce per evitare l&#039;uso di erbicidi, monitoraggio attento dei parassiti, utilizzo di pannelli solari, una stazione meteorologica dedicata e sonde per misurare l&#039;umidit\u00e0 e la temperatura del suolo sono alcune delle tecniche e delle attrezzature utilizzate.<\/p>","protected":false},"excerpt":{"rendered":"<p data-css=\"tve-u-606dd7e9353ef0\"><span data-css=\"tve-u-606dd7e9353f15\">O Pa\u00e7o dos Infantes branco \u00e9 produzido a partir das melhores uvas da casta Ant\u00e3o Vaz, da Herdade da Lisboa. Arrefecidas em c\u00e2mara frigor\u00edfica durante 24 horas a 10\u00baC, ap\u00f3s sele\u00e7\u00e3o manual em mesa de triagem vibrat\u00f3ria, seguida de desengace e esmagamento, as uvas s\u00e3o submetidas a prensagem a v\u00e1cuo e decanta\u00e7\u00e3o a frio durante 48 horas. A fermenta\u00e7\u00e3o ocorre em dep\u00f3sitos de inox com temperatura controlada. \u00a0Aroma intenso a fruta, citrino e fresco. Na boca apresenta ligeira sugest\u00e3o mineral, harmonia e um bom equil\u00edbrio de acidez.<\/span><\/p>\n<p data-css=\"tve-u-178ad18a9ba\">Acompanha muito bem pratos de peixe, marisco, carnes brancas e asi\u00e1ticos.<\/p>","protected":false},"featured_media":20359,"template":"","meta":{"_exactmetrics_skip_tracking":false,"_exactmetrics_sitenote_active":false,"_exactmetrics_sitenote_note":"","_exactmetrics_sitenote_category":0,"_uf_show_specific_survey":0,"_uf_disable_surveys":false,"iawp_total_views":5},"product_brand":[],"product_cat":[189,185,157],"product_tag":[],"class_list":{"0":"post-20358","1":"product","2":"type-product","3":"status-publish","4":"has-post-thumbnail","6":"product_cat-alentejo-branco","7":"product_cat-branco","8":"product_cat-vinhos","10":"first","11":"instock","12":"shipping-taxable","13":"purchasable","14":"product-type-simple"},"_links":{"self":[{"href":"https:\/\/bracaravinum.pt\/it\/wp-json\/wp\/v2\/product\/20358","targetHints":{"allow":["GET"]}}],"collection":[{"href":"https:\/\/bracaravinum.pt\/it\/wp-json\/wp\/v2\/product"}],"about":[{"href":"https:\/\/bracaravinum.pt\/it\/wp-json\/wp\/v2\/types\/product"}],"wp:featuredmedia":[{"embeddable":true,"href":"https:\/\/bracaravinum.pt\/it\/wp-json\/wp\/v2\/media\/20359"}],"wp:attachment":[{"href":"https:\/\/bracaravinum.pt\/it\/wp-json\/wp\/v2\/media?parent=20358"}],"wp:term":[{"taxonomy":"product_brand","embeddable":true,"href":"https:\/\/bracaravinum.pt\/it\/wp-json\/wp\/v2\/product_brand?post=20358"},{"taxonomy":"product_cat","embeddable":true,"href":"https:\/\/bracaravinum.pt\/it\/wp-json\/wp\/v2\/product_cat?post=20358"},{"taxonomy":"product_tag","embeddable":true,"href":"https:\/\/bracaravinum.pt\/it\/wp-json\/wp\/v2\/product_tag?post=20358"}],"curies":[{"name":"wp","href":"https:\/\/api.w.org\/{rel}","templated":true}]}}