{"id":20220,"date":"2025-10-08T09:46:03","date_gmt":"2025-10-08T09:46:03","guid":{"rendered":"https:\/\/bracaravinum.pt\/?post_type=product&#038;p=20220"},"modified":"2025-10-11T10:25:41","modified_gmt":"2025-10-11T10:25:41","slug":"hotle-reserva-tinto-2023","status":"publish","type":"product","link":"https:\/\/bracaravinum.pt\/it\/prodotto\/hotle-reserva-tinto-2023\/","title":{"rendered":"Hotle Reserva Tinto 2023 75cl"},"content":{"rendered":"<p>&nbsp;<\/p>\n<p class=\"p1\">A Quinta do Hotle \u00e9 uma pequena explora\u00e7\u00e3o agr\u00edcola familiar com sede na Vila de Mur\u00e7a, Tr\u00e1s-Os-Montes e Regi\u00e3o Demarcada do Douro. \u00c9 conhecida pela tradi\u00e7\u00e3o na produ\u00e7\u00e3o de vinhos e azeites de qualidade superior.<\/p>\n<p class=\"p1\">Dedica-se \u00e0 cultura da vinha e do olival para produ\u00e7\u00e3o de vinhos Doc.\u00a0 Douro, com a marca \u201cHOTLE\u201d, e Azeite Virgem Extra, com a marca \u201cSERRA DE MUR\u00c7A\u201d.<br \/>\nA sua aposta \u00e9 produzir, transformar e valorizar a uva e a azeitona, respeitando o meio ambiente, atrav\u00e9s de pr\u00e1ticas agr\u00edcolas sustent\u00e1veis. As suas parcelas de vinha totalizam cerca de 5 hectares, est\u00e3o localizadas na periferia da Vila de Mur\u00e7a, com uma altitude a variar entre os 450 e os 500 metros, plantadas em solos de xisto.<\/p>\n<p class=\"p1\">Para os Vinhos Tintos, a aposta atual \u00e9 nas castas Touriga Nacional, Touriga Franca, Tinta Roriz e Tinta Amarela.<\/p>\n<p class=\"p1\">Para os Vinhos Brancos, utilizam as castas Gouveia Branco, Verdelho, Viosinho, Rabigato, Folgas\u00e3o e Arinto.<\/p>","protected":false},"excerpt":{"rendered":"<p>&nbsp; A Quinta do Hotle \u00e9 uma pequena explora\u00e7\u00e3o agr\u00edcola familiar com sede na Vila de Mur\u00e7a, Tr\u00e1s-Os-Montes e Regi\u00e3o Demarcada do Douro. \u00c9 conhecida pela tradi\u00e7\u00e3o na produ\u00e7\u00e3o de vinhos e azeites de qualidade superior. Dedica-se \u00e0 cultura da vinha e do olival para produ\u00e7\u00e3o de vinhos Doc.\u00a0 Douro, com a marca \u201cHOTLE\u201d, e [&hellip;]<\/p>","protected":false},"featured_media":20221,"template":"","meta":{"_exactmetrics_skip_tracking":false,"_exactmetrics_sitenote_active":false,"_exactmetrics_sitenote_note":"","_exactmetrics_sitenote_category":0,"_uf_show_specific_survey":0,"_uf_disable_surveys":false,"iawp_total_views":3},"product_brand":[],"product_cat":[215,184,157],"product_tag":[],"class_list":{"0":"post-20220","1":"product","2":"type-product","3":"status-publish","4":"has-post-thumbnail","6":"product_cat-douro","7":"product_cat-tinto","8":"product_cat-vinhos","10":"first","11":"instock","12":"shipping-taxable","13":"purchasable","14":"product-type-simple"},"_links":{"self":[{"href":"https:\/\/bracaravinum.pt\/it\/wp-json\/wp\/v2\/product\/20220","targetHints":{"allow":["GET"]}}],"collection":[{"href":"https:\/\/bracaravinum.pt\/it\/wp-json\/wp\/v2\/product"}],"about":[{"href":"https:\/\/bracaravinum.pt\/it\/wp-json\/wp\/v2\/types\/product"}],"wp:featuredmedia":[{"embeddable":true,"href":"https:\/\/bracaravinum.pt\/it\/wp-json\/wp\/v2\/media\/20221"}],"wp:attachment":[{"href":"https:\/\/bracaravinum.pt\/it\/wp-json\/wp\/v2\/media?parent=20220"}],"wp:term":[{"taxonomy":"product_brand","embeddable":true,"href":"https:\/\/bracaravinum.pt\/it\/wp-json\/wp\/v2\/product_brand?post=20220"},{"taxonomy":"product_cat","embeddable":true,"href":"https:\/\/bracaravinum.pt\/it\/wp-json\/wp\/v2\/product_cat?post=20220"},{"taxonomy":"product_tag","embeddable":true,"href":"https:\/\/bracaravinum.pt\/it\/wp-json\/wp\/v2\/product_tag?post=20220"}],"curies":[{"name":"wp","href":"https:\/\/api.w.org\/{rel}","templated":true}]}}