{"id":20043,"date":"2025-07-19T09:22:43","date_gmt":"2025-07-19T09:22:43","guid":{"rendered":"https:\/\/bracaravinum.pt\/?post_type=product&#038;p=20043"},"modified":"2025-10-07T11:23:54","modified_gmt":"2025-10-07T11:23:54","slug":"cupae-17o-tinto-2020-75cl-cx-3-garrafas","status":"publish","type":"product","link":"https:\/\/bracaravinum.pt\/it\/produto\/cupae-17o-tinto-2020-75cl-cx-3-garrafas\/","title":{"rendered":"Cupae 17\u00ba Tinto 2020 75cl Pack 3 Garrafas"},"content":{"rendered":"<div class=\"x11i5rnm xat24cr x1mh8g0r x1vvkbs xtlvy1s x126k92a\">\n<div dir=\"auto\"><img fetchpriority=\"high\" decoding=\"async\" class=\"size-full wp-image-18757 aligncenter\" src=\"http:\/\/bracaravinum.pt\/wp-content\/uploads\/2024\/02\/cupae.png\" alt=\"\" width=\"244\" height=\"276\" srcset=\"https:\/\/bracaravinum.pt\/wp-content\/uploads\/2024\/02\/cupae.png 244w, https:\/\/bracaravinum.pt\/wp-content\/uploads\/2024\/02\/cupae-11x12.png 11w\" sizes=\"(max-width: 244px) 100vw, 244px\" \/><\/div>\n<div dir=\"auto\">Trev\u00f5es \u00e8 una parrocchia del comune di S. Jo\u00e3o da Pesqueira, distretto di Viseu, facente parte della Regione delimitata del Douro.<\/div>\n<\/div>\n<div class=\"x11i5rnm xat24cr x1mh8g0r x1vvkbs xtlvy1s x126k92a\">\n<div dir=\"auto\">Con una superficie di oltre 18 km2, \u00e8 costituito da un altopiano (dove predomina l&#039;agricoltura diversificata), una zona montuosa (dove predomina un ecosistema forestale) e una zona di scarpate montuose, dove si trovano i tipici terrazzamenti del Douro sono visibili.<\/div>\n<\/div>\n<div class=\"x11i5rnm xat24cr x1mh8g0r x1vvkbs xtlvy1s x126k92a\">\n<div dir=\"auto\">L&#039;attivit\u00e0 dominante e principale fonte di reddito per gli abitanti \u00e8 l&#039;agricoltura, essendo molto ricca di frutta, olio d&#039;oliva, vino e prodotti agricoli oltre al legname come pino ed eucalipto. Nonostante la sua importanza, la popolazione oggi tende a dedicarsi ad altre attivit\u00e0 come bar, ristoranti, officine di riparazione, autotrasporto, fabbro, edilizia civile, tra le altre.<\/div>\n<\/div>\n<div class=\"x11i5rnm xat24cr x1mh8g0r x1vvkbs xtlvy1s x126k92a\">\n<div dir=\"auto\">Facendo parte della Regione Demarcata del Douro, il Comune di S. Jo\u00e3o da Pesqueira \u00e8 quello con la pi\u00f9 vasta area classificata come Patrimonio dell&#039;Umanit\u00e0, riconosciuto per la sua antichit\u00e0, i suoi terrazzamenti e l&#039;incrocio di culture. \u00c8 questa combinazione di fattori che lo rendono l&#039;ex libris della regione del Douro.<\/div>\n<\/div>\n<div class=\"x11i5rnm xat24cr x1mh8g0r x1vvkbs xtlvy1s x126k92a\">\n<div dir=\"auto\">Oltre alla vigna (e al vino), che qui ha rafforzato la sua presenza attraverso la conversione di altre colture che vi hanno ceduto (cereali, ulivi, fichi e mandorli), il comune \u00e8 anche produttore di carne, frutta e prodotti del bosco, con silvicoltura in evidenza nella zona meridionale (pi\u00f9 fredda).<\/div>\n<\/div>\n<div class=\"x11i5rnm xat24cr x1mh8g0r x1vvkbs xtlvy1s x126k92a\">\n<div dir=\"auto\">Pertanto, il Comune ha un clima prevalentemente continentale con inverni molto freddi ed estati molto calde, un forte vincolo sulle colture. Poich\u00e9 non c&#039;era pi\u00f9 terra, le ripide scogliere (tipicamente dell&#039;Alto Douro), con poco humus, beneficiarono dell&#039;ingegno e della mano dell&#039;uomo, che favor\u00ec la costruzione dei mirabili terrazzi che salgono dal grande Rio alle cime azzurre delle montagne , e che non lasciano indifferente chi passa.<\/div>\n<\/div>","protected":false},"excerpt":{"rendered":"<div class=\"x11i5rnm xat24cr x1mh8g0r x1vvkbs xtlvy1s x126k92a\">\n<div dir=\"auto\">Na hist\u00f3rica vila de Trev\u00f5es foi descoberto um exemplar de uma cupa talhada em granito. No tempo dos Romanos o termo cupa era utilizado para descrever vasilhas de armazenamento de vinhos, com o passar do tempo o termo cupa deu origem \u00e0 palavra cuba.<\/div>\n<\/div>\n<div class=\"x11i5rnm xat24cr x1mh8g0r x1vvkbs xtlvy1s x126k92a\">\n<div dir=\"auto\">Esta pe\u00e7a arqueol\u00f3gica est\u00e1 em exposi\u00e7\u00e3o no museu da vila de Trev\u00f5es.<\/div>\n<\/div>\n<div class=\"x11i5rnm xat24cr x1mh8g0r x1vvkbs xtlvy1s x126k92a\">\n<div dir=\"auto\">Os vinhos da marca CUPAE est\u00e3o assim associados \u00e0 hist\u00f3ria milenar da cultura da vinha e do vinho desta regi\u00e3o localizada no cora\u00e7\u00e3o do Douro vinhateiro, patrim\u00f3nio da humanidade.<\/div>\n<\/div>","protected":false},"featured_media":20044,"template":"","meta":{"_exactmetrics_skip_tracking":false,"_exactmetrics_sitenote_active":false,"_exactmetrics_sitenote_note":"","_exactmetrics_sitenote_category":0,"_uf_show_specific_survey":0,"_uf_disable_surveys":false,"iawp_total_views":54},"product_brand":[],"product_cat":[216,258,215,184,157],"product_tag":[],"class_list":{"0":"post-20043","1":"product","2":"type-product","3":"status-publish","4":"has-post-thumbnail","6":"product_cat-conjuntos","7":"product_cat-conjuntos-de-oferta","8":"product_cat-douro","9":"product_cat-tinto","10":"product_cat-vinhos","12":"first","13":"instock","14":"shipping-taxable","15":"purchasable","16":"product-type-simple"},"_links":{"self":[{"href":"https:\/\/bracaravinum.pt\/it\/wp-json\/wp\/v2\/product\/20043","targetHints":{"allow":["GET"]}}],"collection":[{"href":"https:\/\/bracaravinum.pt\/it\/wp-json\/wp\/v2\/product"}],"about":[{"href":"https:\/\/bracaravinum.pt\/it\/wp-json\/wp\/v2\/types\/product"}],"wp:featuredmedia":[{"embeddable":true,"href":"https:\/\/bracaravinum.pt\/it\/wp-json\/wp\/v2\/media\/20044"}],"wp:attachment":[{"href":"https:\/\/bracaravinum.pt\/it\/wp-json\/wp\/v2\/media?parent=20043"}],"wp:term":[{"taxonomy":"product_brand","embeddable":true,"href":"https:\/\/bracaravinum.pt\/it\/wp-json\/wp\/v2\/product_brand?post=20043"},{"taxonomy":"product_cat","embeddable":true,"href":"https:\/\/bracaravinum.pt\/it\/wp-json\/wp\/v2\/product_cat?post=20043"},{"taxonomy":"product_tag","embeddable":true,"href":"https:\/\/bracaravinum.pt\/it\/wp-json\/wp\/v2\/product_tag?post=20043"}],"curies":[{"name":"wp","href":"https:\/\/api.w.org\/{rel}","templated":true}]}}