{"id":19674,"date":"2025-01-12T11:29:01","date_gmt":"2025-01-12T11:29:01","guid":{"rendered":"https:\/\/bracaravinum.pt\/?post_type=product&#038;p=19674"},"modified":"2025-01-12T11:31:54","modified_gmt":"2025-01-12T11:31:54","slug":"dom-bella-pinot-noir-tinto-2013-75cl","status":"publish","type":"product","link":"https:\/\/bracaravinum.pt\/it\/prodotto\/dom-bella-pinot-noir-tinto-2013-75cl\/","title":{"rendered":"Dom Bella Pinot Noir Tinto 2013 75cl"},"content":{"rendered":"<div class=\"headline\">QUINTA DE BELLA combina condizioni naturali uniche e una viticoltura tradizionale e sostenibile per produrre vini T\u00e9rroir dal carattere unico.<\/div>\n<div class=\"information\">\n<div class=\"main\">\n<p>Inserita nella storica Regione del D\u00e3o, nel villaggio di Prime, parrocchia di Fragosela, confinante con la citt\u00e0 di Viseu, \u00e8 un&#039;estesa propriet\u00e0 di circa 70 ettari che si sviluppa dalla riva del fiume D\u00e3o.<\/p>\n<p>Il vigneto, parzialmente reinnestato e ampliato attraverso nuovi impianti, occupa attualmente una superficie di 25 ettari dedicati ai vitigni Touriga Nacional e Sauvignon Blanc, con ulteriori otto ettari di vigneto previsti da impiantare. Situata a circa 380 metri sul livello del mare, con condizioni microclimatiche uniche, la propriet\u00e0 beneficia della vicinanza del fiume D\u00e3o, di un&#039;ottima esposizione e di terreni di sabbia granitica di alta qualit\u00e0, noti anche come \u201cgranito marcio\u201d o \u201cgranito nobile\u201d.<\/p>\n<\/div>\n<div id=\"extrainformation\">\n<p>Con un calendario di impianto ristretto, viene praticata una viticoltura tradizionale sostenibile, evitando il pi\u00f9 possibile l\u2019uso di erbicidi, ispirandosi all\u2019antica tecnica francese di Bordeaux e Borgogna chiamata \u201cLes Quatre Fa\u00e7ons\u201d. Un intervento umano che rispetta e valorizza la ricchezza naturale del T\u00e9rroir, esaltando l&#039;espressione del suo carattere nella produzione di vini rossi e bianchi eccezionali.<\/p>\n<p>Il marchio aziendale \u2013 Dom Bella \u2013 si ispira ad un Signore enigmatico e curioso che, negli ultimi tempi, \u00e8 rimasto sorpreso e affascinato dalle potenzialit\u00e0 di questo magnifico T\u00e9rroir e, con la passione e la determinazione che lo caratterizzano, ha deciso di abbracciare la sfida di produrre i migliori vini della regione. Un brand sviluppato intorno ad un immaginario insolito, con un tocco di irriverenza, che provoca e sfida alla scoperta di sapori complessi e sorprendenti.<\/p>\n<\/div>\n<\/div>","protected":false},"excerpt":{"rendered":"<p>Cor rubi intensa. Grande perfil gustativo com estilo fino e delicado onde sobressaem aromas complexos, boca intensa, com fruta em evid\u00eancia, bagas e especiarias. Boca elegante e equilibrada, t\u00e3o subtil como s\u00f3 o D\u00e3o consegue exprimir.<\/p>","protected":false},"featured_media":19675,"template":"","meta":{"_exactmetrics_skip_tracking":false,"_exactmetrics_sitenote_active":false,"_exactmetrics_sitenote_note":"","_exactmetrics_sitenote_category":0,"_uf_show_specific_survey":0,"_uf_disable_surveys":false,"iawp_total_views":15},"product_brand":[],"product_cat":[157,184,187],"product_tag":[],"class_list":{"0":"post-19674","1":"product","2":"type-product","3":"status-publish","4":"has-post-thumbnail","6":"product_cat-vinhos","7":"product_cat-tinto","8":"product_cat-dao-tinto","10":"first","11":"instock","12":"shipping-taxable","13":"purchasable","14":"product-type-simple"},"_links":{"self":[{"href":"https:\/\/bracaravinum.pt\/it\/wp-json\/wp\/v2\/product\/19674","targetHints":{"allow":["GET"]}}],"collection":[{"href":"https:\/\/bracaravinum.pt\/it\/wp-json\/wp\/v2\/product"}],"about":[{"href":"https:\/\/bracaravinum.pt\/it\/wp-json\/wp\/v2\/types\/product"}],"wp:featuredmedia":[{"embeddable":true,"href":"https:\/\/bracaravinum.pt\/it\/wp-json\/wp\/v2\/media\/19675"}],"wp:attachment":[{"href":"https:\/\/bracaravinum.pt\/it\/wp-json\/wp\/v2\/media?parent=19674"}],"wp:term":[{"taxonomy":"product_brand","embeddable":true,"href":"https:\/\/bracaravinum.pt\/it\/wp-json\/wp\/v2\/product_brand?post=19674"},{"taxonomy":"product_cat","embeddable":true,"href":"https:\/\/bracaravinum.pt\/it\/wp-json\/wp\/v2\/product_cat?post=19674"},{"taxonomy":"product_tag","embeddable":true,"href":"https:\/\/bracaravinum.pt\/it\/wp-json\/wp\/v2\/product_tag?post=19674"}],"curies":[{"name":"wp","href":"https:\/\/api.w.org\/{rel}","templated":true}]}}