{"id":19554,"date":"2024-12-03T16:30:03","date_gmt":"2024-12-03T16:30:03","guid":{"rendered":"https:\/\/bracaravinum.pt\/?post_type=product&#038;p=19554"},"modified":"2025-10-07T11:23:58","modified_gmt":"2025-10-07T11:23:58","slug":"vale-do-gaio-reserva-tinto-2017-15l","status":"publish","type":"product","link":"https:\/\/bracaravinum.pt\/it\/produto\/vale-do-gaio-reserva-tinto-2017-15l\/","title":{"rendered":"Vale do Gaio Reserva Tinto 2017 1,5L"},"content":{"rendered":"<p><img decoding=\"async\" class=\"size-full wp-image-19556 aligncenter\" src=\"http:\/\/bracaravinum.pt\/wp-content\/uploads\/2024\/12\/logo-2.png\" alt=\"\" width=\"274\" height=\"164\" srcset=\"https:\/\/bracaravinum.pt\/wp-content\/uploads\/2024\/12\/logo-2.png 274w, https:\/\/bracaravinum.pt\/wp-content\/uploads\/2024\/12\/logo-2-18x12.png 18w\" sizes=\"(max-width: 274px) 100vw, 274px\" \/><\/p>\n<p>&nbsp;<\/p>\n<p>Criada em 1995 com o foco nos vinhos de qualidade de Bai\u00e3o, a Casa das Hortas \u00e9, atualmente, uma das empresas mais antigas da regi\u00e3o Douro. A sua experi\u00eancia e dedica\u00e7\u00e3o \u00e0 produ\u00e7\u00e3o, engarrafamento e distribui\u00e7\u00e3o de vinhos das regi\u00f5es do Douro e Vinho Verde, trouxe n\u00e3o s\u00f3 a conquista do mercado nacional, mas tamb\u00e9m a de v\u00e1rios mercados a n\u00edvel mundial.<\/p>","protected":false},"excerpt":{"rendered":"<p><span style=\"color: #0000ff;\">Com cx de madeira individual<\/span><\/p>\n<p>Castas: Touriga Nacional, Sousa\u0303o, Tinta Roriz, Touriga Franca<\/p>\n<p>Ta\u0301bua de enchidos e queijos, pratos de aves.<\/p>","protected":false},"featured_media":19555,"template":"","meta":{"_exactmetrics_skip_tracking":false,"_exactmetrics_sitenote_active":false,"_exactmetrics_sitenote_note":"","_exactmetrics_sitenote_category":0,"_uf_show_specific_survey":0,"_uf_disable_surveys":false,"iawp_total_views":32},"product_brand":[],"product_cat":[216,258,215,184,157],"product_tag":[],"class_list":{"0":"post-19554","1":"product","2":"type-product","3":"status-publish","4":"has-post-thumbnail","6":"product_cat-conjuntos","7":"product_cat-conjuntos-de-oferta","8":"product_cat-douro","9":"product_cat-tinto","10":"product_cat-vinhos","12":"first","13":"instock","14":"shipping-taxable","15":"purchasable","16":"product-type-simple"},"_links":{"self":[{"href":"https:\/\/bracaravinum.pt\/it\/wp-json\/wp\/v2\/product\/19554","targetHints":{"allow":["GET"]}}],"collection":[{"href":"https:\/\/bracaravinum.pt\/it\/wp-json\/wp\/v2\/product"}],"about":[{"href":"https:\/\/bracaravinum.pt\/it\/wp-json\/wp\/v2\/types\/product"}],"wp:featuredmedia":[{"embeddable":true,"href":"https:\/\/bracaravinum.pt\/it\/wp-json\/wp\/v2\/media\/19555"}],"wp:attachment":[{"href":"https:\/\/bracaravinum.pt\/it\/wp-json\/wp\/v2\/media?parent=19554"}],"wp:term":[{"taxonomy":"product_brand","embeddable":true,"href":"https:\/\/bracaravinum.pt\/it\/wp-json\/wp\/v2\/product_brand?post=19554"},{"taxonomy":"product_cat","embeddable":true,"href":"https:\/\/bracaravinum.pt\/it\/wp-json\/wp\/v2\/product_cat?post=19554"},{"taxonomy":"product_tag","embeddable":true,"href":"https:\/\/bracaravinum.pt\/it\/wp-json\/wp\/v2\/product_tag?post=19554"}],"curies":[{"name":"wp","href":"https:\/\/api.w.org\/{rel}","templated":true}]}}