{"id":19463,"date":"2024-11-24T17:47:06","date_gmt":"2024-11-24T17:47:06","guid":{"rendered":"https:\/\/bracaravinum.pt\/?post_type=product&#038;p=19463"},"modified":"2025-10-31T14:33:17","modified_gmt":"2025-10-31T14:33:17","slug":"jack-daniels-gentleman-jack-1l","status":"publish","type":"product","link":"https:\/\/bracaravinum.pt\/it\/prodotto\/jack-daniels-gentleman-jack-1l\/","title":{"rendered":"Jack Daniel&#8217;s Gentleman Jack 1L"},"content":{"rendered":"<p><img fetchpriority=\"high\" decoding=\"async\" class=\"size-medium wp-image-15263 aligncenter\" src=\"http:\/\/bracaravinum.pt\/wp-content\/uploads\/2022\/02\/jack-daniels-logo-300x233.png\" alt=\"\" width=\"300\" height=\"233\" srcset=\"https:\/\/bracaravinum.pt\/wp-content\/uploads\/2022\/02\/jack-daniels-logo-300x233.png 300w, https:\/\/bracaravinum.pt\/wp-content\/uploads\/2022\/02\/jack-daniels-logo-600x465.png 600w, https:\/\/bracaravinum.pt\/wp-content\/uploads\/2022\/02\/jack-daniels-logo.png 700w\" sizes=\"(max-width: 300px) 100vw, 300px\" \/><\/p>\n<p>H\u00e1 uma imagem interessante que fica no antigo escrit\u00f3rio do Sr. Jack Daniel.\u00a0\u00c9 uma foto do Sr. Jack tirada com sua equipe de destilaria.\u00a0O que torna o retrato t\u00e3o intrigante \u00e9 o cavalheiro sentado imediatamente \u00e0 direita de Jack, um trabalhador afro-americano.\u00a0Dado o per\u00edodo em que essa foto foi tirada &#8211; por volta de 1900 &#8211; e a divis\u00e3o racial que permeava o sul da Am\u00e9rica, \u00e9 intrigante ver um afro-americano sentado ao lado do propriet\u00e1rio de uma empresa.\u00a0Mas a proximidade entre eles nesta foto ressalta o not\u00e1vel relacionamento que est\u00e1 no cora\u00e7\u00e3o de como Jack veio fazer u\u00edsque.<\/p>\n<p>O homem da fotografia acima, temos motivos para acreditar, \u00e9 George Green.\u00a0Al\u00e9m de ser amigo de Jack, George tamb\u00e9m era filho de Nathan &#8220;Nearest&#8221; Green.\u00a0E \u00e9 o Nearest Green, junto com o reverendo Dan Call, que ensinou Jack Daniel sobre fazer u\u00edsque em uma propriedade ainda do ministro luterano.<\/p>\n<p>Saindo de casa cedo, Jack acabou morando e trabalhando na fazenda do Reverendo Call no final da d\u00e9cada de 1850, antes de Jack atingir a adolesc\u00eancia.\u00a0Dizem que Jack teve um relacionamento dif\u00edcil com a madrasta e foi por isso que saiu de casa.\u00a0A fazenda Call estava localizada a cerca de oito quil\u00f4metros de Lynchburg, perto de Lois, Tennessee.\u00a0Em sua fazenda, Call estava quieto e Jack rapidamente se interessou por ele.\u00a0Agora isso foi nos dias anteriores \u00e0 Guerra Civil e \u00e0 Emancipa\u00e7\u00e3o e o Chamado ainda estava sob a vigil\u00e2ncia e aos cuidados de um homem escravizado chamado Nathan &#8220;Nearest&#8221; Green.\u00a0O reverendo Call e seu destilador, Nearest, ensinaram Jack a fazer u\u00edsque.\u00a0A maior parte dessa orienta\u00e7\u00e3o, no entanto, foi atribu\u00edda a Nearest, que trabalhou lado a lado com Jack e ensinou ao jovem destilador qual seria a paix\u00e3o de sua vida.<\/p>\n<p>Ap\u00f3s a Guerra Civil, a congrega\u00e7\u00e3o e a esposa do reverendo Call deram um ultimato ao pregador: evite fazer u\u00edsque ou afaste-se de seu trabalho como ministro.\u00a0Call tomou a decis\u00e3o de vender seus neg\u00f3cios para Jack.\u00a0E ent\u00e3o Nearest, agora um homem livre, foi contratado por Jack e se tornou o primeiro destilador de cabe\u00e7a &#8211; ou o que hoje chamar\u00edamos de destilador mestre &#8211; da Destilaria Jack Daniel.\u00a0Embora o trabalho escravo fizesse parte da vida no Sul antes do fim da Guerra Civil, Jack Daniel n\u00e3o s\u00f3 nunca possu\u00eda escravos, mas tamb\u00e9m trabalhava lado a lado com eles como contratado de Dan Call.\u00a0Quando chegou a hora ap\u00f3s a guerra de estabelecer sua pr\u00f3pria destilaria, a equipe de Jack era todos contratados.<\/p>\n<p>Nearest trabalharia com Jack como seu primeiro destilador mestre at\u00e9 Jack mudar sua opera\u00e7\u00e3o para Cave Spring Hollow, algum tempo depois de 1881. L\u00e1, os filhos de Nearest George e Eli e seus netos Ott, Jesse e Charlie continuaram a tradi\u00e7\u00e3o da fam\u00edlia Green, trabalhando na destilaria de Jack em o Cave Spring Hollow.<\/p>\n<p>Mais de 150 anos se passaram desde que Nearest e Jack come\u00e7aram a fazer u\u00edsque juntos, e at\u00e9 hoje sempre houve um membro da fam\u00edlia Green trabalhando na destilaria Jack Daniel.\u00a0Se voc\u00ea encontrar um tempo para nos visitar em Lynchburg, poder\u00e1 ver o retrato do filho de Jack e Nearest\u00a0<b>,\u00a0<\/b>\u00a0George Green\u00a0<b>,\u00a0<\/b>\u00a0que fica no antigo escrit\u00f3rio de Jack e ouvir um pouco mais dessa hist\u00f3ria \u00fanica de dois homens, sua amizade e o u\u00edsque que eles fizeram juntos.<\/p>","protected":false},"excerpt":{"rendered":"<p><img decoding=\"async\" class=\"alignnone size-full wp-image-15280\" src=\"http:\/\/bracaravinum.pt\/wp-content\/uploads\/2021\/03\/usa.jpg\" alt=\"\" width=\"75\" height=\"40\" \/>Origem Estados Unidos<\/p>\n<p>Inspirado pelo cavalheiro original e nosso fundador, Gentleman Jack recebe um segundo filtro de carbono para uma suavidade excepcional.\u00a0Seu sabor equilibrado \u00e9 perfeito para comemorar situa\u00e7\u00f5es extraordin\u00e1rias da vida, bem como momentos em geral.<\/p>","protected":false},"featured_media":8513,"template":"","meta":{"_exactmetrics_skip_tracking":false,"_exactmetrics_sitenote_active":false,"_exactmetrics_sitenote_note":"","_exactmetrics_sitenote_category":0,"_uf_show_specific_survey":0,"_uf_disable_surveys":false,"iawp_total_views":24},"product_brand":[],"product_cat":[158,179],"product_tag":[],"class_list":{"0":"post-19463","1":"product","2":"type-product","3":"status-publish","4":"has-post-thumbnail","6":"product_cat-espirituosos","7":"product_cat-whisky","9":"first","10":"instock","11":"shipping-taxable","12":"purchasable","13":"product-type-simple"},"_links":{"self":[{"href":"https:\/\/bracaravinum.pt\/it\/wp-json\/wp\/v2\/product\/19463","targetHints":{"allow":["GET"]}}],"collection":[{"href":"https:\/\/bracaravinum.pt\/it\/wp-json\/wp\/v2\/product"}],"about":[{"href":"https:\/\/bracaravinum.pt\/it\/wp-json\/wp\/v2\/types\/product"}],"wp:featuredmedia":[{"embeddable":true,"href":"https:\/\/bracaravinum.pt\/it\/wp-json\/wp\/v2\/media\/8513"}],"wp:attachment":[{"href":"https:\/\/bracaravinum.pt\/it\/wp-json\/wp\/v2\/media?parent=19463"}],"wp:term":[{"taxonomy":"product_brand","embeddable":true,"href":"https:\/\/bracaravinum.pt\/it\/wp-json\/wp\/v2\/product_brand?post=19463"},{"taxonomy":"product_cat","embeddable":true,"href":"https:\/\/bracaravinum.pt\/it\/wp-json\/wp\/v2\/product_cat?post=19463"},{"taxonomy":"product_tag","embeddable":true,"href":"https:\/\/bracaravinum.pt\/it\/wp-json\/wp\/v2\/product_tag?post=19463"}],"curies":[{"name":"wp","href":"https:\/\/api.w.org\/{rel}","templated":true}]}}