{"id":19301,"date":"2024-10-16T09:32:27","date_gmt":"2024-10-16T09:32:27","guid":{"rendered":"https:\/\/bracaravinum.pt\/?post_type=product&#038;p=19301"},"modified":"2025-01-14T16:51:20","modified_gmt":"2025-01-14T16:51:20","slug":"quinta-da-vacaria-duas-margens-tinto-2021-75cl","status":"publish","type":"product","link":"https:\/\/bracaravinum.pt\/it\/prodotto\/quinta-da-vacaria-duas-margens-tinto-2021-75cl\/","title":{"rendered":"Quinta da Vacaria Duas Margens Tinto 2021 75cl"},"content":{"rendered":"<p><img fetchpriority=\"high\" decoding=\"async\" class=\"size-medium wp-image-19302 aligncenter\" src=\"http:\/\/bracaravinum.pt\/wp-content\/uploads\/2024\/10\/logoQDV-300x300.png\" alt=\"\" width=\"300\" height=\"300\" srcset=\"https:\/\/bracaravinum.pt\/wp-content\/uploads\/2024\/10\/logoQDV-300x300.png 300w, https:\/\/bracaravinum.pt\/wp-content\/uploads\/2024\/10\/logoQDV-150x150.png 150w, https:\/\/bracaravinum.pt\/wp-content\/uploads\/2024\/10\/logoQDV-12x12.png 12w, https:\/\/bracaravinum.pt\/wp-content\/uploads\/2024\/10\/logoQDV-100x100.png 100w, https:\/\/bracaravinum.pt\/wp-content\/uploads\/2024\/10\/logoQDV.png 500w\" sizes=\"(max-width: 300px) 100vw, 300px\" \/><\/p>\n<p>A Quinta da Vacaria \u00e9 uma das mais antigas propriedades Durienses.<\/p>\n<p>Reza a hist\u00f3ria que o vinho produzido na Quinta remonta a 1616, h\u00e1 4 s\u00e9culos atr\u00e1s.<\/p>\n<p>O seus vinhos entre viagens nos barcos rabelos at\u00e9 Vila Nova de Gaia perdiam a sua id\u00eantidade, mas nunca deixaram de ter prest\u00edgio.<\/p>\n<p>\u00c9 com enorme orgulho que a Quinta tem hoje um dos maiores e valiosos Vinhos do porto antigos, somente em 2016 foram engarrafados na sua origem com marca pr\u00f3pria e selo de produtor.<\/p>\n<p>Ao percorrer as margens do Rio Corgo e Douro \u00e9 agrad\u00e1vel contemplar a beleza po\u00e9tica das nossas vinhas e ao observa-las verifica que a nossa agricultura tem por base o respeito pelo solo, plantas e ecossitemas envolventes.<\/p>\n<p>A Quinta da Vacaria situa-se no Baixo Corgo, \u00a0entre as \u00a0margens do Rio Corgo e Douro, nos limites orientais de Peso da R\u00e9gua.<\/p>\n<p>Na documenta\u00e7\u00e3o antiga, aparece descrita nestes termos:<\/p>\n<p>\u201cDistava 16 Legoas desta cidade, (Porto) pr\u00f3xima do rio Douro, da ponte de Tr\u00e1s os Montes, distante de Villa Real 3 legoas, no termo da Villa de Canellas\u201d.<\/p>","protected":false},"excerpt":{"rendered":"<p>Castas &#8211; Touriga Nacional, Touriga Francesa e vinhas velhas.<\/p>\n<p>Aromas frutados intensos com notas a ameixa preta e frutos silvestres, aliados \u00e0 complexidade das notas tostadas da madeira. Um perfil fino, muito fresco e complexo.<\/p>\n<p>Com uma acidez muito presente, \u00e9 um vinho firme e com grande estrutura. Termina com um final de boca longo, persistente e muito prazeiroso. Certamente ir\u00e1 evoluir muito bem em garrafa.<\/p>\n<p>En\u00f3logos\u00a0\u2013 Jean-Hugues Gros e Teresa Pinto.<\/p>","protected":false},"featured_media":19303,"template":"","meta":{"_exactmetrics_skip_tracking":false,"_exactmetrics_sitenote_active":false,"_exactmetrics_sitenote_note":"","_exactmetrics_sitenote_category":0,"_uf_show_specific_survey":0,"_uf_disable_surveys":false,"iawp_total_views":213},"product_brand":[],"product_cat":[157,184,215],"product_tag":[],"class_list":{"0":"post-19301","1":"product","2":"type-product","3":"status-publish","4":"has-post-thumbnail","6":"product_cat-vinhos","7":"product_cat-tinto","8":"product_cat-douro","10":"first","11":"instock","12":"shipping-taxable","13":"purchasable","14":"product-type-simple"},"_links":{"self":[{"href":"https:\/\/bracaravinum.pt\/it\/wp-json\/wp\/v2\/product\/19301","targetHints":{"allow":["GET"]}}],"collection":[{"href":"https:\/\/bracaravinum.pt\/it\/wp-json\/wp\/v2\/product"}],"about":[{"href":"https:\/\/bracaravinum.pt\/it\/wp-json\/wp\/v2\/types\/product"}],"wp:featuredmedia":[{"embeddable":true,"href":"https:\/\/bracaravinum.pt\/it\/wp-json\/wp\/v2\/media\/19303"}],"wp:attachment":[{"href":"https:\/\/bracaravinum.pt\/it\/wp-json\/wp\/v2\/media?parent=19301"}],"wp:term":[{"taxonomy":"product_brand","embeddable":true,"href":"https:\/\/bracaravinum.pt\/it\/wp-json\/wp\/v2\/product_brand?post=19301"},{"taxonomy":"product_cat","embeddable":true,"href":"https:\/\/bracaravinum.pt\/it\/wp-json\/wp\/v2\/product_cat?post=19301"},{"taxonomy":"product_tag","embeddable":true,"href":"https:\/\/bracaravinum.pt\/it\/wp-json\/wp\/v2\/product_tag?post=19301"}],"curies":[{"name":"wp","href":"https:\/\/api.w.org\/{rel}","templated":true}]}}