{"id":19213,"date":"2024-09-26T08:44:08","date_gmt":"2024-09-26T08:44:08","guid":{"rendered":"https:\/\/bracaravinum.pt\/?post_type=product&#038;p=19213"},"modified":"2025-10-07T11:26:06","modified_gmt":"2025-10-07T11:26:06","slug":"poseidon-tinto-2018-4a-edicao-75cl","status":"publish","type":"product","link":"https:\/\/bracaravinum.pt\/it\/prodotto\/poseidon-tinto-2018-4a-edicao-75cl\/","title":{"rendered":"Poseidon Tinto 2018 4\u00aa Edi\u00e7\u00e3o 75cl"},"content":{"rendered":"","protected":false},"excerpt":{"rendered":"<p>O est\u00e1gio deste vinho \u00e9 feito no por\u00e3o do Navio Bacalhoeiro Coimbra. O balan\u00e7o do mar provoca um envelhecimento precoce do vinho, dotando-o de caracter\u00edsticas \u00fanicas.<\/p>\n<p>Vem acompanhado com certificado assinado pelo Comandante do navio.<\/p>\n<p>Uma parceria com o Clube de Oficiais da Marinha Mercante.<\/p>","protected":false},"featured_media":19215,"template":"","meta":{"_exactmetrics_skip_tracking":false,"_exactmetrics_sitenote_active":false,"_exactmetrics_sitenote_note":"","_exactmetrics_sitenote_category":0,"_uf_show_specific_survey":0,"_uf_disable_surveys":false,"iawp_total_views":65},"product_brand":[],"product_cat":[258,216,157,184,215],"product_tag":[],"class_list":{"0":"post-19213","1":"product","2":"type-product","3":"status-publish","4":"has-post-thumbnail","6":"product_cat-conjuntos-de-oferta","7":"product_cat-conjuntos","8":"product_cat-vinhos","9":"product_cat-tinto","10":"product_cat-douro","12":"first","13":"instock","14":"shipping-taxable","15":"purchasable","16":"product-type-simple"},"_links":{"self":[{"href":"https:\/\/bracaravinum.pt\/it\/wp-json\/wp\/v2\/product\/19213","targetHints":{"allow":["GET"]}}],"collection":[{"href":"https:\/\/bracaravinum.pt\/it\/wp-json\/wp\/v2\/product"}],"about":[{"href":"https:\/\/bracaravinum.pt\/it\/wp-json\/wp\/v2\/types\/product"}],"wp:featuredmedia":[{"embeddable":true,"href":"https:\/\/bracaravinum.pt\/it\/wp-json\/wp\/v2\/media\/19215"}],"wp:attachment":[{"href":"https:\/\/bracaravinum.pt\/it\/wp-json\/wp\/v2\/media?parent=19213"}],"wp:term":[{"taxonomy":"product_brand","embeddable":true,"href":"https:\/\/bracaravinum.pt\/it\/wp-json\/wp\/v2\/product_brand?post=19213"},{"taxonomy":"product_cat","embeddable":true,"href":"https:\/\/bracaravinum.pt\/it\/wp-json\/wp\/v2\/product_cat?post=19213"},{"taxonomy":"product_tag","embeddable":true,"href":"https:\/\/bracaravinum.pt\/it\/wp-json\/wp\/v2\/product_tag?post=19213"}],"curies":[{"name":"wp","href":"https:\/\/api.w.org\/{rel}","templated":true}]}}