{"id":19067,"date":"2024-06-28T16:28:09","date_gmt":"2024-06-28T16:28:09","guid":{"rendered":"https:\/\/bracaravinum.pt\/?post_type=product&#038;p=19067"},"modified":"2024-11-08T17:32:56","modified_gmt":"2024-11-08T17:32:56","slug":"maria-izabel-vinha-da-princesa-tinto-2017-75cl","status":"publish","type":"product","link":"https:\/\/bracaravinum.pt\/it\/prodotto\/maria-izabel-vinha-da-princesa-tinto-2017-75cl\/","title":{"rendered":"Maria Izabel Vinhas da Princesa Tinto 2017 75cl"},"content":{"rendered":"<p><img decoding=\"async\" class=\"size-medium wp-image-15061 aligncenter\" src=\"http:\/\/bracaravinum.pt\/wp-content\/uploads\/2022\/02\/quinta-maria-izabel-logo-300x110.jpg\" alt=\"\" width=\"300\" height=\"110\" srcset=\"https:\/\/bracaravinum.pt\/wp-content\/uploads\/2022\/02\/quinta-maria-izabel-logo-300x110.jpg 300w, https:\/\/bracaravinum.pt\/wp-content\/uploads\/2022\/02\/quinta-maria-izabel-logo-768x282.jpg 768w, https:\/\/bracaravinum.pt\/wp-content\/uploads\/2022\/02\/quinta-maria-izabel-logo-600x221.jpg 600w, https:\/\/bracaravinum.pt\/wp-content\/uploads\/2022\/02\/quinta-maria-izabel-logo.jpg 870w\" sizes=\"(max-width: 300px) 100vw, 300px\" \/><\/p>\n<p>Ber\u00e7o do que somos e fazemos: do rio fizeram-se os montes e as gentes que respiram esta origem.<\/p>\n<div class=\"large-12 columns mt-px20\">\n<p>O Douro a perder de vista: \u00e9 esta a paisagem, \u00e9 este o enquadramento dos nossos vinhos. A Quinta Maria Izabel estende-se por 130 hectares numa das zonas mais privilegiadas da regi\u00e3o Duriense. Um \u00edmpeto transformado num grande projecto. Uma ideia que revela ser, afinal, mais que um sonho Brasileiro em terras lusas. Seja muito bem-vindo a uma ideia transformada num grande projecto.<\/p>\n<p>O Douro \u00e9 o grande trabalho do Homem na Natureza: mil\u00e9nios de interven\u00e7\u00e3o e s\u00e9culos de constru\u00e7\u00e3o, moldaram e constru\u00edram o Douro lusitano. Uma rela\u00e7\u00e3o de for\u00e7a e car\u00e1cter manifesta-se no esplendor das vinhas e do vinho que produzem. As vinhas que dobram as curvas do rio, crescem e formam o seu g\u00e9nio desde h\u00e1 80 anos. As personalidades que comp\u00f5em esta orquestra variam, nas castas brancas, entre o Viosinho, Rabigato, C\u00f3dega do Larinho e Gewurztraminer todos com quatro anos e a senhora destes socalcos Vinhas Velhas com 80 anos. Nas castas tintas o sangue lusitano \u00e9 quem vence, ressaltam nomes como Touriga Nacional a Touriga Franca e a Barroca, Tinta Roriz, Tinta Amarela, Tinta Francisca Tinto C\u00e3o e Sous\u00e3o e para rematar Mistura Tinto.<\/p>\n<\/div>","protected":false},"excerpt":{"rendered":"<p>Castas:\u00a0 Tinta Amarela e Tinta Roriz<\/p>\n<p>Vinho de cor rubi profunda, aroma intenso, fresco super complexo algo fechado, notas de fruto vermelho, leve compota, especiado fino. Recorte incr\u00edvel em boca, polido, salgado, vibrante.<\/p>\n<p>&nbsp;<\/p>","protected":false},"featured_media":3082,"template":"","meta":{"_exactmetrics_skip_tracking":false,"_exactmetrics_sitenote_active":false,"_exactmetrics_sitenote_note":"","_exactmetrics_sitenote_category":0,"_uf_show_specific_survey":0,"_uf_disable_surveys":false,"iawp_total_views":15},"product_brand":[],"product_cat":[157,201,184,215],"product_tag":[],"class_list":{"0":"post-19067","1":"product","2":"type-product","3":"status-publish","4":"has-post-thumbnail","6":"product_cat-vinhos","7":"product_cat-grandes-vinhos","8":"product_cat-tinto","9":"product_cat-douro","11":"first","12":"instock","13":"shipping-taxable","14":"purchasable","15":"product-type-simple"},"_links":{"self":[{"href":"https:\/\/bracaravinum.pt\/it\/wp-json\/wp\/v2\/product\/19067","targetHints":{"allow":["GET"]}}],"collection":[{"href":"https:\/\/bracaravinum.pt\/it\/wp-json\/wp\/v2\/product"}],"about":[{"href":"https:\/\/bracaravinum.pt\/it\/wp-json\/wp\/v2\/types\/product"}],"wp:featuredmedia":[{"embeddable":true,"href":"https:\/\/bracaravinum.pt\/it\/wp-json\/wp\/v2\/media\/3082"}],"wp:attachment":[{"href":"https:\/\/bracaravinum.pt\/it\/wp-json\/wp\/v2\/media?parent=19067"}],"wp:term":[{"taxonomy":"product_brand","embeddable":true,"href":"https:\/\/bracaravinum.pt\/it\/wp-json\/wp\/v2\/product_brand?post=19067"},{"taxonomy":"product_cat","embeddable":true,"href":"https:\/\/bracaravinum.pt\/it\/wp-json\/wp\/v2\/product_cat?post=19067"},{"taxonomy":"product_tag","embeddable":true,"href":"https:\/\/bracaravinum.pt\/it\/wp-json\/wp\/v2\/product_tag?post=19067"}],"curies":[{"name":"wp","href":"https:\/\/api.w.org\/{rel}","templated":true}]}}