{"id":18931,"date":"2024-04-27T09:15:09","date_gmt":"2024-04-27T09:15:09","guid":{"rendered":"https:\/\/bracaravinum.pt\/?post_type=product&#038;p=18931"},"modified":"2026-01-24T11:00:51","modified_gmt":"2026-01-24T11:00:51","slug":"dona-sancha-encruzado-branco-2021-cx-madeira-4-garrafas","status":"publish","type":"product","link":"https:\/\/bracaravinum.pt\/it\/prodotto\/dona-sancha-encruzado-branco-2021-cx-madeira-4-garrafas\/","title":{"rendered":"Dona Sancha Encruzado Bianco 2021 Scatola di legno 4 bottiglie"},"content":{"rendered":"<p><img decoding=\"async\" class=\"size-full wp-image-18924 aligncenter\" src=\"http:\/\/bracaravinum.pt\/wp-content\/uploads\/2024\/04\/logo-dona-sancha.png\" alt=\"\" width=\"150\" height=\"65\" srcset=\"https:\/\/bracaravinum.pt\/wp-content\/uploads\/2024\/04\/logo-dona-sancha.png 150w, https:\/\/bracaravinum.pt\/wp-content\/uploads\/2024\/04\/logo-dona-sancha-18x8.png 18w\" sizes=\"(max-width: 150px) 100vw, 150px\" \/><\/p>\n<p>&nbsp;<\/p>","protected":false},"excerpt":{"rendered":"<div class=\"woocommerce-product-details__short-description\">\n<p>Castas: Encruzado<\/p>\n<p>Est\u00e1gio durante 6 meses em barricas de carvalho franc\u00eas de 500L e 12 meses em garrafa. Cor lim\u00e3o, evidencia-se a madeira, bem casada sem se sobrepor \u00e0 identidade do Encruzado. Acidez bem presente, com algumas notas florais e mel.<\/p>\n<\/div>","protected":false},"featured_media":18932,"template":"","meta":{"_exactmetrics_skip_tracking":false,"_exactmetrics_sitenote_active":false,"_exactmetrics_sitenote_note":"","_exactmetrics_sitenote_category":0,"_uf_show_specific_survey":0,"_uf_disable_surveys":false,"iawp_total_views":35},"product_brand":[],"product_cat":[258,216,157,185,209],"product_tag":[],"class_list":{"0":"post-18931","1":"product","2":"type-product","3":"status-publish","4":"has-post-thumbnail","6":"product_cat-conjuntos-de-oferta","7":"product_cat-conjuntos","8":"product_cat-vinhos","9":"product_cat-branco","10":"product_cat-dao","12":"first","13":"outofstock","14":"shipping-taxable","15":"purchasable","16":"product-type-simple"},"_links":{"self":[{"href":"https:\/\/bracaravinum.pt\/it\/wp-json\/wp\/v2\/product\/18931","targetHints":{"allow":["GET"]}}],"collection":[{"href":"https:\/\/bracaravinum.pt\/it\/wp-json\/wp\/v2\/product"}],"about":[{"href":"https:\/\/bracaravinum.pt\/it\/wp-json\/wp\/v2\/types\/product"}],"wp:featuredmedia":[{"embeddable":true,"href":"https:\/\/bracaravinum.pt\/it\/wp-json\/wp\/v2\/media\/18932"}],"wp:attachment":[{"href":"https:\/\/bracaravinum.pt\/it\/wp-json\/wp\/v2\/media?parent=18931"}],"wp:term":[{"taxonomy":"product_brand","embeddable":true,"href":"https:\/\/bracaravinum.pt\/it\/wp-json\/wp\/v2\/product_brand?post=18931"},{"taxonomy":"product_cat","embeddable":true,"href":"https:\/\/bracaravinum.pt\/it\/wp-json\/wp\/v2\/product_cat?post=18931"},{"taxonomy":"product_tag","embeddable":true,"href":"https:\/\/bracaravinum.pt\/it\/wp-json\/wp\/v2\/product_tag?post=18931"}],"curies":[{"name":"wp","href":"https:\/\/api.w.org\/{rel}","templated":true}]}}