{"id":18814,"date":"2024-03-23T11:12:54","date_gmt":"2024-03-23T11:12:54","guid":{"rendered":"https:\/\/bracaravinum.pt\/?post_type=product&#038;p=18814"},"modified":"2025-12-12T12:50:46","modified_gmt":"2025-12-12T12:50:46","slug":"terras-do-malho-riserva-rosso-2017-75cl","status":"publish","type":"product","link":"https:\/\/bracaravinum.pt\/it\/produto\/terras-do-malho-reserva-tinto-2017-75cl\/","title":{"rendered":"Vale do Malh\u00f4 Riserva Rosso 2017 75cl"},"content":{"rendered":"<p><img fetchpriority=\"high\" decoding=\"async\" class=\"size-medium wp-image-15443 aligncenter\" src=\"http:\/\/bracaravinum.pt\/wp-content\/uploads\/2022\/02\/quinta-dona-doroteia-logo-300x182.png\" alt=\"\" width=\"300\" height=\"182\" srcset=\"https:\/\/bracaravinum.pt\/wp-content\/uploads\/2022\/02\/quinta-dona-doroteia-logo-300x182.png 300w, https:\/\/bracaravinum.pt\/wp-content\/uploads\/2022\/02\/quinta-dona-doroteia-logo.png 347w\" sizes=\"(max-width: 300px) 100vw, 300px\" \/><\/p>\n<p>Situata sulla riva destra del fiume Torto, affluente del fiume Douro, tra Pinh\u00e3o ed Ervedosa do Douro, Quinta Dona Doroteia \u00e8 una propriet\u00e0 di 3 ettari, 25 dei quali occupati da vecchi vigneti e il resto da nuovi vigneti e olivi alberi. . Attualmente, l&#039;azienda vinicola Quinta Dona Doroteia dispone di un&#039;area di 1200 metri quadrati di stoccaggio e stoccaggio del vino, con una capacit\u00e0 di 250.000 litri (333.000 bottiglie) di vino, distribuiti in Port Wines e Douro Wines. Negli ultimi anni sono state acquisite alcune altre propriet\u00e0 nella Zona Demarcata del Douro che hanno permesso di aumentare la produzione di vini in bottiglia: Quinta Vale do Malh\u00f4, Quinta das Testemunhas, Quinta da Corceira e Quinta do Reboredo, coprendo una superficie di produzione totale di 100 ettari.<\/p>","protected":false},"excerpt":{"rendered":"<p>Uve: Touriga Nacional, Touriga Franca e Tinta Roriz<\/p>\n<p>Fermentazione effettuata in frantoi, come da tradizione.<\/p>\n<p>Degustazione: dal colore granato intenso, presenta un profilo vigoroso e allo stesso tempo setoso, con frutti rossi ben definiti avvolti da tannini fini.<\/p>\n<p>15%<\/p>","protected":false},"featured_media":18843,"template":"","meta":{"_exactmetrics_skip_tracking":false,"_exactmetrics_sitenote_active":false,"_exactmetrics_sitenote_note":"","_exactmetrics_sitenote_category":0,"_uf_show_specific_survey":0,"_uf_disable_surveys":false,"iawp_total_views":33},"product_brand":[],"product_cat":[215,184,157],"product_tag":[],"class_list":{"0":"post-18814","1":"product","2":"type-product","3":"status-publish","4":"has-post-thumbnail","6":"product_cat-douro","7":"product_cat-tinto","8":"product_cat-vinhos","10":"first","11":"instock","12":"shipping-taxable","13":"purchasable","14":"product-type-simple"},"_links":{"self":[{"href":"https:\/\/bracaravinum.pt\/it\/wp-json\/wp\/v2\/product\/18814","targetHints":{"allow":["GET"]}}],"collection":[{"href":"https:\/\/bracaravinum.pt\/it\/wp-json\/wp\/v2\/product"}],"about":[{"href":"https:\/\/bracaravinum.pt\/it\/wp-json\/wp\/v2\/types\/product"}],"wp:featuredmedia":[{"embeddable":true,"href":"https:\/\/bracaravinum.pt\/it\/wp-json\/wp\/v2\/media\/18843"}],"wp:attachment":[{"href":"https:\/\/bracaravinum.pt\/it\/wp-json\/wp\/v2\/media?parent=18814"}],"wp:term":[{"taxonomy":"product_brand","embeddable":true,"href":"https:\/\/bracaravinum.pt\/it\/wp-json\/wp\/v2\/product_brand?post=18814"},{"taxonomy":"product_cat","embeddable":true,"href":"https:\/\/bracaravinum.pt\/it\/wp-json\/wp\/v2\/product_cat?post=18814"},{"taxonomy":"product_tag","embeddable":true,"href":"https:\/\/bracaravinum.pt\/it\/wp-json\/wp\/v2\/product_tag?post=18814"}],"curies":[{"name":"wp","href":"https:\/\/api.w.org\/{rel}","templated":true}]}}