{"id":18319,"date":"2023-11-28T16:18:28","date_gmt":"2023-11-28T16:18:28","guid":{"rendered":"https:\/\/bracaravinum.pt\/?post_type=product&#038;p=18319"},"modified":"2025-10-07T11:26:32","modified_gmt":"2025-10-07T11:26:32","slug":"eptus-grande-reserva-tinto-2021-cx-madeira-3-garrafas","status":"publish","type":"product","link":"https:\/\/bracaravinum.pt\/it\/produto\/eptus-grande-reserva-tinto-2021-cx-madeira-3-garrafas\/","title":{"rendered":"Eptus Grande Reserva Tinto 2021  cx Madeira 3 Garrafas"},"content":{"rendered":"<p><img decoding=\"async\" class=\"size-full wp-image-18318 aligncenter\" src=\"http:\/\/bracaravinum.pt\/wp-content\/uploads\/2023\/11\/eptus_logo-1920w.webp\" alt=\"\" width=\"126\" height=\"110\" srcset=\"https:\/\/bracaravinum.pt\/wp-content\/uploads\/2023\/11\/eptus_logo-1920w.webp 126w, https:\/\/bracaravinum.pt\/wp-content\/uploads\/2023\/11\/eptus_logo-1920w-14x12.webp 14w\" sizes=\"(max-width: 126px) 100vw, 126px\" \/><\/p>\n<p>EPTUS \u00e9 um projeto recente e inovador, liderado por um en\u00f3logo com o objetivo de produzir vinhos de excel\u00eancia, desenvolvendo todas as caracter\u00edsticas organol\u00e9ticas, pr\u00f3prias de um vinho<br \/>\ndesta regi\u00e3o vitivin\u00edcola.<\/p>\n<p>Desde 1890 que produzimos vinhos, atualmente \u00e9 liderado pelo En\u00f3logo Jo\u00e3o Sobral, 6\u00aa gera\u00e7\u00e3o da fam\u00edlia Sobral, estamos em Soutelo do Douro.<br \/>\nO Jo\u00e3o tem desde sempre uma liga\u00e7\u00e3o pessoal ao Douro e \u00e0s vinhas, foi o seu tetra av\u00f4 quem comprou a primeira Quinta, e come\u00e7ou a produzir Vinho do Porto para as \u00abCasas Inglesas\u00bb.<br \/>\nO projeto EPTUS, um sonho de menino, foi criado durante a pandemia, resultado da experi\u00eancia e saberes acumulados em mais de uma d\u00e9cada.<\/p>\n<p>O clima \u00e9 mediterr\u00e2nico e caracterizado por ver\u00f5es quentes e secos e invernos amenos. A temperatura m\u00e9dia \u00e9 de 20\u00ba C, com uma precipita\u00e7\u00e3o m\u00e9dia anual de 100 mm. O solo \u00e9 essencialmente composto por xisto, fortemente laminado, rico em nutrientes e com pouqu\u00edssima mat\u00e9ria org\u00e2nica, retendo apenas a humidade suficiente para permitir a sobreviv\u00eancia da videira ao longo do ver\u00e3o, produzindo baixas quantidades de l\u00edquido extremamente concentrado em termos arom\u00e1ticos.<\/p>","protected":false},"excerpt":{"rendered":"<p>Castas: Touriga Nacional, Touriga Franca, Tinto C\u00e3o e Vinhas Velhas<\/p>\n<p>De cor violeta profundo, aromas a fruta seca e taninos redondos.<\/p>\n<p>Final de boca volumoso e persistente.<\/p>","protected":false},"featured_media":18320,"template":"","meta":{"_exactmetrics_skip_tracking":false,"_exactmetrics_sitenote_active":false,"_exactmetrics_sitenote_note":"","_exactmetrics_sitenote_category":0,"_uf_show_specific_survey":0,"_uf_disable_surveys":false,"iawp_total_views":22},"product_brand":[],"product_cat":[216,258,215,184,157],"product_tag":[],"class_list":{"0":"post-18319","1":"product","2":"type-product","3":"status-publish","4":"has-post-thumbnail","6":"product_cat-conjuntos","7":"product_cat-conjuntos-de-oferta","8":"product_cat-douro","9":"product_cat-tinto","10":"product_cat-vinhos","12":"first","13":"instock","14":"shipping-taxable","15":"purchasable","16":"product-type-simple"},"_links":{"self":[{"href":"https:\/\/bracaravinum.pt\/it\/wp-json\/wp\/v2\/product\/18319","targetHints":{"allow":["GET"]}}],"collection":[{"href":"https:\/\/bracaravinum.pt\/it\/wp-json\/wp\/v2\/product"}],"about":[{"href":"https:\/\/bracaravinum.pt\/it\/wp-json\/wp\/v2\/types\/product"}],"wp:featuredmedia":[{"embeddable":true,"href":"https:\/\/bracaravinum.pt\/it\/wp-json\/wp\/v2\/media\/18320"}],"wp:attachment":[{"href":"https:\/\/bracaravinum.pt\/it\/wp-json\/wp\/v2\/media?parent=18319"}],"wp:term":[{"taxonomy":"product_brand","embeddable":true,"href":"https:\/\/bracaravinum.pt\/it\/wp-json\/wp\/v2\/product_brand?post=18319"},{"taxonomy":"product_cat","embeddable":true,"href":"https:\/\/bracaravinum.pt\/it\/wp-json\/wp\/v2\/product_cat?post=18319"},{"taxonomy":"product_tag","embeddable":true,"href":"https:\/\/bracaravinum.pt\/it\/wp-json\/wp\/v2\/product_tag?post=18319"}],"curies":[{"name":"wp","href":"https:\/\/api.w.org\/{rel}","templated":true}]}}