{"id":18244,"date":"2023-11-22T23:41:34","date_gmt":"2023-11-22T23:41:34","guid":{"rendered":"https:\/\/bracaravinum.pt\/?post_type=product&#038;p=18244"},"modified":"2025-10-07T11:26:33","modified_gmt":"2025-10-07T11:26:33","slug":"concilium-tinto-2018-75cl","status":"publish","type":"product","link":"https:\/\/bracaravinum.pt\/it\/prodotto\/concilium-tinto-2018-75cl\/","title":{"rendered":"Cistus Concilium Tinto 2018 75cl"},"content":{"rendered":"<p><img fetchpriority=\"high\" decoding=\"async\" class=\"size-full wp-image-18238 aligncenter\" src=\"http:\/\/bracaravinum.pt\/wp-content\/uploads\/2023\/11\/vale-da-perdiz-logo.png\" alt=\"\" width=\"300\" height=\"176\" srcset=\"https:\/\/bracaravinum.pt\/wp-content\/uploads\/2023\/11\/vale-da-perdiz-logo.png 300w, https:\/\/bracaravinum.pt\/wp-content\/uploads\/2023\/11\/vale-da-perdiz-logo-18x12.png 18w\" sizes=\"(max-width: 300px) 100vw, 300px\" \/><\/p>\n<p>Quinta do Vale da Perdiz si trova nel cuore del Douro Superiore, vicino a Torre de Moncorvo. I quattordici ettari di vigneti della Quinta sono disposti su terrazzamenti su entrambi i versanti della valle da cui prende il nome.<\/p>\n<p>Quinta do Vale da Perdiz si trova nel cuore del Douro Superiore, vicino a Torre de Moncorvo. I quattordici ettari di vigneti della Quinta sono disposti su terrazzamenti su entrambi i versanti della valle da cui prende il nome. Nel vigneto, piantato su terreno scistoso, con esposizione a sud, nord ed est, si trovano i tradizionali vitigni nobili della regione delimitata del Douro: Touriga Nacional, Touriga Franca, Tinta Roriz e Tinta Barroca.<\/p>\n<p>La bellezza e il fascino che emana il Douro sono innegabili. L&#039;intero paesaggio naturale della Valle del Douro, classificato Patrimonio dell&#039;Umanit\u00e0, pu\u00f2 essere visto da vicino e nei modi pi\u00f9 diversi. Le caratteristiche climatiche della regione favoriscono la qualit\u00e0 e il sapore inconfondibile del Cistus.<\/p>","protected":false},"excerpt":{"rendered":"<p>Uve: Touriga Franca (65%), Tinta Roriz (31%) e Touriga Nacional (4%).<\/p>\n<p>Acompanha bem pratos de carne, ca\u00e7a e queijos. Dever\u00e1 ser servido \u00e0 temperatura de 18\u00ba C para revelar todas as suas qualidades.<\/p>\n<p>EST\u00c1GIO: Barricas novas de carvalho franc\u00eas.<\/p>\n<header class=\"entry-content-header\">\n<header class=\"entry-content-header\">Pr\u00e9mios \/ Colheita 2018:<br \/>\n\u2022 International Wine Challenge 2022 \u2013 Medalha de Prata<\/p>\n<p>Pr\u00e9mios \/ Colheita 2019:<br \/>\n\u2022 International Wine Challenge 2022 \u2013 Comenda<\/p>\n<\/header>\n<\/header>","protected":false},"featured_media":18245,"template":"","meta":{"_exactmetrics_skip_tracking":false,"_exactmetrics_sitenote_active":false,"_exactmetrics_sitenote_note":"","_exactmetrics_sitenote_category":0,"_uf_show_specific_survey":0,"_uf_disable_surveys":false,"iawp_total_views":27},"product_brand":[],"product_cat":[258,216,157,201,184,215],"product_tag":[],"class_list":{"0":"post-18244","1":"product","2":"type-product","3":"status-publish","4":"has-post-thumbnail","6":"product_cat-conjuntos-de-oferta","7":"product_cat-conjuntos","8":"product_cat-vinhos","9":"product_cat-grandes-vinhos","10":"product_cat-tinto","11":"product_cat-douro","13":"first","14":"instock","15":"shipping-taxable","16":"purchasable","17":"product-type-simple"},"_links":{"self":[{"href":"https:\/\/bracaravinum.pt\/it\/wp-json\/wp\/v2\/product\/18244","targetHints":{"allow":["GET"]}}],"collection":[{"href":"https:\/\/bracaravinum.pt\/it\/wp-json\/wp\/v2\/product"}],"about":[{"href":"https:\/\/bracaravinum.pt\/it\/wp-json\/wp\/v2\/types\/product"}],"wp:featuredmedia":[{"embeddable":true,"href":"https:\/\/bracaravinum.pt\/it\/wp-json\/wp\/v2\/media\/18245"}],"wp:attachment":[{"href":"https:\/\/bracaravinum.pt\/it\/wp-json\/wp\/v2\/media?parent=18244"}],"wp:term":[{"taxonomy":"product_brand","embeddable":true,"href":"https:\/\/bracaravinum.pt\/it\/wp-json\/wp\/v2\/product_brand?post=18244"},{"taxonomy":"product_cat","embeddable":true,"href":"https:\/\/bracaravinum.pt\/it\/wp-json\/wp\/v2\/product_cat?post=18244"},{"taxonomy":"product_tag","embeddable":true,"href":"https:\/\/bracaravinum.pt\/it\/wp-json\/wp\/v2\/product_tag?post=18244"}],"curies":[{"name":"wp","href":"https:\/\/api.w.org\/{rel}","templated":true}]}}