{"id":18001,"date":"2023-10-28T11:16:29","date_gmt":"2023-10-28T11:16:29","guid":{"rendered":"https:\/\/bracaravinum.pt\/?post_type=product&#038;p=18001"},"modified":"2023-10-28T11:17:38","modified_gmt":"2023-10-28T11:17:38","slug":"monte-das-bagas-de-ouro-superior-branco-2020-75cl","status":"publish","type":"product","link":"https:\/\/bracaravinum.pt\/it\/prodotto\/monte-das-bagas-de-ouro-superior-branco-2020-75cl\/","title":{"rendered":"Monte das Bagas de Ouro Superiore Bianco 2020 75cl"},"content":{"rendered":"<p><img decoding=\"async\" class=\"size-full wp-image-17991 aligncenter\" src=\"http:\/\/bracaravinum.pt\/wp-content\/uploads\/2023\/10\/logo-adega_compress.png\" alt=\"\" width=\"150\" height=\"170\" srcset=\"https:\/\/bracaravinum.pt\/wp-content\/uploads\/2023\/10\/logo-adega_compress.png 150w, https:\/\/bracaravinum.pt\/wp-content\/uploads\/2023\/10\/logo-adega_compress-11x12.png 11w\" sizes=\"(max-width: 150px) 100vw, 150px\" \/><\/p>\n<p>Gli odori... i colori... le sensazioni.<\/p>\n<p>L&#039;alba.<\/p>\n<p>Un sogno diventato realt\u00e0.<\/p>\n<p>Adega do Montado si dedica alla produzione e vendita di vino in Serpa e nasce da un sogno di uno dei soci: piantare un vigneto in Alentejo e far conoscere la regione al mondo.<\/p>\n<p>Nel 2015 nasce il vigneto.<\/p>\n<p>Nel 2019 nasce la Cantina, un progetto di famiglia che attraversa le generazioni e si basa sulla passione per la campagna e il mondo del vino.<\/p>\n<p>L&#039;immensit\u00e0 della pianura, i colori che segnano la terra, il sole. Tutto riguarda Adega do Montado.<\/p>","protected":false},"excerpt":{"rendered":"<p>Castas: Viognier<\/p>\n<p>A inquietude e irrever\u00eancia do projeto do Monte das Bagas de Ouro, expresso numa gama de qualidade impar a que designamos SUPERIOR. A personaliza\u00e7\u00e3o do exotismo da primeira edi\u00e7\u00e3o desenvolveu-se a partir da casta VIOGNIER, criando um vinho raro numa edi\u00e7\u00e3o especial.. SUPERIOR. Este Viognier de grande intensidade e defini\u00e7\u00e3o arom\u00e1tica, envolve-nos num turbilh\u00e3o de sensa\u00e7\u00f5es m\u00e1gicas, onde os frutos tropicais dominam. Na boca sentimos harmonia, o equil\u00edbrio entre a frescura e o volume\u2026 entre a acidez e a persist\u00eancia! Apetece repetir, pelo prazer que nos proporciona\u2026pela paix\u00e3o que nos desperta!<\/p>","protected":false},"featured_media":18002,"template":"","meta":{"_exactmetrics_skip_tracking":false,"_exactmetrics_sitenote_active":false,"_exactmetrics_sitenote_note":"","_exactmetrics_sitenote_category":0,"_uf_show_specific_survey":0,"_uf_disable_surveys":false,"iawp_total_views":2},"product_brand":[],"product_cat":[157,185,189],"product_tag":[],"class_list":{"0":"post-18001","1":"product","2":"type-product","3":"status-publish","4":"has-post-thumbnail","6":"product_cat-vinhos","7":"product_cat-branco","8":"product_cat-alentejo-branco","10":"first","11":"instock","12":"shipping-taxable","13":"purchasable","14":"product-type-simple"},"_links":{"self":[{"href":"https:\/\/bracaravinum.pt\/it\/wp-json\/wp\/v2\/product\/18001","targetHints":{"allow":["GET"]}}],"collection":[{"href":"https:\/\/bracaravinum.pt\/it\/wp-json\/wp\/v2\/product"}],"about":[{"href":"https:\/\/bracaravinum.pt\/it\/wp-json\/wp\/v2\/types\/product"}],"wp:featuredmedia":[{"embeddable":true,"href":"https:\/\/bracaravinum.pt\/it\/wp-json\/wp\/v2\/media\/18002"}],"wp:attachment":[{"href":"https:\/\/bracaravinum.pt\/it\/wp-json\/wp\/v2\/media?parent=18001"}],"wp:term":[{"taxonomy":"product_brand","embeddable":true,"href":"https:\/\/bracaravinum.pt\/it\/wp-json\/wp\/v2\/product_brand?post=18001"},{"taxonomy":"product_cat","embeddable":true,"href":"https:\/\/bracaravinum.pt\/it\/wp-json\/wp\/v2\/product_cat?post=18001"},{"taxonomy":"product_tag","embeddable":true,"href":"https:\/\/bracaravinum.pt\/it\/wp-json\/wp\/v2\/product_tag?post=18001"}],"curies":[{"name":"wp","href":"https:\/\/api.w.org\/{rel}","templated":true}]}}