{"id":17964,"date":"2023-10-19T18:35:41","date_gmt":"2023-10-19T18:35:41","guid":{"rendered":"https:\/\/bracaravinum.pt\/?post_type=product&#038;p=17964"},"modified":"2025-10-07T11:27:11","modified_gmt":"2025-10-07T11:27:11","slug":"quinta-do-cachao-reserva-tinto-cx-3-garrafas","status":"publish","type":"product","link":"https:\/\/bracaravinum.pt\/it\/produto\/quinta-do-cachao-reserva-tinto-cx-3-garrafas\/","title":{"rendered":"Quinta do Cach\u00e3o Reserva Tinto cx 3 Garrafas"},"content":{"rendered":"<p><img fetchpriority=\"high\" decoding=\"async\" class=\"size-medium wp-image-15339 aligncenter\" src=\"http:\/\/bracaravinum.pt\/wp-content\/uploads\/2022\/02\/messias-logo-300x170.jpg\" alt=\"\" width=\"300\" height=\"170\" srcset=\"https:\/\/bracaravinum.pt\/wp-content\/uploads\/2022\/02\/messias-logo-300x170.jpg 300w, https:\/\/bracaravinum.pt\/wp-content\/uploads\/2022\/02\/messias-logo.jpg 550w\" sizes=\"(max-width: 300px) 100vw, 300px\" \/><\/p>\n<p>L&#039;azienda \u00e8 stata fondata nel 1926 da Messias Baptista, che ne ha mantenuto la gestione fino al 1973. L&#039;amministrazione di MESSIAS \u00e8 ancora oggi assicurata dai discendenti della famiglia Messias.<\/p>\n<p>Fin dalla sua fondazione, MESSIAS ha prodotto e venduto vini delle principali regioni delimitate: Bairrada, Douro, D\u00e3o, Vinho Verde e Porto. L&#039;azienda \u00e8 riconosciuta anche per l&#039;alta qualit\u00e0 dei suoi Vini Spumanti Naturali e dei Brandy.<\/p>\n<p>La sede di MESSIAS si trova a Mealhada, una piccola cittadina nella regione di Bairrada, dove l&#039;azienda dispone di pi\u00f9 di 6.000 metri quadrati di strutture e circa 160 ettari di vigneti.<\/p>\n<p>A Ferradosa, nella valle del Douro, MESSIAS possiede 200 ettari di cui 130 ettari occupati da vigneti, per la produzione di vino di Porto e vino Quinta do Cach\u00e3o Douro. Qui si trovano strutture di oltre 5.000 metri quadrati per la produzione, lo stoccaggio e l&#039;invecchiamento dei vini.<\/p>\n<p>Il vino di Porto viene imbottigliato a Vila Nova de Gaia, in un&#039;area di circa 10.000 metri quadrati, dove si trovano una filiale e un settore logistico.<\/p>\n<p>MESSIAS \u00e8 uno dei pochi gruppi che dispone di una gamma completa di prodotti vinicoli provenienti dalle migliori regioni portoghesi e dalle proprie Quintas.<\/p>","protected":false},"excerpt":{"rendered":"<p>A companhia foi fundada em 1926, por Messias Baptista, que manteve a administra\u00e7\u00e3o da empresa at\u00e9 1973. A Administra\u00e7\u00e3o da MESSIAS \u00e9 ainda, nos dias de hoje, assegurada pelos descendentes da fam\u00edlia Messias. Desde a sua funda\u00e7\u00e3o que a MESSIAS tem produzido e comercializado vinhos das principais regi\u00f5es demarcadas: Bairrada, Douro, D\u00e3o, Vinho Verde e [&hellip;]<\/p>\n","protected":false},"featured_media":17963,"template":"","meta":{"_exactmetrics_skip_tracking":false,"_exactmetrics_sitenote_active":false,"_exactmetrics_sitenote_note":"","_exactmetrics_sitenote_category":0,"_uf_show_specific_survey":0,"_uf_disable_surveys":false,"iawp_total_views":24},"product_brand":[],"product_cat":[216,258,215,184,157],"product_tag":[],"class_list":{"0":"post-17964","1":"product","2":"type-product","3":"status-publish","4":"has-post-thumbnail","6":"product_cat-conjuntos","7":"product_cat-conjuntos-de-oferta","8":"product_cat-douro","9":"product_cat-tinto","10":"product_cat-vinhos","12":"first","13":"instock","14":"shipping-taxable","15":"purchasable","16":"product-type-simple"},"_links":{"self":[{"href":"https:\/\/bracaravinum.pt\/it\/wp-json\/wp\/v2\/product\/17964","targetHints":{"allow":["GET"]}}],"collection":[{"href":"https:\/\/bracaravinum.pt\/it\/wp-json\/wp\/v2\/product"}],"about":[{"href":"https:\/\/bracaravinum.pt\/it\/wp-json\/wp\/v2\/types\/product"}],"wp:featuredmedia":[{"embeddable":true,"href":"https:\/\/bracaravinum.pt\/it\/wp-json\/wp\/v2\/media\/17963"}],"wp:attachment":[{"href":"https:\/\/bracaravinum.pt\/it\/wp-json\/wp\/v2\/media?parent=17964"}],"wp:term":[{"taxonomy":"product_brand","embeddable":true,"href":"https:\/\/bracaravinum.pt\/it\/wp-json\/wp\/v2\/product_brand?post=17964"},{"taxonomy":"product_cat","embeddable":true,"href":"https:\/\/bracaravinum.pt\/it\/wp-json\/wp\/v2\/product_cat?post=17964"},{"taxonomy":"product_tag","embeddable":true,"href":"https:\/\/bracaravinum.pt\/it\/wp-json\/wp\/v2\/product_tag?post=17964"}],"curies":[{"name":"wp","href":"https:\/\/api.w.org\/{rel}","templated":true}]}}