{"id":17743,"date":"2023-07-13T17:20:13","date_gmt":"2023-07-13T17:20:13","guid":{"rendered":"https:\/\/bracaravinum.pt\/?post_type=product&#038;p=17743"},"modified":"2025-12-09T09:34:55","modified_gmt":"2025-12-09T09:34:55","slug":"cricova-icewine-moscatel-375cl","status":"publish","type":"product","link":"https:\/\/bracaravinum.pt\/it\/prodotto\/cricova-icewine-moscatel-375cl\/","title":{"rendered":"Cricova Icewine Moscatel 37,5cl"},"content":{"rendered":"","protected":false},"excerpt":{"rendered":"<p><span>Doce vinho de sobremesa.\u00a0<\/span><span>Aroma rico a flores de ac\u00e1cia, manjeric\u00e3o, ma\u00e7\u00e3 verde, banana.\u00a0<\/span><span>Retrogosto frutado de longa dura\u00e7\u00e3o.\u00a0<\/span><span>Acompanha perfeitamente saladas de frutas, sorvetes.<\/span><\/p>\n<p>Origem &#8211; Moldavia<\/p>","protected":false},"featured_media":17744,"template":"","meta":{"_exactmetrics_skip_tracking":false,"_exactmetrics_sitenote_active":false,"_exactmetrics_sitenote_note":"","_exactmetrics_sitenote_category":0,"_uf_show_specific_survey":0,"_uf_disable_surveys":false,"iawp_total_views":14},"product_brand":[],"product_cat":[157,226],"product_tag":[],"class_list":{"0":"post-17743","1":"product","2":"type-product","3":"status-publish","4":"has-post-thumbnail","6":"product_cat-vinhos","7":"product_cat-icewine","9":"first","10":"instock","11":"shipping-taxable","12":"purchasable","13":"product-type-simple"},"_links":{"self":[{"href":"https:\/\/bracaravinum.pt\/it\/wp-json\/wp\/v2\/product\/17743","targetHints":{"allow":["GET"]}}],"collection":[{"href":"https:\/\/bracaravinum.pt\/it\/wp-json\/wp\/v2\/product"}],"about":[{"href":"https:\/\/bracaravinum.pt\/it\/wp-json\/wp\/v2\/types\/product"}],"wp:featuredmedia":[{"embeddable":true,"href":"https:\/\/bracaravinum.pt\/it\/wp-json\/wp\/v2\/media\/17744"}],"wp:attachment":[{"href":"https:\/\/bracaravinum.pt\/it\/wp-json\/wp\/v2\/media?parent=17743"}],"wp:term":[{"taxonomy":"product_brand","embeddable":true,"href":"https:\/\/bracaravinum.pt\/it\/wp-json\/wp\/v2\/product_brand?post=17743"},{"taxonomy":"product_cat","embeddable":true,"href":"https:\/\/bracaravinum.pt\/it\/wp-json\/wp\/v2\/product_cat?post=17743"},{"taxonomy":"product_tag","embeddable":true,"href":"https:\/\/bracaravinum.pt\/it\/wp-json\/wp\/v2\/product_tag?post=17743"}],"curies":[{"name":"wp","href":"https:\/\/api.w.org\/{rel}","templated":true}]}}