{"id":17351,"date":"2023-02-23T17:51:42","date_gmt":"2023-02-23T17:51:42","guid":{"rendered":"https:\/\/bracaravinum.pt\/?post_type=product&#038;p=17351"},"modified":"2025-11-06T19:14:14","modified_gmt":"2025-11-06T19:14:14","slug":"quinta-da-rede-grande-reserva-tinto-75cl","status":"publish","type":"product","link":"https:\/\/bracaravinum.pt\/it\/prodotto\/quinta-da-rede-grande-reserva-tinto-75cl\/","title":{"rendered":"Quinta da Rede Grande Reserva Tinto 2017 75cl"},"content":{"rendered":"<p><img decoding=\"async\" class=\"size-full wp-image-17352 aligncenter\" src=\"http:\/\/bracaravinum.pt\/wp-content\/uploads\/2023\/02\/logo-rede.png\" alt=\"\" width=\"254\" height=\"126\" srcset=\"https:\/\/bracaravinum.pt\/wp-content\/uploads\/2023\/02\/logo-rede.png 254w, https:\/\/bracaravinum.pt\/wp-content\/uploads\/2023\/02\/logo-rede-18x9.png 18w\" sizes=\"(max-width: 254px) 100vw, 254px\" \/><\/p>\n<p>A Quinta da Rede, situada na freguesia de Santa Cristina, tem os seus registos hist\u00f3ricos mais antigos em 1484, fazendo assim parte da Regi\u00e3o dos vinhos do Douro mesmo antes da demarca\u00e7\u00e3o de 1756, levada a cabo por Marqu\u00eas de Pombal e sob o alvar\u00e1 do rei D. Jos\u00e9 I.<\/p>\n<p>A Quinta tem vista para o rio Douro, na sua margem direita, entre Mes\u00e3o Frio e R\u00e9gua, a uma altitude entre 90 a 140 metros. \u00c9 reconhecida por ser o lugar onde em tempos se estendiam as redes de pesca (significado da Rede) de um lado para o outro Rio Douro, muito antes da constru\u00e7\u00e3o das barragens que alteraram o seu leito natural.<\/p>\n<p>A sua magn\u00edfica paisagem vitivin\u00edcola insere-se na \u00e1rea do Douro que foi reconhecida pela UNESCO como Patrim\u00f3nio Mundial.<\/p>","protected":false},"excerpt":{"rendered":"<p>Castas: Touriga Nacional (60%), Touriga Franca (20%), e Tinta Roriz (20%)<\/p>\n<p>Bastante complexidade arom\u00e1tica, bagas silvestres, esteva, especiarias diversas, um toque fumado, muito cativante.<\/p>\n<p>Profundo e distinto, encorpado, com taninos redondos e sedosos. Excelente equil\u00edbrio \u00e1cido que lhe transmite muita frescura e confirma todo o car\u00e1cter do Baixo Corgo.<\/p>\n<p>\u00d3ptima companhia para estufados de carne, vitela grelhada, pato assado no forno, queijos curados e condimentados.<\/p>","protected":false},"featured_media":17353,"template":"","meta":{"_exactmetrics_skip_tracking":false,"_exactmetrics_sitenote_active":false,"_exactmetrics_sitenote_note":"","_exactmetrics_sitenote_category":0,"_uf_show_specific_survey":0,"_uf_disable_surveys":false,"iawp_total_views":17},"product_brand":[],"product_cat":[157,184,215],"product_tag":[],"class_list":{"0":"post-17351","1":"product","2":"type-product","3":"status-publish","4":"has-post-thumbnail","6":"product_cat-vinhos","7":"product_cat-tinto","8":"product_cat-douro","10":"first","11":"instock","12":"shipping-taxable","13":"purchasable","14":"product-type-simple"},"_links":{"self":[{"href":"https:\/\/bracaravinum.pt\/it\/wp-json\/wp\/v2\/product\/17351","targetHints":{"allow":["GET"]}}],"collection":[{"href":"https:\/\/bracaravinum.pt\/it\/wp-json\/wp\/v2\/product"}],"about":[{"href":"https:\/\/bracaravinum.pt\/it\/wp-json\/wp\/v2\/types\/product"}],"wp:featuredmedia":[{"embeddable":true,"href":"https:\/\/bracaravinum.pt\/it\/wp-json\/wp\/v2\/media\/17353"}],"wp:attachment":[{"href":"https:\/\/bracaravinum.pt\/it\/wp-json\/wp\/v2\/media?parent=17351"}],"wp:term":[{"taxonomy":"product_brand","embeddable":true,"href":"https:\/\/bracaravinum.pt\/it\/wp-json\/wp\/v2\/product_brand?post=17351"},{"taxonomy":"product_cat","embeddable":true,"href":"https:\/\/bracaravinum.pt\/it\/wp-json\/wp\/v2\/product_cat?post=17351"},{"taxonomy":"product_tag","embeddable":true,"href":"https:\/\/bracaravinum.pt\/it\/wp-json\/wp\/v2\/product_tag?post=17351"}],"curies":[{"name":"wp","href":"https:\/\/api.w.org\/{rel}","templated":true}]}}