{"id":17219,"date":"2023-01-30T17:19:35","date_gmt":"2023-01-30T17:19:35","guid":{"rendered":"https:\/\/bracaravinum.pt\/?post_type=product&#038;p=17219"},"modified":"2024-07-06T11:43:58","modified_gmt":"2024-07-06T11:43:58","slug":"natalha-branco-75cl","status":"publish","type":"product","link":"https:\/\/bracaravinum.pt\/it\/prodotto\/natalha-branco-75cl\/","title":{"rendered":"Natalha Branco 2022 75cl"},"content":{"rendered":"<p><img decoding=\"async\" class=\"size-full wp-image-17220 aligncenter\" src=\"http:\/\/bracaravinum.pt\/wp-content\/uploads\/2023\/01\/Logo-Geracoes-da-talha.png\" alt=\"\" width=\"100\" height=\"100\" srcset=\"https:\/\/bracaravinum.pt\/wp-content\/uploads\/2023\/01\/Logo-Geracoes-da-talha.png 100w, https:\/\/bracaravinum.pt\/wp-content\/uploads\/2023\/01\/Logo-Geracoes-da-talha-12x12.png 12w\" sizes=\"(max-width: 100px) 100vw, 100px\" \/><\/p>\n<p>A Adega GERA\u00c7\u00d5ES DA TALHA situa-se na Vila de Frades e data do s\u00e9culo XVIII.\u00a0\u00c9 um local de tradi\u00e7\u00f5es e saberes de gera\u00e7\u00f5es que tem vindo a trazer e a aperfei\u00e7oar o t\u00e3o magn\u00edfico\u00a0<em>Vinho da Talha<\/em>\u00a0.<\/p>\n<p>Esta adega foi adquirida por Francisco Nogueira Anacleto, que herdou e transmitiu com mestria a arte e sabedoria de lavrar o vinho \u00e0s gera\u00e7\u00f5es que se seguiram.\u00a0Uma tradi\u00e7\u00e3o que foi abra\u00e7ada com grande paix\u00e3o pelo seu genro, o Professor Arlindo Maria Ruivo, que tem dedicado a sua vida a este precioso e \u00fanico n\u00e9ctar que \u00e9 o vinho lavrado, bem como, pelos seus filhos e netos, que foram apreendidos por este conhecimento milenar e cujas gera\u00e7\u00f5es impulsionaram o projeto GERA\u00c7\u00d5ES DA TALHA.<\/p>\n<p>Este \u00e9 um projeto que nasceu para enaltecer, afirmar e manter a produ\u00e7\u00e3o genu\u00edna de vinho de talha que persiste h\u00e1 mais de 2 mil\u00e9nios e est\u00e1 bem evidenciada nas caves e gentes da terra.<\/p>","protected":false},"excerpt":{"rendered":"<p><span class=\"JsGRdQ\">CASTAS<\/span><span class=\"JsGRdQ\">: S\u00edria (Roupeiro), Ant\u00e3o Vaz, Perrum e mante\u00fado.<\/span><\/p>\n<p><span class=\"JsGRdQ\">O NaTalha \u00e9 um vinho que respeita o m\u00e9todo ancestral de vinifica\u00e7\u00e3o em Talha de barro e surge de uma nova<\/span>\u00a0<span class=\"JsGRdQ\">consci\u00eancia da produtora. Com uma cor amarelo dourado proveniente da macera\u00e7\u00e3o pelicular, no nariz sobressaem as notas de fruta tropical fresca. Na boca revela uma acidez persistente conjugada com uma cremosidade aut\u00eantica. Um vinho \u00fanico, intenso e cheio de personalidade. <\/span><\/p>\n<p><span class=\"JsGRdQ\">Teor alco\u00f3lico (%Vol.):\u00a0<\/span><span class=\"JsGRdQ\">13%.<\/span><\/p>","protected":false},"featured_media":17226,"template":"","meta":{"_exactmetrics_skip_tracking":false,"_exactmetrics_sitenote_active":false,"_exactmetrics_sitenote_note":"","_exactmetrics_sitenote_category":0,"_uf_show_specific_survey":0,"_uf_disable_surveys":false,"iawp_total_views":23},"product_brand":[],"product_cat":[157,185,189],"product_tag":[],"class_list":{"0":"post-17219","1":"product","2":"type-product","3":"status-publish","4":"has-post-thumbnail","6":"product_cat-vinhos","7":"product_cat-branco","8":"product_cat-alentejo-branco","10":"first","11":"instock","12":"shipping-taxable","13":"purchasable","14":"product-type-simple"},"_links":{"self":[{"href":"https:\/\/bracaravinum.pt\/it\/wp-json\/wp\/v2\/product\/17219","targetHints":{"allow":["GET"]}}],"collection":[{"href":"https:\/\/bracaravinum.pt\/it\/wp-json\/wp\/v2\/product"}],"about":[{"href":"https:\/\/bracaravinum.pt\/it\/wp-json\/wp\/v2\/types\/product"}],"wp:featuredmedia":[{"embeddable":true,"href":"https:\/\/bracaravinum.pt\/it\/wp-json\/wp\/v2\/media\/17226"}],"wp:attachment":[{"href":"https:\/\/bracaravinum.pt\/it\/wp-json\/wp\/v2\/media?parent=17219"}],"wp:term":[{"taxonomy":"product_brand","embeddable":true,"href":"https:\/\/bracaravinum.pt\/it\/wp-json\/wp\/v2\/product_brand?post=17219"},{"taxonomy":"product_cat","embeddable":true,"href":"https:\/\/bracaravinum.pt\/it\/wp-json\/wp\/v2\/product_cat?post=17219"},{"taxonomy":"product_tag","embeddable":true,"href":"https:\/\/bracaravinum.pt\/it\/wp-json\/wp\/v2\/product_tag?post=17219"}],"curies":[{"name":"wp","href":"https:\/\/api.w.org\/{rel}","templated":true}]}}