{"id":17215,"date":"2023-01-28T12:49:11","date_gmt":"2023-01-28T12:49:11","guid":{"rendered":"https:\/\/bracaravinum.pt\/?post_type=product&#038;p=17215"},"modified":"2025-11-23T16:54:28","modified_gmt":"2025-11-23T16:54:28","slug":"pedigree-tinto-75cl","status":"publish","type":"product","link":"https:\/\/bracaravinum.pt\/it\/prodotto\/pedigree-tinto-75cl\/","title":{"rendered":"Pedigree Tinto 2019 75cl"},"content":{"rendered":"<p><img fetchpriority=\"high\" decoding=\"async\" class=\"size-full wp-image-17211 aligncenter\" src=\"http:\/\/bracaravinum.pt\/wp-content\/uploads\/2023\/01\/logo-quinta-reguengo.png\" alt=\"\" width=\"300\" height=\"226\" srcset=\"https:\/\/bracaravinum.pt\/wp-content\/uploads\/2023\/01\/logo-quinta-reguengo.png 300w, https:\/\/bracaravinum.pt\/wp-content\/uploads\/2023\/01\/logo-quinta-reguengo-16x12.png 16w\" sizes=\"(max-width: 300px) 100vw, 300px\" \/><\/p>\n<p>Fu dal fiume Douro, durante una gita in barca, che il patriarca della Famiglia Cardoso vide per la prima volta la propriet\u00e0 che avrebbe finito per considerare sua: Quinta do Reguengo, a Pocinho (Vila Nova de Foz C\u00f4a).<br \/>\nSe la bellezza della Regione Patrimonio dell&#039;Umanit\u00e0 ha incantato la Famiglia, sono stati il desiderio e la visione di creare vini eccellenti a spingerli a restare, dal 2018, per dare nuova vita al \u201creguengo\u201d che un tempo apparteneva alla regina D. Am\u00e9lia.<br \/>\nLa riabilitazione della cantina e dei mulini, cos\u00ec come la ristrutturazione del vigneto, si stanno gi\u00e0 concretizzando in nuove referenze di vino che onorano la storia e il profilo della regione.<\/p>\n<p>Situata nella sottoregione del Douro Superiore, Quinta do Reguengo si trova sulla faglia tettonica di Vilari\u00e7a, dove terreni argillo-scistosi con affioramenti granitici si combinano con un microclima unico, che si affida ai venti caldi e umidi della valle del fiume e ai venti pi\u00f9 freschi in Spagna.<br \/>\nQuesto eccezionale ecosistema naturale per la produzione di vini complessi ed equilibrati beneficia anche di una grande diversit\u00e0 di altitudini (fino a 300 metri), esposizione al sole e vitigni.<\/p>\n<p>I 200 ettari di propriet\u00e0 del produttore si estendono su due localit\u00e0 che si fondono sotto il vessillo di Quinta do Reguengo: la Quinta stessa, circondata dal fiume Douro, e anche Vale da Pia, propriet\u00e0 di maggiore altitudine ed estensione, dove \u00e8 stato complesso sono stati eseguiti lavori di restauro e rinnovamento del vigneto.<br \/>\nUna dozzina di vitigni \u2013 tra cui Touriga Nacional e Touriga Francesa, Tinta Roriz, Gouveio o Viosinho \u2013 trovano nelle due propriet\u00e0 luoghi ideali per raggiungere la loro massima espressione.<\/p>","protected":false},"excerpt":{"rendered":"<p>CASTAS:\u00a0Mistura de castas.<\/p>\n<p>VINDIMA:\u00a0Vindima manual realizada em setembro de 2016 em vinha plantada em socalcos tradicionais (mais de 80 anos), com uma altitude de 250m a 450m.<\/p>\n<p>VINIFICA\u00c7\u00c3O: Colheita manual para caixas de 20kg. As uvas foram cuidadosamente selecionadas em mesa de escolha e de seguida desenga\u00e7adas. A fermenta\u00e7\u00e3o feita em lagar com leveduras ind\u00edgenas. Finalizou com um est\u00e1gio de 24 meses em barrica, 50% em barricas novas, 50% em barricas usadas de carvalho franc\u00eas (225L).<\/p>\n<p>Aroma intenso a frutos do bosque e fruta preta, notas bals\u00e2micas e especiaria. Na boca \u00e9 frutado, taninos firmes e muito bem integrados. Apresenta uma boa acidez e um final longo e saboroso.<\/p>\n<p>Teor alco\u00f3lico (%Vol.): 14%<\/p>","protected":false},"featured_media":17216,"template":"","meta":{"_exactmetrics_skip_tracking":false,"_exactmetrics_sitenote_active":false,"_exactmetrics_sitenote_note":"","_exactmetrics_sitenote_category":0,"_uf_show_specific_survey":0,"_uf_disable_surveys":false,"iawp_total_views":96},"product_brand":[],"product_cat":[215,184,157],"product_tag":[],"class_list":{"0":"post-17215","1":"product","2":"type-product","3":"status-publish","4":"has-post-thumbnail","6":"product_cat-douro","7":"product_cat-tinto","8":"product_cat-vinhos","10":"first","11":"instock","12":"shipping-taxable","13":"purchasable","14":"product-type-simple"},"_links":{"self":[{"href":"https:\/\/bracaravinum.pt\/it\/wp-json\/wp\/v2\/product\/17215","targetHints":{"allow":["GET"]}}],"collection":[{"href":"https:\/\/bracaravinum.pt\/it\/wp-json\/wp\/v2\/product"}],"about":[{"href":"https:\/\/bracaravinum.pt\/it\/wp-json\/wp\/v2\/types\/product"}],"wp:featuredmedia":[{"embeddable":true,"href":"https:\/\/bracaravinum.pt\/it\/wp-json\/wp\/v2\/media\/17216"}],"wp:attachment":[{"href":"https:\/\/bracaravinum.pt\/it\/wp-json\/wp\/v2\/media?parent=17215"}],"wp:term":[{"taxonomy":"product_brand","embeddable":true,"href":"https:\/\/bracaravinum.pt\/it\/wp-json\/wp\/v2\/product_brand?post=17215"},{"taxonomy":"product_cat","embeddable":true,"href":"https:\/\/bracaravinum.pt\/it\/wp-json\/wp\/v2\/product_cat?post=17215"},{"taxonomy":"product_tag","embeddable":true,"href":"https:\/\/bracaravinum.pt\/it\/wp-json\/wp\/v2\/product_tag?post=17215"}],"curies":[{"name":"wp","href":"https:\/\/api.w.org\/{rel}","templated":true}]}}