{"id":17195,"date":"2023-01-28T12:09:03","date_gmt":"2023-01-28T12:09:03","guid":{"rendered":"https:\/\/bracaravinum.pt\/?post_type=product&#038;p=17195"},"modified":"2024-10-23T18:38:58","modified_gmt":"2024-10-23T18:38:58","slug":"paco-dos-infantes-touriga-nacional-tinto-2020-75cl","status":"publish","type":"product","link":"https:\/\/bracaravinum.pt\/it\/prodotto\/paco-dos-infantes-touriga-nacional-tinto-2020-75cl\/","title":{"rendered":"Pa\u00e7o dos Infantes Touriga Nacional Tinto 2020 75cl"},"content":{"rendered":"<p><img fetchpriority=\"high\" decoding=\"async\" class=\"size-medium wp-image-17191 aligncenter\" src=\"http:\/\/bracaravinum.pt\/wp-content\/uploads\/2023\/01\/logo-familiacardoso-300x167.png\" alt=\"\" width=\"300\" height=\"167\" srcset=\"https:\/\/bracaravinum.pt\/wp-content\/uploads\/2023\/01\/logo-familiacardoso-300x167.png 300w, https:\/\/bracaravinum.pt\/wp-content\/uploads\/2023\/01\/logo-familiacardoso-1024x570.png 1024w, https:\/\/bracaravinum.pt\/wp-content\/uploads\/2023\/01\/logo-familiacardoso-768x428.png 768w, https:\/\/bracaravinum.pt\/wp-content\/uploads\/2023\/01\/logo-familiacardoso-18x10.png 18w, https:\/\/bracaravinum.pt\/wp-content\/uploads\/2023\/01\/logo-familiacardoso-600x334.png 600w, https:\/\/bracaravinum.pt\/wp-content\/uploads\/2023\/01\/logo-familiacardoso.png 1514w\" sizes=\"(max-width: 300px) 100vw, 300px\" \/><\/p>\n<p>Tra vigneti e uliveti che ti fanno sembrare perso all&#039;orizzonte, appare Herdade da Lisboa.<br \/>\nDal 2011 \u00e8 la sede della Famiglia Cardoso a Vidigueira, nella sottoregione del Baixo Alentejo. Un luogo dove la modernit\u00e0 dell&#039;azienda vinicola incontra la tradizione delle cantine dell&#039;Alentejo e dove la diversit\u00e0 della viticoltura si aggiunge all&#039;evoluzione permanente dell&#039;enologia.<\/p>\n<p>\u00c8 nelle caratteristiche privilegiate del territorio che comincia ad emergere tutto il potenziale della regione di cui Herdade a Lisboa fa parte.<br \/>\nLa Serra do Mendro, situata a nord di Vidigueira, crea una barriera naturale che favorisce la ritenzione dei venti freschi provenienti dall&#039;Oceano Atlantico, causando maggiori precipitazioni e grandi variazioni termiche. Mattinate e sere fredde e giornate calde favoriscono una maturazione equilibrata delle uve, preservandone la freschezza e la naturale acidit\u00e0. I dolci pendii e le elevazioni del paesaggio, cos\u00ec come i terreni argillo-scistosi, conferiscono mineralit\u00e0, freschezza e diversit\u00e0 ai vini Herdade da Lisboa.<\/p>\n<p>I circa 100 ettari di vigneti di Herdade da Lisboa esprimono la diversit\u00e0 della propriet\u00e0, attraverso un compromesso tra vitigni tipici dell&#039;Alentejo e variet\u00e0 internazionali, tra cui sette variet\u00e0 di uve bianche e otto rosse.<br \/>\nIl vigneto esprime anche il profondo rispetto del produttore per la natura, integrando diverse pratiche sostenibili, che consentono di ottimizzare il consumo di risorse essenziali, come acqua ed energia. Prati naturali, taglio meccanico delle erbacce per evitare l&#039;uso di erbicidi, monitoraggio attento dei parassiti, utilizzo di pannelli solari, una stazione meteorologica dedicata e sonde per misurare l&#039;umidit\u00e0 e la temperatura del suolo sono alcune delle tecniche e delle attrezzature utilizzate.<\/p>","protected":false},"excerpt":{"rendered":"<p data-css=\"tve-u-178acfdf38c\">O varietal Touriga Nacional Pa\u00e7o dos Infantes \u00e9 produzido a partir de uvas colhidas manualmente na Herdade da Lisboa. Trata-se de um tinto que fermenta em lagar e estagia em barricas de 500 litros de carvalho franc\u00eas, durante 10 meses. Apresenta cor rubi profunda e aroma dominado pela fruta, em equil\u00edbrio com notas suaves tostadas provenientes do est\u00e1gio em madeira. O tanino fino e bem polido origina uma prova de boca estruturada, marcada pela eleg\u00e2ncia.<\/p>\n<p data-css=\"tve-u-178acfe2974\">Acompanha muito bem pratos de carne e peixe da cozinha tradicional portuguesa, ca\u00e7a, risotto de cogumelos e queijos de sabor intenso.<\/p>","protected":false},"featured_media":17196,"template":"","meta":{"_exactmetrics_skip_tracking":false,"_exactmetrics_sitenote_active":false,"_exactmetrics_sitenote_note":"","_exactmetrics_sitenote_category":0,"_uf_show_specific_survey":0,"_uf_disable_surveys":false,"iawp_total_views":9},"product_brand":[],"product_cat":[157,184,207],"product_tag":[],"class_list":{"0":"post-17195","1":"product","2":"type-product","3":"status-publish","4":"has-post-thumbnail","6":"product_cat-vinhos","7":"product_cat-tinto","8":"product_cat-alentejo","10":"first","11":"instock","12":"shipping-taxable","13":"purchasable","14":"product-type-simple"},"_links":{"self":[{"href":"https:\/\/bracaravinum.pt\/it\/wp-json\/wp\/v2\/product\/17195","targetHints":{"allow":["GET"]}}],"collection":[{"href":"https:\/\/bracaravinum.pt\/it\/wp-json\/wp\/v2\/product"}],"about":[{"href":"https:\/\/bracaravinum.pt\/it\/wp-json\/wp\/v2\/types\/product"}],"wp:featuredmedia":[{"embeddable":true,"href":"https:\/\/bracaravinum.pt\/it\/wp-json\/wp\/v2\/media\/17196"}],"wp:attachment":[{"href":"https:\/\/bracaravinum.pt\/it\/wp-json\/wp\/v2\/media?parent=17195"}],"wp:term":[{"taxonomy":"product_brand","embeddable":true,"href":"https:\/\/bracaravinum.pt\/it\/wp-json\/wp\/v2\/product_brand?post=17195"},{"taxonomy":"product_cat","embeddable":true,"href":"https:\/\/bracaravinum.pt\/it\/wp-json\/wp\/v2\/product_cat?post=17195"},{"taxonomy":"product_tag","embeddable":true,"href":"https:\/\/bracaravinum.pt\/it\/wp-json\/wp\/v2\/product_tag?post=17195"}],"curies":[{"name":"wp","href":"https:\/\/api.w.org\/{rel}","templated":true}]}}