{"id":17171,"date":"2023-01-21T11:24:27","date_gmt":"2023-01-21T11:24:27","guid":{"rendered":"https:\/\/bracaravinum.pt\/?post_type=product&#038;p=17171"},"modified":"2026-03-31T16:52:32","modified_gmt":"2026-03-31T16:52:32","slug":"ferro-da-ferradosa-branco-75cl","status":"publish","type":"product","link":"https:\/\/bracaravinum.pt\/it\/produto\/ferro-da-ferradosa-branco-75cl\/","title":{"rendered":"Ferro da Ferradosa Bianco 75cl"},"content":{"rendered":"<p><img decoding=\"async\" class=\"size-medium wp-image-17165 aligncenter\" src=\"http:\/\/bracaravinum.pt\/wp-content\/uploads\/2020\/04\/ferradosa-logo-300x40.png\" alt=\"\" width=\"300\" height=\"40\" srcset=\"https:\/\/bracaravinum.pt\/wp-content\/uploads\/2020\/04\/ferradosa-logo-300x40.png 300w, https:\/\/bracaravinum.pt\/wp-content\/uploads\/2020\/04\/ferradosa-logo-768x103.png 768w, https:\/\/bracaravinum.pt\/wp-content\/uploads\/2020\/04\/ferradosa-logo-18x2.png 18w, https:\/\/bracaravinum.pt\/wp-content\/uploads\/2020\/04\/ferradosa-logo-600x80.png 600w, https:\/\/bracaravinum.pt\/wp-content\/uploads\/2020\/04\/ferradosa-logo.png 776w\" sizes=\"(max-width: 300px) 100vw, 300px\" \/><\/p>\n<p>I primi riferimenti alla Quinta da Ferradosa risalgono alla fine del XIX secolo, quando apparteneva alla famiglia Borges.<\/p>\n<p>All&#039;inizio del XX secolo fu acquistato dalla Real Companhia Velha, la pi\u00f9 antica azienda vinicola di Porto.<\/p>\n<p>La costruzione della diga di Valeira ha causato un innalzamento del livello dell&#039;acqua del fiume Douro, sommergendo una vasta area dei vigneti di Quinta da Ferradosa, compromettendone il potenziale viticolo e rendendone difficile l&#039;accesso.<\/p>\n<p>Negli anni &#039;90 la Quinta fu acquistata da Joaquim Manuel Calem, proprietario dell&#039;azienda AA Calem &amp; Filho Lda, una delle principali aziende portoghesi produttrici ed esportatrici di vino di Porto, creata dal suo trisnonno nel 1859. L&#039;azienda rimase in famiglia fino al 21\u00b0 secolo, quando venne ceduta, insieme al marchio. Tuttavia il patrimonio delle fattorie rimase di propriet\u00e0 della famiglia Calem.<\/p>\n<p>Joaquim Manuel Calem, padre dell&#039;attuale proprietario, aveva una grande passione per Ferradosa, e qui ha piantato 13 ettari con tre dei principali vitigni della regione: Touriga Nacional, Touriga Franca e Tinta Roriz. Fu anche responsabile dell&#039;installazione dell&#039;elettricit\u00e0 nella propriet\u00e0 e aveva anche grandi progetti per ricostruire le rovine esistenti, al fine di riportare la Quinta al suo periodo di massimo splendore.<\/p>\n<p>Joaquim Manuel mor\u00ec nel 2006, quando suo figlio, anche lui Joaquim, eredit\u00f2 Ferradosa. Portando dentro di te lo stesso desiderio di investire in questa propriet\u00e0 remota, inospitale e stimolante, \u00e8 oggi nelle tue mani che fiorisce e diventa una delle fattorie pi\u00f9 romantiche del Douro.<\/p>","protected":false},"excerpt":{"rendered":"<p>Castas: Arinto, C\u00f3dega de Larinho e Rabigato<\/p>\n<p>Ferro da Ferradosa Douro Branco \u00e9 um vinho branco fresco, aromas a lima, lim\u00e3o com uma mineralidade marcada da variedade Arinto. Este vinho alia a acidez natural do Rabigato aos aromas a frutos tropicais do C\u00f3dega. Tem tamb\u00e9m Viosinho no lote. C\u00edtrico no nariz, na boca o Ferro da Ferradosa Douro Branco apresenta uma grande frescura e equil\u00edbrio.<\/p>","protected":false},"featured_media":17172,"template":"","meta":{"_exactmetrics_skip_tracking":false,"_exactmetrics_sitenote_active":false,"_exactmetrics_sitenote_note":"","_exactmetrics_sitenote_category":0,"_uf_show_specific_survey":0,"_uf_disable_surveys":false,"iawp_total_views":5},"product_brand":[],"product_cat":[185,188,157],"product_tag":[],"class_list":{"0":"post-17171","1":"product","2":"type-product","3":"status-publish","4":"has-post-thumbnail","6":"product_cat-branco","7":"product_cat-douro-branco","8":"product_cat-vinhos","10":"first","11":"instock","12":"shipping-taxable","13":"purchasable","14":"product-type-simple"},"_links":{"self":[{"href":"https:\/\/bracaravinum.pt\/it\/wp-json\/wp\/v2\/product\/17171","targetHints":{"allow":["GET"]}}],"collection":[{"href":"https:\/\/bracaravinum.pt\/it\/wp-json\/wp\/v2\/product"}],"about":[{"href":"https:\/\/bracaravinum.pt\/it\/wp-json\/wp\/v2\/types\/product"}],"wp:featuredmedia":[{"embeddable":true,"href":"https:\/\/bracaravinum.pt\/it\/wp-json\/wp\/v2\/media\/17172"}],"wp:attachment":[{"href":"https:\/\/bracaravinum.pt\/it\/wp-json\/wp\/v2\/media?parent=17171"}],"wp:term":[{"taxonomy":"product_brand","embeddable":true,"href":"https:\/\/bracaravinum.pt\/it\/wp-json\/wp\/v2\/product_brand?post=17171"},{"taxonomy":"product_cat","embeddable":true,"href":"https:\/\/bracaravinum.pt\/it\/wp-json\/wp\/v2\/product_cat?post=17171"},{"taxonomy":"product_tag","embeddable":true,"href":"https:\/\/bracaravinum.pt\/it\/wp-json\/wp\/v2\/product_tag?post=17171"}],"curies":[{"name":"wp","href":"https:\/\/api.w.org\/{rel}","templated":true}]}}