{"id":16792,"date":"2022-11-16T17:59:01","date_gmt":"2022-11-16T17:59:01","guid":{"rendered":"https:\/\/bracaravinum.pt\/?post_type=product&#038;p=16792"},"modified":"2025-07-10T08:46:27","modified_gmt":"2025-07-10T08:46:27","slug":"portal-reserva-branco-2021-75cl","status":"publish","type":"product","link":"https:\/\/bracaravinum.pt\/it\/produto\/portal-reserva-branco-2021-75cl\/","title":{"rendered":"Portal Reserva Branco 2023 75cl"},"content":{"rendered":"<p><img decoding=\"async\" class=\"size-full wp-image-15400 aligncenter\" src=\"http:\/\/bracaravinum.pt\/wp-content\/uploads\/2022\/02\/portal-logo.png\" alt=\"\" width=\"188\" height=\"186\" srcset=\"https:\/\/bracaravinum.pt\/wp-content\/uploads\/2022\/02\/portal-logo.png 188w, https:\/\/bracaravinum.pt\/wp-content\/uploads\/2022\/02\/portal-logo-100x100.png 100w\" sizes=\"(max-width: 188px) 100vw, 188px\" \/><\/p>\n<p>A\u00a0Quinta do Portal \u00e9 uma casa portuguesa, familiar e independente que abra\u00e7ou com toda a paix\u00e3o o conceito de \u201cBoutique Winery\u201d. Dedica-se \u00e0 produ\u00e7\u00e3o de vinhos do Douro, Vinhos do Porto de categorias especiais, e ainda Moscat\u00e9is e Azeite.<\/p>\n<p>Questo progetto si concretizz\u00f2 all&#039;inizio degli anni &#039;90 del secolo. XX, era basato su Quinta dos Muros, una propriet\u00e0 secolare della famiglia Mansilha, e sul vino di Porto che vi veniva prodotto da 4 generazioni. Con una visione del futuro, ha immediatamente investito nella creazione di vini Douro di livello mondiale, facendo parte del primo gruppo della nuova generazione di produttori di Douro che, a tempo debito, hanno creduto nel potenziale dei vini fermi del Douro.<\/p>\n<p>Al timone dell&#039;enologia e della produzione c&#039;\u00e8 Paulo Coutinho, che \u00e8 con noi dal 1994. Con il supporto tecnico di Pascal Chatonnet sui vini del Douro dal 1992, e ha avuto anche il privilegio di lavorare con Jeremy Bull sui vini di Porto a cavallo del secolo .<\/p>\n<p>La qualit\u00e0 \u00e8 sempre stata il motto, come dimostrano i numerosi riconoscimenti nazionali e internazionali assegnati sia ai vini e agli oli d&#039;oliva che ai vari servizi di Quinta do Portal.<\/p>\n<p>I vigneti di Quinta do Portal sono sottoposti al processo di Produzione Integrata, che richiede il rispetto di determinati standard per garantire la tutela dell&#039;ambiente.<br \/>\nMembri del Protocollo di Porto, un movimento i cui valori sono SOSTENIBILIT\u00c0, OTTIMISMO e CONDIVISIONE attraverso Responsabilit\u00e0, Collaborazione e Impegno. La Mission \u00e8 promuovere un\u2019azione collaborativa riunendo una rete di \u201coperatori\u201d del cambiamento e soluzioni fattibili in termini di clima per il mondo del vino, e la Vision \u00e8 quella di avere un mondo in cui le aziende uniscono le forze e agiscono insieme per ritardare e cambiare i cambiamenti climatici.<\/p>\n<p>Nei vigneti alcune delle pratiche utilizzate includono:<br \/>\n&gt; non mobilizzazione del terreno tra i filari;<br \/>\n&gt; interramento nel terreno di legna da ardere di potatura;<br \/>\n&gt; nessun utilizzo di erbicidi residui;<br \/>\n&gt; basse portate volumetriche nell&#039;applicazione di fitofarmaci;<br \/>\n&gt; crescente utilizzo di correttivi organici;<br \/>\n&gt; strategia di applicare prodotti fitosanitari solo quando viene raggiunto il livello economico di attacco;<br \/>\n&gt; impianto di vigneti in sistema \u201cVinha ao Alto\u201d fino a 40% di pendenza del terreno, e da 40 a 60% impianto su terrazze con filare di vite. Ci\u00f2 evita l&#039;uso di erbicidi sui pendii e anche la loro altezza \u00e8 inferiore.<\/p>\n<p>Con le pratiche descritte \u00e8 possibile proteggere gli organismi ausiliari, in particolare quelli della famiglia dei coccinellidi.<br \/>\nDa segnalare anche la ricomparsa degli stormi di pernici nei vigneti.<\/p>","protected":false},"excerpt":{"rendered":"<p>Com car\u00e1cter marcado pela forte acidez e fruto maduro que caracterizam as nossas castas em altitude, perfeitamente integradas com algumas notas tostadas. Um misto de percep\u00e7\u00f5es que v\u00e3o desde as flores brancas ou ch\u00e1 verde, at\u00e9 frutados maduros de polpa amarela e fruta desidratada. O final de boca \u00e9 envolvente e muito fresco.<\/p>","protected":false},"featured_media":16793,"template":"","meta":{"_exactmetrics_skip_tracking":false,"_exactmetrics_sitenote_active":false,"_exactmetrics_sitenote_note":"","_exactmetrics_sitenote_category":0,"_uf_show_specific_survey":0,"_uf_disable_surveys":false,"iawp_total_views":26},"product_brand":[],"product_cat":[185,188,157],"product_tag":[],"class_list":{"0":"post-16792","1":"product","2":"type-product","3":"status-publish","4":"has-post-thumbnail","6":"product_cat-branco","7":"product_cat-douro-branco","8":"product_cat-vinhos","10":"first","11":"instock","12":"shipping-taxable","13":"purchasable","14":"product-type-simple"},"_links":{"self":[{"href":"https:\/\/bracaravinum.pt\/it\/wp-json\/wp\/v2\/product\/16792","targetHints":{"allow":["GET"]}}],"collection":[{"href":"https:\/\/bracaravinum.pt\/it\/wp-json\/wp\/v2\/product"}],"about":[{"href":"https:\/\/bracaravinum.pt\/it\/wp-json\/wp\/v2\/types\/product"}],"wp:featuredmedia":[{"embeddable":true,"href":"https:\/\/bracaravinum.pt\/it\/wp-json\/wp\/v2\/media\/16793"}],"wp:attachment":[{"href":"https:\/\/bracaravinum.pt\/it\/wp-json\/wp\/v2\/media?parent=16792"}],"wp:term":[{"taxonomy":"product_brand","embeddable":true,"href":"https:\/\/bracaravinum.pt\/it\/wp-json\/wp\/v2\/product_brand?post=16792"},{"taxonomy":"product_cat","embeddable":true,"href":"https:\/\/bracaravinum.pt\/it\/wp-json\/wp\/v2\/product_cat?post=16792"},{"taxonomy":"product_tag","embeddable":true,"href":"https:\/\/bracaravinum.pt\/it\/wp-json\/wp\/v2\/product_tag?post=16792"}],"curies":[{"name":"wp","href":"https:\/\/api.w.org\/{rel}","templated":true}]}}