{"id":16768,"date":"2022-11-12T17:30:37","date_gmt":"2022-11-12T17:30:37","guid":{"rendered":"https:\/\/bracaravinum.pt\/?post_type=product&#038;p=16768"},"modified":"2026-04-01T15:02:28","modified_gmt":"2026-04-01T15:02:28","slug":"quinta-do-vale-d-maria-vinha-da-francisca-tinto-2019-75cl","status":"publish","type":"product","link":"https:\/\/bracaravinum.pt\/it\/prodotto\/quinta-do-vale-d-maria-vinha-da-francisca-tinto-2019-75cl\/","title":{"rendered":"Quinta do Vale D. Maria Vinha da Francisca Tinto 2021 75cl"},"content":{"rendered":"<p><img fetchpriority=\"high\" decoding=\"async\" class=\"size-medium wp-image-16029 aligncenter\" src=\"http:\/\/bracaravinum.pt\/wp-content\/uploads\/2022\/05\/quintavaledonamaria-logo-300x300.png\" alt=\"\" width=\"300\" height=\"300\" srcset=\"https:\/\/bracaravinum.pt\/wp-content\/uploads\/2022\/05\/quintavaledonamaria-logo-300x300.png 300w, https:\/\/bracaravinum.pt\/wp-content\/uploads\/2022\/05\/quintavaledonamaria-logo-150x150.png 150w, https:\/\/bracaravinum.pt\/wp-content\/uploads\/2022\/05\/quintavaledonamaria-logo-768x768.png 768w, https:\/\/bracaravinum.pt\/wp-content\/uploads\/2022\/05\/quintavaledonamaria-logo-12x12.png 12w, https:\/\/bracaravinum.pt\/wp-content\/uploads\/2022\/05\/quintavaledonamaria-logo-600x600.png 600w, https:\/\/bracaravinum.pt\/wp-content\/uploads\/2022\/05\/quintavaledonamaria-logo-100x100.png 100w, https:\/\/bracaravinum.pt\/wp-content\/uploads\/2022\/05\/quintavaledonamaria-logo.png 872w\" sizes=\"(max-width: 300px) 100vw, 300px\" \/><\/p>\n<p class=\"animate animated\">Situata nel cuore della regione del Douro, a Cima Corgo nella valle del Rio Torto, le prime testimonianze di Quinta Vale D. Maria risalgono al 1868. La storia della vinificazione di Quinta Vale D. Maria inizia nel 1996 nelle mani di Cristiano van Zeller, quando acquista la propriet\u00e0 dalla famiglia di sua moglie, Joana Lemos van Zeller.<\/p>\n<p class=\"animate animated\">Da allora, e grazie a tanta dedizione e passione, Quinta Vale D. Maria \u00e8 all&#039;origine di vini unici, la cui qualit\u00e0 \u00e8 riconosciuta a livello nazionale e internazionale. Il profondo rispetto per questa regione e per l&#039;eredit\u00e0 di Cristiano van Zeller, a favore di un sigillo di eccellenza, \u00e8 stato all&#039;origine dell&#039;acquisizione di Quinta Vale D. Maria, da parte di Aveleda nel 2017. Un anno prima, Aveleda aveva gi\u00e0 acquisito Quinta Vale do Sabor, situata nella sottoregione del Douro Superiore.<\/p>","protected":false},"excerpt":{"rendered":"<p>Origem das uvas:\u00a0Em 2004, ano do 18\u00ba anivers\u00e1rio da Francisca, filha de Cristiano van Zeller, uma nova vinha foi plantada, com Sous\u00e3o (50%), Touriga Franca, Touriga Nacional, Tinta Francisca e Rufete. Com um total de 4,5 hectares, a Vinha da Francisca est\u00e1 virada a Sul e Sudeste, principalmente.<\/p>\n<p>Vinifica\u00e7\u00e3o e envelhecimento:\u00a0Todas as uvas s\u00e3o apanhadas \u00e0 m\u00e3o, cuidadosamente selecionadas no tapete de escolha e desenga\u00e7adas antes de entrarem nos lagares de granito. Todas as uvas s\u00e3o pisadas em lagares e fermentam depois durante 7 a 10 dias a temperaturas de 22\u00baC a 27\u00baC nos lagares com remontagens manuais. Os vinhos s\u00e3o tirados a limpo para barricas novas de carvalho franc\u00eas de 225L, barris de diferentes caracter\u00edsticas (Seguin Moreau, Fran\u00e7ois Fr\u00e8res, Taransaud, Nadalie e Berthomieu), onde se processa a fermenta\u00e7\u00e3o malol\u00e1ctica. Estagia durante 18 meses em barricas de carvalho franc\u00eas 50% novas. A sele\u00e7\u00e3o final de barricas e a composi\u00e7\u00e3o do lote processa-se cerca de um m\u00eas antes do engarrafamento.<\/p>\n<p>Notas de prova:\u00a0De excecional frescura, o Quinta Vale D. Maria Vinha da Francisca 2019 marca pela sua eleg\u00e2ncia. Com uma grande profundidade de cor, este vinho seduz pela concentra\u00e7\u00e3o de aroma de frutos vermelhos maduros, cereja negra, ameixa e framboesa. Eleg\u00e2ncia e frescura anunciam um final longo e cremoso.<\/p>","protected":false},"featured_media":16549,"template":"","meta":{"_exactmetrics_skip_tracking":false,"_exactmetrics_sitenote_active":false,"_exactmetrics_sitenote_note":"","_exactmetrics_sitenote_category":0,"_uf_show_specific_survey":0,"_uf_disable_surveys":false,"iawp_total_views":12},"product_brand":[],"product_cat":[215,201,162,184,157],"product_tag":[],"class_list":{"0":"post-16768","1":"product","2":"type-product","3":"status-publish","4":"has-post-thumbnail","6":"product_cat-douro","7":"product_cat-grandes-vinhos","8":"product_cat-raridades","9":"product_cat-tinto","10":"product_cat-vinhos","12":"first","13":"instock","14":"shipping-taxable","15":"purchasable","16":"product-type-simple"},"_links":{"self":[{"href":"https:\/\/bracaravinum.pt\/it\/wp-json\/wp\/v2\/product\/16768","targetHints":{"allow":["GET"]}}],"collection":[{"href":"https:\/\/bracaravinum.pt\/it\/wp-json\/wp\/v2\/product"}],"about":[{"href":"https:\/\/bracaravinum.pt\/it\/wp-json\/wp\/v2\/types\/product"}],"wp:featuredmedia":[{"embeddable":true,"href":"https:\/\/bracaravinum.pt\/it\/wp-json\/wp\/v2\/media\/16549"}],"wp:attachment":[{"href":"https:\/\/bracaravinum.pt\/it\/wp-json\/wp\/v2\/media?parent=16768"}],"wp:term":[{"taxonomy":"product_brand","embeddable":true,"href":"https:\/\/bracaravinum.pt\/it\/wp-json\/wp\/v2\/product_brand?post=16768"},{"taxonomy":"product_cat","embeddable":true,"href":"https:\/\/bracaravinum.pt\/it\/wp-json\/wp\/v2\/product_cat?post=16768"},{"taxonomy":"product_tag","embeddable":true,"href":"https:\/\/bracaravinum.pt\/it\/wp-json\/wp\/v2\/product_tag?post=16768"}],"curies":[{"name":"wp","href":"https:\/\/api.w.org\/{rel}","templated":true}]}}