{"id":16761,"date":"2022-11-12T16:16:09","date_gmt":"2022-11-12T16:16:09","guid":{"rendered":"https:\/\/bracaravinum.pt\/?post_type=product&#038;p=16761"},"modified":"2025-11-22T10:55:07","modified_gmt":"2025-11-22T10:55:07","slug":"turris-tinto-2016-75cl","status":"publish","type":"product","link":"https:\/\/bracaravinum.pt\/it\/produto\/turris-tinto-2016-75cl\/","title":{"rendered":"Turris Rosso 2016 75cl"},"content":{"rendered":"<p><img fetchpriority=\"high\" decoding=\"async\" class=\"size-medium wp-image-15373 aligncenter\" src=\"http:\/\/bracaravinum.pt\/wp-content\/uploads\/2022\/02\/niepoort-logo-300x169.jpg\" alt=\"\" width=\"300\" height=\"169\" srcset=\"https:\/\/bracaravinum.pt\/wp-content\/uploads\/2022\/02\/niepoort-logo-300x169.jpg 300w, https:\/\/bracaravinum.pt\/wp-content\/uploads\/2022\/02\/niepoort-logo.jpg 480w\" sizes=\"(max-width: 300px) 100vw, 300px\" \/><\/p>\n<p>Azienda familiare indipendente da oltre un secolo e mezzo; cinque generazioni si sono succedute alla guida di Niepoort da quando Franciscus Marius Niepoort fond\u00f2 l&#039;azienda nel 1842. Quasi sempre, due generazioni hanno lavorato fianco a fianco per molti anni, contribuendo ad una transizione di successo. In questo momento guardiamo con entusiasmo alla futura sesta generazione, anticipando una stretta collaborazione.<\/p>\n<div class=\"post grid-9\">\n<div class=\"post-text\">\n<p>La quinta generazione: Eduard Dirk Niepoort e Verena Niepoort. Dirk \u00e8 alla guida dell&#039;azienda dal pensionamento formale di Eduard Rudolph Niepoort nel 2005. Dirk, nato nel 1964, ha scoperto il mondo del vino durante i suoi studi in Svizzera. Nel 1987, Dirk si un\u00ec al padre, Rolf Niepoort, nell&#039;azienda di famiglia e fu sfidato ad innovare pur mantenendo le buone tradizioni. Il primo passo importante \u00e8 stato l&#039;acquisizione dei nostri vigneti: Quinta de N\u00e1poles e Quinta do Carril a Cima Corgo, una regione che tradizionalmente produce i migliori vini di Porto. 15 ettari di vigneti sono stati ripiantati e 10 ettari di vigne di 60 anni sono stati mantenuti con cura. Possedere Quintas e vigneti nel Douro \u00e8 stato un passo importante verso la produzione di vino di Porto e la creazione dei primi vini Niepoort non fortificati. La passione di Dirk per i vini, l&#039;umile rispetto e la curiosit\u00e0 per il terroir del Douro hanno definito lo spirito di Niepoort negli ultimi due decenni ed \u00e8 una costante ispirazione per il team. La sorella di Dirk, Verena, \u00e8 entrata a far parte dell&#039;azienda come direttore esecutivo nel 2005.<\/p>\n<p>La quarta generazione: Eduard Rudolf van der Niepoort. Rolf \u00e8 nato nel marzo del 1927. Fin da bambino nutre un grande interesse per la meccanica, ma ha anche un buon senso degli affari. Nel 1950 affianca il padre Eduard nell&#039;azienda di famiglia. La sua esperienza \u00e8 stata un prezioso complemento e gli ha permesso di superare un periodo difficile dal punto di vista finanziario. Rolf si dedic\u00f2 ai rapporti commerciali e umani all&#039;interno e all&#039;esterno dell&#039;azienda e si mostr\u00f2 conservatore per quanto riguarda la produzione del vino. Rolf ricorda con nostalgia la produzione di un Vintage Port, quello del 1970, come se fosse una sua creazione, dall&#039;inizio alla fine. Attualmente \u00e8 considerato uno dei porti pi\u00f9 grandi di Niepoort. Come tutti i membri della famiglia Niepoort, \u00e8 un grande collezionista: di auto d&#039;epoca, di oggetti d&#039;antiquariato e soprattutto di armi portoghesi.<\/p>\n<p>La terza generazione: Eduard Marius Niepoort. Eduard \u00e8 nato il 14 settembre 1890 a Porto. Era estremamente abile e uno scienziato nato. Nel 1912, a causa della morte del padre, Eduard Marius Niepoort fu costretto a unirsi all&#039;azienda di famiglia. Rolf Niepoort, suo figlio, ricorda suo padre come una persona \u201cinteressata a diversi settori, come la chimica, la fisica e la meccanica, ed era un uomo con un raffinato senso dell&#039;umorismo\u201d. Nelle parole di Elisabete, che lavorava con lui, all&#039;epoca gi\u00e0 legata all&#039;area amministrativa, era una vera \u201cicona dell&#039;intelligenza\u201d, una persona integra e molto riflessiva nelle decisioni che prendeva. Eduard Marius lasci\u00f2 l&#039;azienda come socio attivo nel 1980 e si dedic\u00f2 ai suoi numerosi hobby e collezioni. Eduard Marius Niepoort muore all&#039;et\u00e0 di 91 anni (il 3 giugno 1982). I suoi nipoti, Dirk e Verena, ricordano la sua severit\u00e0 negli studi e conservano il ricordo di un nonno con collezioni infinite di libri, francobolli, monete e biglietti del treno!<\/p>\n<p>La seconda generazione: Eduard Karel Jackob. Eduard Jackob \u00e8 nato nel 1848, a Porto. Niepoort era gi\u00e0 un&#039;azienda prospera quando Eduard Karel rilev\u00f2 l&#039;azienda di famiglia e continu\u00f2 l&#039;opera del suo predecessore.<\/p>\n<p>La prima generazione: Franciscus Marius van der Niepoort. Il fondatore, Franciscus, nacque nel 1813, a Hilversum, nei Paesi Bassi. Spos\u00f2 Francisca Louisa Elisabeth Ehlers. Franciscus Marius \u00e8 venuto in Portogallo per creare la societ\u00e0 Niepoort, un produttore di vino di Porto. Ha fondato l&#039;azienda come venditore a Porto, senza terreni propri n\u00e9 vigneti. Era principalmente un commerciante di vino di Porto. Mor\u00ec a Porto il 7 marzo 1887.<\/p>\n<p>Anche l&#039;arte del Master Blender \u00e8 stata tramandata di generazione in generazione. Jos\u00e9 Nogueira \u00e8 stato il quarto della sua famiglia a praticare la sua arte a Niepoort, avendo lavorato nell&#039;azienda per pi\u00f9 di 50 anni. Suo figlio Jos\u00e9 Rodrigo si \u00e8 unito alla squadra nel settembre 2006 e ha lavorato insieme fino al 2011 ed \u00e8 attualmente la quinta generazione della famiglia Nogueira.<\/p>\n<\/div>\n<\/div>\n<div class=\"post grid-9\">\n<div class=\"post-text\">\n<p>Nel 2010, Niepoort ha celebrato con la sua famiglia i \u201c50 anni a casa\u201d del Master Blender Jos\u00e9 Nogueira.<\/p>\n<\/div>\n<\/div>","protected":false},"excerpt":{"rendered":"<p>CASTAS: Mistura de castas<\/p>\n<p>Concretizando um sonho de Dirk Niepoort, o TURRiS \u00e9 um vinho feito a partir de uma vinha velha, com mais de 130 anos, sem qualquer condu\u00e7\u00e3o, virada a sul, no Cima Corgo, Douro.<\/p>\n<p>Envelheceu durante 12 meses em Fuders, com mais de 60 anos, trazidas da regi\u00e3o de Mosel na Alemanha e 24 meses em garrafa.<\/p>\n<p>2016 ficou marcado por uma Primavera fria e chuvosa \u2013 com inevit\u00e1vel impacto no ritmo de crescimento e desenvolvimento vegetativo das plantas \u2013 a que se seguiu um Ver\u00e3o extremamente seco e com marcadas amplitudes t\u00e9rmicas diurnas e noturnas.<\/p>\n<p>A vindima concentrou-se no final de Agosto, naquele que pode ser considerado como um ano perfeito, dada a excelente qualidade das uvas na regi\u00e3o, bem como as suas boas caracter\u00edsticas de acidez e salubridade.<\/p>\n<p>A fermenta\u00e7\u00e3o foi feita em cuba de inox, com 30% de enga\u00e7o. O per\u00edodo de contacto entre a parte s\u00f3lida e l\u00edquida, decorreu durante 5 semanas, num processo delicado, com uma macera\u00e7\u00e3o muito leve e com pouca extra\u00e7\u00e3o.<\/p>\n<p>NOTAS DE PROVA:\u00a0De cor violeta, com toques ruby, o Turris 2016 mostra-se surpreendentemente fresco e preciso. No aroma bastante especiado, com notas de pimenta rosa, muito mineral, aliado \u00e0 grafite do solo xistoso, e com fruta preta de c\u00e1ssis. Na boca impressiona pela eletricidade e eleg\u00e2ncia, com um final muito persistente.<\/p>\n<p>O Turris 2016 \u00e9 um vinho que fica marcado pela sua complexidade e caracter \u00fanico de uma vinha velha do Douro.<\/p>","protected":false},"featured_media":16762,"template":"","meta":{"_exactmetrics_skip_tracking":false,"_exactmetrics_sitenote_active":false,"_exactmetrics_sitenote_note":"","_exactmetrics_sitenote_category":0,"_uf_show_specific_survey":0,"_uf_disable_surveys":false,"iawp_total_views":20},"product_brand":[],"product_cat":[215,162,184,157],"product_tag":[],"class_list":{"0":"post-16761","1":"product","2":"type-product","3":"status-publish","4":"has-post-thumbnail","6":"product_cat-douro","7":"product_cat-raridades","8":"product_cat-tinto","9":"product_cat-vinhos","11":"first","12":"instock","13":"shipping-taxable","14":"purchasable","15":"product-type-simple"},"_links":{"self":[{"href":"https:\/\/bracaravinum.pt\/it\/wp-json\/wp\/v2\/product\/16761","targetHints":{"allow":["GET"]}}],"collection":[{"href":"https:\/\/bracaravinum.pt\/it\/wp-json\/wp\/v2\/product"}],"about":[{"href":"https:\/\/bracaravinum.pt\/it\/wp-json\/wp\/v2\/types\/product"}],"wp:featuredmedia":[{"embeddable":true,"href":"https:\/\/bracaravinum.pt\/it\/wp-json\/wp\/v2\/media\/16762"}],"wp:attachment":[{"href":"https:\/\/bracaravinum.pt\/it\/wp-json\/wp\/v2\/media?parent=16761"}],"wp:term":[{"taxonomy":"product_brand","embeddable":true,"href":"https:\/\/bracaravinum.pt\/it\/wp-json\/wp\/v2\/product_brand?post=16761"},{"taxonomy":"product_cat","embeddable":true,"href":"https:\/\/bracaravinum.pt\/it\/wp-json\/wp\/v2\/product_cat?post=16761"},{"taxonomy":"product_tag","embeddable":true,"href":"https:\/\/bracaravinum.pt\/it\/wp-json\/wp\/v2\/product_tag?post=16761"}],"curies":[{"name":"wp","href":"https:\/\/api.w.org\/{rel}","templated":true}]}}