{"id":16674,"date":"2022-11-04T09:10:15","date_gmt":"2022-11-04T09:10:15","guid":{"rendered":"https:\/\/bracaravinum.pt\/?post_type=product&#038;p=16674"},"modified":"2026-01-03T10:55:59","modified_gmt":"2026-01-03T10:55:59","slug":"quinta-do-javali-vinhas-velhas-tinto-2014-75cl","status":"publish","type":"product","link":"https:\/\/bracaravinum.pt\/it\/produto\/quinta-do-javali-vinhas-velhas-tinto-2014-75cl\/","title":{"rendered":"Quinta do Javali Vinhas Velhas Tinto 2014 75cl"},"content":{"rendered":"<p><img fetchpriority=\"high\" decoding=\"async\" class=\"size-medium wp-image-16677 aligncenter\" src=\"http:\/\/bracaravinum.pt\/wp-content\/uploads\/2022\/11\/quinta-do-javali-logo-300x173.jpg\" alt=\"\" width=\"300\" height=\"173\" srcset=\"https:\/\/bracaravinum.pt\/wp-content\/uploads\/2022\/11\/quinta-do-javali-logo-300x173.jpg 300w, https:\/\/bracaravinum.pt\/wp-content\/uploads\/2022\/11\/quinta-do-javali-logo-1024x589.jpg 1024w, https:\/\/bracaravinum.pt\/wp-content\/uploads\/2022\/11\/quinta-do-javali-logo-768x442.jpg 768w, https:\/\/bracaravinum.pt\/wp-content\/uploads\/2022\/11\/quinta-do-javali-logo-1536x883.jpg 1536w, https:\/\/bracaravinum.pt\/wp-content\/uploads\/2022\/11\/quinta-do-javali-logo-2048x1178.jpg 2048w, https:\/\/bracaravinum.pt\/wp-content\/uploads\/2022\/11\/quinta-do-javali-logo-18x10.jpg 18w, https:\/\/bracaravinum.pt\/wp-content\/uploads\/2022\/11\/quinta-do-javali-logo-600x345.jpg 600w\" sizes=\"(max-width: 300px) 100vw, 300px\" \/><\/p>\n<p>Quinta do Javali \u00e8 una piccola propriet\u00e0 di circa 18 ettari destinata all&#039;impianto di vigneti. Si trova sulla riva sinistra del fiume Douro, nella parrocchia di Nagoselo do Douro \u2013 S. Jo\u00e3o da Pesqueira, in un luogo con una tradizione vinicola sin dall&#039;inizio della produzione del vino di Porto per l&#039;esportazione alla fine del XIX secolo . XVII inizio del sec. XVIII.<\/p>\n<p>L&#039;esistenza, nella fattoria, di un punto di pesca sul fiume che fungeva contemporaneamente da attracco per il carico delle barche\u00a0<em>rabelo<\/em>; una piccola casa di campagna (capanna) oggi restaurata, che presenta un&#039;iscrizione ritrovata su una soglia della casa datata 1839; I tipici muri terrazzati del Douro che esistono in tutta la propriet\u00e0 testimoniano l&#039;antica viticoltura del luogo.<\/p>\n<p>L&#039;esposizione\/orientamento Nord \u2013 Est del pendio della propriet\u00e0, nonch\u00e9 il terreno interamente costituito da scisti con diaclasi verticali, che permettono la penetrazione delle radici della vite a profondit\u00e0 impensabili, con la conseguente complessit\u00e0 di benefici per la vite, conferiscono a Quinta do Qualit\u00e0 Javali eccezionali per la produzione dei migliori vini PORTO e DOC DOURO.<\/p>\n<p>Il nostro vigneto \u00e8 piantato sulle caratteristiche terrazze del Douro, di natura scistosa, ad un&#039;altitudine compresa tra 150 e 300 m ed \u00e8 composto dalle variet\u00e0 Tinta Roriz, Touriga Franca, Tinto C\u00e3o, Touriga Nacional, Tinta Barroca e Sous\u00e3o. Con la missione di esplorare questo &quot;tesoro nascosto&quot; del Douro abbiamo creato l&#039;azienda di famiglia &quot;Sociedade Agr\u00edcola da Quinta do Javali, Lda&quot; con l&#039;unico obiettivo di produrre e vendere solo vini DOC DOURO e PORTO di alta qualit\u00e0.<\/p>\n<p>5 febbraio 2015<\/p>","protected":false},"excerpt":{"rendered":"<p>Castas: Mistura de uvas de vinhas velhas.<\/p>\n<p class=\"p2\">Cor vermelho escuro e carregado.<\/p>\n<p class=\"p2\">Nariz caracterizado pelas notas de frutos pretos maduros, com sugest\u00f5es de caro\u00e7o de ameixas pretas, chocolate amargo e cacau preto, casca de \u00e1rvore e de algum couro, ao longo da evolu\u00e7\u00e3o. As notas de barrica de grande qualidade\u00a0<span class=\"nowrap\">encontram-se<\/span>\u00a0totalmente integradas, sem nunca se sobreporem ao cariz frutado do vinho.<\/p>\n<p class=\"p2\">Na boca, a estrutura \u00e9 marcante, com taninos bem presentes, elegantes e harmoniosos, a contribu\u00edrem para um corpo acetinado.<\/p>","protected":false},"featured_media":16675,"template":"","meta":{"_exactmetrics_skip_tracking":false,"_exactmetrics_sitenote_active":false,"_exactmetrics_sitenote_note":"","_exactmetrics_sitenote_category":0,"_uf_show_specific_survey":0,"_uf_disable_surveys":false,"iawp_total_views":201},"product_brand":[],"product_cat":[215,184,157],"product_tag":[],"class_list":{"0":"post-16674","1":"product","2":"type-product","3":"status-publish","4":"has-post-thumbnail","6":"product_cat-douro","7":"product_cat-tinto","8":"product_cat-vinhos","10":"first","11":"outofstock","12":"shipping-taxable","13":"purchasable","14":"product-type-simple"},"_links":{"self":[{"href":"https:\/\/bracaravinum.pt\/it\/wp-json\/wp\/v2\/product\/16674","targetHints":{"allow":["GET"]}}],"collection":[{"href":"https:\/\/bracaravinum.pt\/it\/wp-json\/wp\/v2\/product"}],"about":[{"href":"https:\/\/bracaravinum.pt\/it\/wp-json\/wp\/v2\/types\/product"}],"wp:featuredmedia":[{"embeddable":true,"href":"https:\/\/bracaravinum.pt\/it\/wp-json\/wp\/v2\/media\/16675"}],"wp:attachment":[{"href":"https:\/\/bracaravinum.pt\/it\/wp-json\/wp\/v2\/media?parent=16674"}],"wp:term":[{"taxonomy":"product_brand","embeddable":true,"href":"https:\/\/bracaravinum.pt\/it\/wp-json\/wp\/v2\/product_brand?post=16674"},{"taxonomy":"product_cat","embeddable":true,"href":"https:\/\/bracaravinum.pt\/it\/wp-json\/wp\/v2\/product_cat?post=16674"},{"taxonomy":"product_tag","embeddable":true,"href":"https:\/\/bracaravinum.pt\/it\/wp-json\/wp\/v2\/product_tag?post=16674"}],"curies":[{"name":"wp","href":"https:\/\/api.w.org\/{rel}","templated":true}]}}