{"id":16671,"date":"2022-11-04T08:57:38","date_gmt":"2022-11-04T08:57:38","guid":{"rendered":"https:\/\/bracaravinum.pt\/?post_type=product&#038;p=16671"},"modified":"2025-11-06T15:38:26","modified_gmt":"2025-11-06T15:38:26","slug":"proibido-grande-reserva-tinto-2020-75cl","status":"publish","type":"product","link":"https:\/\/bracaravinum.pt\/it\/prodotto\/proibido-grande-reserva-tinto-2020-75cl\/","title":{"rendered":"Proibido Grande Reserva Tinto 2020 75cl"},"content":{"rendered":"<p><img decoding=\"async\" class=\"size-medium wp-image-16673 aligncenter\" src=\"http:\/\/bracaravinum.pt\/wp-content\/uploads\/2022\/11\/marcio-lopes-winemaker-300x91.png\" alt=\"\" width=\"300\" height=\"91\" srcset=\"https:\/\/bracaravinum.pt\/wp-content\/uploads\/2022\/11\/marcio-lopes-winemaker-300x91.png 300w, https:\/\/bracaravinum.pt\/wp-content\/uploads\/2022\/11\/marcio-lopes-winemaker-18x5.png 18w, https:\/\/bracaravinum.pt\/wp-content\/uploads\/2022\/11\/marcio-lopes-winemaker.png 495w\" sizes=\"(max-width: 300px) 100vw, 300px\" \/><\/p>\n<p>M\u00e1rcio Lopes nasceu no Porto em 1983 e desde idade tenra teve contacto com a vida rural e com a agricultura atrav\u00e9s dos seus av\u00f3s. Licenciou-se em Engenharia Agron\u00f3mica em 2006, na Universidade do Porto. Ainda durante o seu per\u00edodo acad\u00e9mico come\u00e7ou a trabalhar com o En\u00f3logo Anselmo Mendes, em Melga\u00e7o, onde fez a sua primeira vindima com a casta Alvarinho. Do norte de Portugal ruma at\u00e9 \u00e0 Austr\u00e1lia em 2008, onde faz duas vindimas \u2013 Rutherglen e Tasm\u00e2nia.<\/p>\n<p><strong>2010<\/strong>\u00a0\u2013 Constitui-se a funda\u00e7\u00e3o do projeto \u201cM\u00e1rcio Lopes Winemaker\u201d com as suas duas primeiras marcas: PEQUENOS REBENTOS na Regi\u00e3o dos Vinhos Verdes e PROIBIDO na Regi\u00e3o do Douro Superior.<\/p>\n<p><strong>2015<\/strong>\u00a0\u2013 \u00c9 adquirida a Quinta do Pombal em Vila Nova de Foz C\u00f4a.<\/p>\n<p><strong>2017<\/strong>\u00a0\u2013 Cria\u00e7\u00e3o do primeiro campo experimental na Quinta do Pombal batizado como \u201cVinha da Sofia\u201d para recupera\u00e7\u00e3o de castas aut\u00f3ctones.<\/p>\n<p><strong>2017<\/strong>\u00a0\u2013 Inicia o seu primeiro projeto fora de Portugal \u2013 TELEGRAFO na Ribeira Sacra, Espanha.<\/p>\n<p><strong>2019\u00a0<\/strong>\u2013 Inaugura\u00e7\u00e3o da primeira adega pr\u00f3pria onde \u00e9 produzida a marca \u201cPEQUENOS REBENTOS\u201d.<\/p>\n<p><strong>2019<\/strong>\u00a0\u2013 Cria\u00e7\u00e3o do segundo campo experimental na Quinta do Pombal batizado como \u201cVinha da Lu\u00edsa\u201d.<\/p>\n<p><strong>2020<\/strong>\u00a0\u2013 \u00c9 eleito como \u201cEn\u00f3logo Revela\u00e7\u00e3o do Ano 2019\u201d pela \u201cRevista de Vinhos \u2013 A Ess\u00eancia dos Vinhos\u201d.<\/p>\n<p><strong>2020<\/strong>\u00a0\u2013 Recebe o \u201cPr\u00e9mio de Singularidade 2019\u201d pela revista \u201cVinho \u2013 Grandes Escolhas\u201d.<\/p>\n<p><strong>2020<\/strong>\u00a0\u2013 Men\u00e7\u00e3o no \u201cTop 100 Wine Discoveries 2020 \u2013 Robert Parker\u201d.<\/p>\n<p><strong>2022<\/strong>\u00a0\u2013 Recebe o pr\u00e9mio \u201cTradi\u00e7\u00e3o e Identidade\u201d pela Revista \u201cPaix\u00e3o Pelo Vinho\u201d.<\/p>","protected":false},"excerpt":{"rendered":"<p>Castas: 100% Vinhas Velhas (DonzelinhoT., T. Francisca, Alvarelh\u00e3o, Sous\u00e3o, entre outras)<\/p>\n<p>O vinho Proibido tem origem em Vinhas Velhas entre os 40 e os 80 anos de idade, provenientes de Vila Nova de Foz C\u00f4a. Pequenas parcelas viradas a norte ou a nascente entre os 250m e os 500m altitude. Todo o trabalho \u00e9, praticamente, feito \u00e0 m\u00e3o, sem uso de herbicidas ou pesticidas. Quando necess\u00e1rio, lavramos a terra com a ajuda de um cavalo de trabalho. Respeitamos assim o que a vinha nos d\u00e1, e tentamos que a transforma\u00e7\u00e3o das uvas em vinho seja o mais natural poss\u00edvel.<br \/>\nO que dizem os cr\u00edticos:<br \/>\n96 pts (0-100)_Wine Advocate_Robert Parker<br \/>\n18,5 pts (0-20)_Revista de Vinhos<br \/>\n18,5 pts (0-20)_Revista Paix\u00e3o Pelo Vinho<\/p>","protected":false},"featured_media":16672,"template":"","meta":{"_exactmetrics_skip_tracking":false,"_exactmetrics_sitenote_active":false,"_exactmetrics_sitenote_note":"","_exactmetrics_sitenote_category":0,"_uf_show_specific_survey":0,"_uf_disable_surveys":false,"iawp_total_views":70},"product_brand":[],"product_cat":[215,201,184,157],"product_tag":[],"class_list":{"0":"post-16671","1":"product","2":"type-product","3":"status-publish","4":"has-post-thumbnail","6":"product_cat-douro","7":"product_cat-grandes-vinhos","8":"product_cat-tinto","9":"product_cat-vinhos","11":"first","12":"outofstock","13":"shipping-taxable","14":"purchasable","15":"product-type-simple"},"_links":{"self":[{"href":"https:\/\/bracaravinum.pt\/it\/wp-json\/wp\/v2\/product\/16671","targetHints":{"allow":["GET"]}}],"collection":[{"href":"https:\/\/bracaravinum.pt\/it\/wp-json\/wp\/v2\/product"}],"about":[{"href":"https:\/\/bracaravinum.pt\/it\/wp-json\/wp\/v2\/types\/product"}],"wp:featuredmedia":[{"embeddable":true,"href":"https:\/\/bracaravinum.pt\/it\/wp-json\/wp\/v2\/media\/16672"}],"wp:attachment":[{"href":"https:\/\/bracaravinum.pt\/it\/wp-json\/wp\/v2\/media?parent=16671"}],"wp:term":[{"taxonomy":"product_brand","embeddable":true,"href":"https:\/\/bracaravinum.pt\/it\/wp-json\/wp\/v2\/product_brand?post=16671"},{"taxonomy":"product_cat","embeddable":true,"href":"https:\/\/bracaravinum.pt\/it\/wp-json\/wp\/v2\/product_cat?post=16671"},{"taxonomy":"product_tag","embeddable":true,"href":"https:\/\/bracaravinum.pt\/it\/wp-json\/wp\/v2\/product_tag?post=16671"}],"curies":[{"name":"wp","href":"https:\/\/api.w.org\/{rel}","templated":true}]}}