{"id":16567,"date":"2022-10-21T14:51:08","date_gmt":"2022-10-21T14:51:08","guid":{"rendered":"https:\/\/bracaravinum.pt\/?post_type=product&#038;p=16567"},"modified":"2024-10-29T09:41:01","modified_gmt":"2024-10-29T09:41:01","slug":"pacheca-grande-reserva-tinta-roriz-2018-75cl","status":"publish","type":"product","link":"https:\/\/bracaravinum.pt\/it\/prodotto\/pacheca-grande-reserva-tinta-roriz-2018-75cl\/","title":{"rendered":"Pacheca Grande Reserva Tinta Roriz 2018 75cl"},"content":{"rendered":"<p><img decoding=\"async\" class=\"size-full wp-image-15359 aligncenter\" src=\"http:\/\/bracaravinum.pt\/wp-content\/uploads\/2022\/02\/pacheca-logo.jpg\" alt=\"\" width=\"295\" height=\"134\" \/><\/p>\n<p>Quinta da Pacheca, una delle aziende agricole pi\u00f9 conosciute della regione del Douro, \u00e8 stata anche una delle prime propriet\u00e0 a imbottigliare vino con il proprio marchio. Viene menzionato per la prima volta in un documento dell&#039;aprile 1738, dove viene indicato come \u201cPacheca\u201d, poich\u00e9 \u00e8 di propriet\u00e0 di D. Mariana Pacheco Pereira. Ma fu solo nel 1903, quando D. Jos\u00e9 Freire de Serpa Pimentel decise di sviluppare il suo interesse per l&#039;enologia, che acquist\u00f2 la fattoria e inizi\u00f2 a dedicarsi seriamente alla rischiosa attivit\u00e0 della vinificazione. Oggi, un secolo e tanti successi dopo, una nuova generazione della famiglia Serpa Pimentel.<\/p>\n<p>&nbsp;<\/p>\n<p>&nbsp;<\/p>","protected":false},"excerpt":{"rendered":"<p>Pacheca Tinta Roriz revela boa intensidade arom\u00e1tica com notas de fruta preta de amora e mirtilo, algumas caracter\u00edsticas herb\u00e1ceas da uva e notas de madeira bem integradas. Na boca apresenta muito boa estrutura, taninos suaves e um final longo e persistente.<\/p>\n<p>ENVELHECIMENTO DO BARRIL<br \/>\n18 meses em barricas de carvalho franc\u00eas de 2\u00ba ano<\/p>","protected":false},"featured_media":16568,"template":"","meta":{"_exactmetrics_skip_tracking":false,"_exactmetrics_sitenote_active":false,"_exactmetrics_sitenote_note":"","_exactmetrics_sitenote_category":0,"_uf_show_specific_survey":0,"_uf_disable_surveys":false,"iawp_total_views":10},"product_brand":[],"product_cat":[215,184,157],"product_tag":[],"class_list":{"0":"post-16567","1":"product","2":"type-product","3":"status-publish","4":"has-post-thumbnail","6":"product_cat-douro","7":"product_cat-tinto","8":"product_cat-vinhos","10":"first","11":"instock","12":"shipping-taxable","13":"purchasable","14":"product-type-simple"},"_links":{"self":[{"href":"https:\/\/bracaravinum.pt\/it\/wp-json\/wp\/v2\/product\/16567","targetHints":{"allow":["GET"]}}],"collection":[{"href":"https:\/\/bracaravinum.pt\/it\/wp-json\/wp\/v2\/product"}],"about":[{"href":"https:\/\/bracaravinum.pt\/it\/wp-json\/wp\/v2\/types\/product"}],"wp:featuredmedia":[{"embeddable":true,"href":"https:\/\/bracaravinum.pt\/it\/wp-json\/wp\/v2\/media\/16568"}],"wp:attachment":[{"href":"https:\/\/bracaravinum.pt\/it\/wp-json\/wp\/v2\/media?parent=16567"}],"wp:term":[{"taxonomy":"product_brand","embeddable":true,"href":"https:\/\/bracaravinum.pt\/it\/wp-json\/wp\/v2\/product_brand?post=16567"},{"taxonomy":"product_cat","embeddable":true,"href":"https:\/\/bracaravinum.pt\/it\/wp-json\/wp\/v2\/product_cat?post=16567"},{"taxonomy":"product_tag","embeddable":true,"href":"https:\/\/bracaravinum.pt\/it\/wp-json\/wp\/v2\/product_tag?post=16567"}],"curies":[{"name":"wp","href":"https:\/\/api.w.org\/{rel}","templated":true}]}}