{"id":15870,"date":"2022-04-11T16:32:37","date_gmt":"2022-04-11T16:32:37","guid":{"rendered":"https:\/\/bracaravinum.pt\/?post_type=product&#038;p=15870"},"modified":"2025-04-26T10:15:58","modified_gmt":"2025-04-26T10:15:58","slug":"cinghiale-rosso-75cl","status":"publish","type":"product","link":"https:\/\/bracaravinum.pt\/it\/prodotto\/cinghiale-rosso-75cl\/","title":{"rendered":"Javardo Rosso 2019 75cl"},"content":{"rendered":"<p><img fetchpriority=\"high\" decoding=\"async\" class=\"size-full wp-image-15872 aligncenter\" src=\"http:\/\/bracaravinum.pt\/wp-content\/uploads\/2022\/04\/LOGO_valle-madruga-1.png\" alt=\"\" width=\"225\" height=\"225\" srcset=\"https:\/\/bracaravinum.pt\/wp-content\/uploads\/2022\/04\/LOGO_valle-madruga-1.png 225w, https:\/\/bracaravinum.pt\/wp-content\/uploads\/2022\/04\/LOGO_valle-madruga-1-150x150.png 150w, https:\/\/bracaravinum.pt\/wp-content\/uploads\/2022\/04\/LOGO_valle-madruga-1-12x12.png 12w, https:\/\/bracaravinum.pt\/wp-content\/uploads\/2022\/04\/LOGO_valle-madruga-1-100x100.png 100w\" sizes=\"(max-width: 225px) 100vw, 225px\" \/><\/p>\n<p>Il legame ancestrale della famiglia con l&#039;agricoltura \u00e8 stato ci\u00f2 che ha unito l&#039;attuale generazione per abbracciare questo progetto. Il legame di El\u00f3i con questo progetto deriva innanzitutto dall&#039;ambiente familiare, dove i suoi genitori e i suoi nonni vivevano in un uliveto e oggi Tiago e Andr\u00e9l\u00f3i Ribeiro, i suoi figli, con la famiglia vitivinicola Ribeiro sono i volti della famiglia Ribeiro senza volto della famiglia. nessuno sviluppo del progetto. Tiago \u2013 responsabile della gestione delle attivit\u00e0 sul territorio, ingegnere meccanico e ha un MBA in finanza nazionale. Prima di abbracciare il settore, ha lavorato come consulente strategico in progetti edilizi e gestionali per aziende del settore industriale.<\/p>\n<p>Andr\u00e9 \u2013 responsabile della gestione aziendale internazionale, \u00e8 un ingegnere civile e ha un MBA in gestione aziendale. Nel suo percorso professionale ha ricoperto fin da giovanissimo incarichi nei consigli di amministrazione di aziende in Portogallo e Mozambico.<\/p>\n<p>La DIREZIONE di Quinta Valle Madruga \u00e8 quella di progettare prodotti nettamente superiori sia nelle aree vinicole che olivicole, facendo conoscere i vitigni regionali in termini di vino, Alvarinho, C\u00f4dega de Larinho, Fern\u00e3o Pires, Gouveio, Malvasia Fina, Moscatel bianco Galego e Viosinho in i bianchi e Aragonez (Tinta Roriz), Bastardo, Tinta Barroca, Tinta Amarela, Touriga Nacional e Touriga Franca (francese).<\/p>","protected":false},"excerpt":{"rendered":"<p>Vino ottenuto da vitigni tipici della regione.<\/p>\n<p>Colore | Rubino non opaco, con qualche scintillio luminoso.<br \/>\nNaso | Aroma con tocchi di spezie del vitigno predominante e alcuni frutti rossi.<br \/>\nBocca | Fresco con una certa struttura, che lo rende elegante.<\/p>","protected":false},"featured_media":15873,"template":"","meta":{"_exactmetrics_skip_tracking":false,"_exactmetrics_sitenote_active":false,"_exactmetrics_sitenote_note":"","_exactmetrics_sitenote_category":0,"_uf_show_specific_survey":0,"_uf_disable_surveys":false,"iawp_total_views":24},"product_brand":[],"product_cat":[184,212,157],"product_tag":[],"class_list":{"0":"post-15870","1":"product","2":"type-product","3":"status-publish","4":"has-post-thumbnail","6":"product_cat-tinto","7":"product_cat-tras-os-montes","8":"product_cat-vinhos","10":"first","11":"instock","12":"shipping-taxable","13":"purchasable","14":"product-type-simple"},"_links":{"self":[{"href":"https:\/\/bracaravinum.pt\/it\/wp-json\/wp\/v2\/product\/15870","targetHints":{"allow":["GET"]}}],"collection":[{"href":"https:\/\/bracaravinum.pt\/it\/wp-json\/wp\/v2\/product"}],"about":[{"href":"https:\/\/bracaravinum.pt\/it\/wp-json\/wp\/v2\/types\/product"}],"wp:featuredmedia":[{"embeddable":true,"href":"https:\/\/bracaravinum.pt\/it\/wp-json\/wp\/v2\/media\/15873"}],"wp:attachment":[{"href":"https:\/\/bracaravinum.pt\/it\/wp-json\/wp\/v2\/media?parent=15870"}],"wp:term":[{"taxonomy":"product_brand","embeddable":true,"href":"https:\/\/bracaravinum.pt\/it\/wp-json\/wp\/v2\/product_brand?post=15870"},{"taxonomy":"product_cat","embeddable":true,"href":"https:\/\/bracaravinum.pt\/it\/wp-json\/wp\/v2\/product_cat?post=15870"},{"taxonomy":"product_tag","embeddable":true,"href":"https:\/\/bracaravinum.pt\/it\/wp-json\/wp\/v2\/product_tag?post=15870"}],"curies":[{"name":"wp","href":"https:\/\/api.w.org\/{rel}","templated":true}]}}