{"id":15783,"date":"2022-03-21T19:51:46","date_gmt":"2022-03-21T19:51:46","guid":{"rendered":"https:\/\/bracaravinum.pt\/?post_type=product&#038;p=15783"},"modified":"2025-08-08T16:14:40","modified_gmt":"2025-08-08T16:14:40","slug":"rum-plantation-nicaragua-2003-70cl","status":"publish","type":"product","link":"https:\/\/bracaravinum.pt\/it\/prodotto\/rum-plantation-nicaragua-2003-70cl\/","title":{"rendered":"Rum Plantation Isle of Fiji 70cl"},"content":{"rendered":"<p><img decoding=\"async\" class=\"size-medium wp-image-15362 aligncenter\" src=\"http:\/\/bracaravinum.pt\/wp-content\/uploads\/2022\/02\/Plantation-logo-300x158.jpg\" alt=\"\" width=\"300\" height=\"158\" srcset=\"https:\/\/bracaravinum.pt\/wp-content\/uploads\/2022\/02\/Plantation-logo-300x158.jpg 300w, https:\/\/bracaravinum.pt\/wp-content\/uploads\/2022\/02\/Plantation-logo-1024x538.jpg 1024w, https:\/\/bracaravinum.pt\/wp-content\/uploads\/2022\/02\/Plantation-logo-768x403.jpg 768w, https:\/\/bracaravinum.pt\/wp-content\/uploads\/2022\/02\/Plantation-logo-1536x807.jpg 1536w, https:\/\/bracaravinum.pt\/wp-content\/uploads\/2022\/02\/Plantation-logo-600x315.jpg 600w, https:\/\/bracaravinum.pt\/wp-content\/uploads\/2022\/02\/Plantation-logo.jpg 1632w\" sizes=\"(max-width: 300px) 100vw, 300px\" \/><\/p>\n<p class=\"\">Apaixonado, curioso, refinado gosto pela beleza, Alexandre Gabriel \u00e9 um empres\u00e1rio incans\u00e1vel em busca da perfei\u00e7\u00e3o. Um empres\u00e1rio artesanal, ele entrega o melhor produto implementando os m\u00e9todos de produ\u00e7\u00e3o mais avan\u00e7ados e precisos. Ele sabe que um grande conhaque, um rum superior, \u00e9 acima de tudo uma emo\u00e7\u00e3o poderosa a ser compartilhada. Alexandre Gabriel aplica a disciplina e a paix\u00e3o de antigos artes\u00e3os, artes\u00e3os e ourives em seu rum e conhaque.<\/p>\n<p class=\"\">Em 1989, Alexander Gabriel descobre a Maison Ferrand, uma das marcas espirituais mais antigas da regi\u00e3o de Cognac. A reputa\u00e7\u00e3o da Casa \u00e9 indiscut\u00edvel, mas as vendas est\u00e3o atrasadas. Uma queda imediata se agarra e Alexandre Gabriel mergulha com exuber\u00e2ncia nos detalhes e na arte da produ\u00e7\u00e3o de conhaque.<\/p>\n<p id=\"yui_3_17_2_1_1594916318928_189\" class=\"\"><span id=\"yui_3_17_2_1_1594916318928_191\"><span id=\"yui_3_17_2_1_1594916318928_193\">As viagens seguem a paix\u00e3o e em breve Alexandre Gabriel est\u00e1 criando uma rede de distribui\u00e7\u00e3o dedicada de parceiros igualmente apaixonados. <\/span><span id=\"yui_3_17_2_1_1594916318928_196\">Ele constr\u00f3i seus valores e vis\u00e3o para a Casa. <\/span><span id=\"yui_3_17_2_1_1594916318928_199\">Vinte anos depois, a maioria de sua equipe fundadora ainda est\u00e1 junta.\u00a0<\/span><\/span><\/p>\n<p id=\"yui_3_17_2_1_1594916318928_202\" class=\"\"><span id=\"yui_3_17_2_1_1594916318928_204\"><span id=\"yui_3_17_2_1_1594916318928_206\">Nos anos 90, Alexandre Gabriel vasculha o Caribe em busca dos melhores rum da regi\u00e3o. <\/span><span id=\"yui_3_17_2_1_1594916318928_209\">Nasce a planta\u00e7\u00e3o: uma variedade artesanal de rum dos grandes terroirs dos tr\u00f3picos. <\/span><span id=\"yui_3_17_2_1_1594916318928_212\">Quinze anos dedicados \u00e0 elabora\u00e7\u00e3o de rum mais tarde, em 2012, Alexandre recebeu o pr\u00eamio Master Rum Blender do Ano no Golden Rum Barrel Awards e foi nomeado Distiller of the Year pelo American Distilling Institute.<\/span><\/span><\/p>\n<p id=\"yui_3_17_2_1_1594916318928_215\" class=\"\"><span id=\"yui_3_17_2_1_1594916318928_217\"><span id=\"yui_3_17_2_1_1594916318928_219\">Hoje, presidente e propriet\u00e1rio da Maison Ferrand, Alexandre Gabriel ganhou elogios em toda a categoria e ind\u00fastria. <\/span><span id=\"yui_3_17_2_1_1594916318928_222\">Concentrar-se em tr\u00eas esp\u00edritos principais que representam a paix\u00e3o e a vis\u00e3o da Maison Ferrand: Ferrand Cognac, Citadelle Gin e Plantation Rum: esp\u00edritos aut\u00eanticos que expressam os terroirs individuais que os criaram.<\/span><\/span><\/p>","protected":false},"excerpt":{"rendered":"<p id=\"yui_3_17_2_1_1594918318390_233\" class=\"\">Das lagoas intocadas \u00e0s selvas exuberantes, o Plantation Rum Isle of Fiji \u00e9 uma ode \u00e0 beleza das ilhas Fiji. Este delicioso rum \u00e9 feito utilizando t\u00e9cnicas tradicionais e a cana de a\u00e7\u00facar local das Fiji.<\/p>\n<p>Aroma: Intenso, primeiro cheira a mela\u00e7o e p\u00eara. Evolui depois para notas mais frutadas de ma\u00e7\u00e3, banana, groselha, e notas mais picantes de noz-moscada e baunilha, com uma nuance fumada no final.<br \/>\nPalato: Redondo e redondo, em harmonia com o aroma com notas de baunilha, mel, gengibre e notas frutadas de ameixa e coco.<\/p>","protected":false},"featured_media":19934,"template":"","meta":{"_exactmetrics_skip_tracking":false,"_exactmetrics_sitenote_active":false,"_exactmetrics_sitenote_note":"","_exactmetrics_sitenote_category":0,"_uf_show_specific_survey":0,"_uf_disable_surveys":false,"iawp_total_views":6},"product_brand":[],"product_cat":[158,198],"product_tag":[],"class_list":{"0":"post-15783","1":"product","2":"type-product","3":"status-publish","4":"has-post-thumbnail","6":"product_cat-espirituosos","7":"product_cat-rum","9":"first","10":"instock","11":"shipping-taxable","12":"purchasable","13":"product-type-simple"},"_links":{"self":[{"href":"https:\/\/bracaravinum.pt\/it\/wp-json\/wp\/v2\/product\/15783","targetHints":{"allow":["GET"]}}],"collection":[{"href":"https:\/\/bracaravinum.pt\/it\/wp-json\/wp\/v2\/product"}],"about":[{"href":"https:\/\/bracaravinum.pt\/it\/wp-json\/wp\/v2\/types\/product"}],"wp:featuredmedia":[{"embeddable":true,"href":"https:\/\/bracaravinum.pt\/it\/wp-json\/wp\/v2\/media\/19934"}],"wp:attachment":[{"href":"https:\/\/bracaravinum.pt\/it\/wp-json\/wp\/v2\/media?parent=15783"}],"wp:term":[{"taxonomy":"product_brand","embeddable":true,"href":"https:\/\/bracaravinum.pt\/it\/wp-json\/wp\/v2\/product_brand?post=15783"},{"taxonomy":"product_cat","embeddable":true,"href":"https:\/\/bracaravinum.pt\/it\/wp-json\/wp\/v2\/product_cat?post=15783"},{"taxonomy":"product_tag","embeddable":true,"href":"https:\/\/bracaravinum.pt\/it\/wp-json\/wp\/v2\/product_tag?post=15783"}],"curies":[{"name":"wp","href":"https:\/\/api.w.org\/{rel}","templated":true}]}}