{"id":14784,"date":"2022-01-15T10:06:49","date_gmt":"2022-01-15T10:06:49","guid":{"rendered":"http:\/\/bracaravinum.pt\/?post_type=product&#038;p=14784"},"modified":"2023-10-19T08:50:05","modified_gmt":"2023-10-19T08:50:05","slug":"porto-barros-colheita-1994-75cl","status":"publish","type":"product","link":"https:\/\/bracaravinum.pt\/it\/prodotto\/porto-barros-colheita-1994-75cl\/","title":{"rendered":"Porto Barros Colheita 1991 75cl"},"content":{"rendered":"<p><img decoding=\"async\" class=\"size-full wp-image-15174 aligncenter\" src=\"http:\/\/bracaravinum.pt\/wp-content\/uploads\/2022\/02\/barros-logo-2.png\" alt=\"\" width=\"212\" height=\"150\" \/><\/p>\n<p>I vini Barros sono una celebrazione del talento portoghese. Sono l&#039;espressione di un talento che \u00e8 il nostro, affinato dall&#039;esperienza e dalla conoscenza. Sono nati all&#039;inizio travagliato del XX secolo, nel 1913, e sono riusciti ad affermarsi fino a essere riconosciuti come un riferimento dai consumatori. Nel profondo rispetto per la portoghesit\u00e0, i vini Barros abbracciano le famiglie Tawny e Ruby del Porto.<\/p>\n<p>\u201cBarros traduce il carattere portoghese in vino, unendo tradizione, autenticit\u00e0 e valori moderni.\u201d<\/p>","protected":false},"excerpt":{"rendered":"<p>Os vinhos Barros s\u00e3o a celebra\u00e7\u00e3o do talento portugu\u00eas. S\u00e3o a express\u00e3o de um talento que \u00e9 nosso, apurado pela experi\u00eancia e pelo saber. Nasceram no princ\u00edpio conturbado do s\u00e9culo XX, em 1913, e conseguiram afirmar-se at\u00e9 serem reconhecidos como uma refer\u00eancia pelos consumidores. Em profundo respeito pela portugalidade, os vinhos Barros abra\u00e7am as fam\u00edlias [&hellip;]<\/p>","protected":false},"featured_media":17464,"template":"","meta":{"_exactmetrics_skip_tracking":false,"_exactmetrics_sitenote_active":false,"_exactmetrics_sitenote_note":"","_exactmetrics_sitenote_category":0,"_uf_show_specific_survey":0,"_uf_disable_surveys":false,"iawp_total_views":25},"product_brand":[],"product_cat":[162,159,167],"product_tag":[],"class_list":{"0":"post-14784","1":"product","2":"type-product","3":"status-publish","4":"has-post-thumbnail","6":"product_cat-raridades","7":"product_cat-portos","8":"product_cat-colheita","10":"first","11":"instock","12":"shipping-taxable","13":"purchasable","14":"product-type-simple"},"_links":{"self":[{"href":"https:\/\/bracaravinum.pt\/it\/wp-json\/wp\/v2\/product\/14784","targetHints":{"allow":["GET"]}}],"collection":[{"href":"https:\/\/bracaravinum.pt\/it\/wp-json\/wp\/v2\/product"}],"about":[{"href":"https:\/\/bracaravinum.pt\/it\/wp-json\/wp\/v2\/types\/product"}],"wp:featuredmedia":[{"embeddable":true,"href":"https:\/\/bracaravinum.pt\/it\/wp-json\/wp\/v2\/media\/17464"}],"wp:attachment":[{"href":"https:\/\/bracaravinum.pt\/it\/wp-json\/wp\/v2\/media?parent=14784"}],"wp:term":[{"taxonomy":"product_brand","embeddable":true,"href":"https:\/\/bracaravinum.pt\/it\/wp-json\/wp\/v2\/product_brand?post=14784"},{"taxonomy":"product_cat","embeddable":true,"href":"https:\/\/bracaravinum.pt\/it\/wp-json\/wp\/v2\/product_cat?post=14784"},{"taxonomy":"product_tag","embeddable":true,"href":"https:\/\/bracaravinum.pt\/it\/wp-json\/wp\/v2\/product_tag?post=14784"}],"curies":[{"name":"wp","href":"https:\/\/api.w.org\/{rel}","templated":true}]}}