{"id":14763,"date":"2022-01-04T17:24:19","date_gmt":"2022-01-04T17:24:19","guid":{"rendered":"http:\/\/bracaravinum.pt\/?post_type=product&#038;p=14763"},"modified":"2025-04-15T14:53:47","modified_gmt":"2025-04-15T14:53:47","slug":"fragulho-reserva-tinto-75cl","status":"publish","type":"product","link":"https:\/\/bracaravinum.pt\/it\/produto\/fragulho-reserva-tinto-75cl\/","title":{"rendered":"Fragulho Reserva Tinto 2018 75cl"},"content":{"rendered":"<div id=\"comp-kqi4yavj3\" class=\"_1Q9if\" data-testid=\"richTextElement\">\n<p><img decoding=\"async\" class=\"size-medium wp-image-15253 aligncenter\" src=\"http:\/\/bracaravinum.pt\/wp-content\/uploads\/2022\/02\/fragulho-logo-300x71.png\" alt=\"\" width=\"300\" height=\"71\" srcset=\"https:\/\/bracaravinum.pt\/wp-content\/uploads\/2022\/02\/fragulho-logo-300x71.png 300w, https:\/\/bracaravinum.pt\/wp-content\/uploads\/2022\/02\/fragulho-logo.png 348w\" sizes=\"(max-width: 300px) 100vw, 300px\" \/><\/p>\n<p class=\"font_6\"><span class=\"color_19\">RADICI CHE RACCONTANO STORIE\u2026<\/span><\/p>\n<\/div>\n<div id=\"comp-kqi4yavj4\" class=\"_1Q9if\" data-testid=\"richTextElement\">\n<p class=\"font_9\"><span class=\"color_15\">Casa dos Lagares \u00e8 caratterizzata da un&#039;azienda a conduzione familiare legata al vino e ai vigneti da diverse generazioni. Si trova da sempre a Cheires, nella regione del Douro, dove tutto rappresenta un forte determinismo storico e culturale.<\/span><\/p>\n<p class=\"font_9\"><span class=\"color_15\">\u00c8 stata fondata qui nel XVII secolo. XVII, un palazzo signorile, con una casa in costruzione (con torretta, ancora esistente), una cappella (risalente al 1659) e altri edifici che fondarono un&#039;azienda agricola e diedero origine all&#039;attuale villaggio di Cheires. \u00c8 il punto di partenza di questa storia.<\/span><\/p>\n<p class=\"font_9\"><span class=\"color_15\">Inizialmente la produzione di frutta, cereali e orticoltura costituiva la funzione principale dell&#039;azienda agricola, con l&#039;obiettivo di rifornire altre unit\u00e0 produttive, le quali, essendo situate pi\u00f9 vicine al fiume Douro, iniziarono poi a specializzarsi nella produzione vinicola, necessitando di beni alimentari per il sostentamento del crescita della forza lavoro impiegata.<\/span><\/p>\n<\/div>","protected":false},"excerpt":{"rendered":"<p>RA\u00cdZES QUE CONTAM HIST\u00d3RIAS &#8230; A Casa dos Lagares caracteriza-se por uma empresa familiar que h\u00e1 v\u00e1rias gera\u00e7\u00f5es est\u00e1 ligada ao vinho e \u00e0 vinha. Esteve sempre situada em Cheires, na Regi\u00e3o do Douro, onde tudo representa um forte determinismo hist\u00f3rico e cultural. Aqui foi fundado, no s\u00e9c. XVII, um morgadio, sendo edificada uma casa [&hellip;]<\/p>\n","protected":false},"featured_media":9531,"template":"","meta":{"_exactmetrics_skip_tracking":false,"_exactmetrics_sitenote_active":false,"_exactmetrics_sitenote_note":"","_exactmetrics_sitenote_category":0,"_uf_show_specific_survey":0,"_uf_disable_surveys":false,"iawp_total_views":51},"product_brand":[],"product_cat":[215,184,157],"product_tag":[],"class_list":{"0":"post-14763","1":"product","2":"type-product","3":"status-publish","4":"has-post-thumbnail","6":"product_cat-douro","7":"product_cat-tinto","8":"product_cat-vinhos","10":"first","11":"instock","12":"shipping-taxable","13":"purchasable","14":"product-type-simple"},"_links":{"self":[{"href":"https:\/\/bracaravinum.pt\/it\/wp-json\/wp\/v2\/product\/14763","targetHints":{"allow":["GET"]}}],"collection":[{"href":"https:\/\/bracaravinum.pt\/it\/wp-json\/wp\/v2\/product"}],"about":[{"href":"https:\/\/bracaravinum.pt\/it\/wp-json\/wp\/v2\/types\/product"}],"wp:featuredmedia":[{"embeddable":true,"href":"https:\/\/bracaravinum.pt\/it\/wp-json\/wp\/v2\/media\/9531"}],"wp:attachment":[{"href":"https:\/\/bracaravinum.pt\/it\/wp-json\/wp\/v2\/media?parent=14763"}],"wp:term":[{"taxonomy":"product_brand","embeddable":true,"href":"https:\/\/bracaravinum.pt\/it\/wp-json\/wp\/v2\/product_brand?post=14763"},{"taxonomy":"product_cat","embeddable":true,"href":"https:\/\/bracaravinum.pt\/it\/wp-json\/wp\/v2\/product_cat?post=14763"},{"taxonomy":"product_tag","embeddable":true,"href":"https:\/\/bracaravinum.pt\/it\/wp-json\/wp\/v2\/product_tag?post=14763"}],"curies":[{"name":"wp","href":"https:\/\/api.w.org\/{rel}","templated":true}]}}