{"id":14544,"date":"2021-04-21T15:58:21","date_gmt":"2021-04-21T15:58:21","guid":{"rendered":"http:\/\/bracaravinum.pt\/?post_type=product&#038;p=14544"},"modified":"2025-10-07T11:28:28","modified_gmt":"2025-10-07T11:28:28","slug":"louis-roederer-cristal-2012-75cl","status":"publish","type":"product","link":"https:\/\/bracaravinum.pt\/it\/prodotto\/louis-roederer-cristal-2012-75cl\/","title":{"rendered":"Louis Roederer Cristal 2015 75cl"},"content":{"rendered":"<p><img decoding=\"async\" class=\"size-medium wp-image-15196 aligncenter\" src=\"http:\/\/bracaravinum.pt\/wp-content\/uploads\/2022\/02\/Champagne_Louis_Roederer_-_Logo-300x124.jpg\" alt=\"\" width=\"300\" height=\"124\" srcset=\"https:\/\/bracaravinum.pt\/wp-content\/uploads\/2022\/02\/Champagne_Louis_Roederer_-_Logo-300x124.jpg 300w, https:\/\/bracaravinum.pt\/wp-content\/uploads\/2022\/02\/Champagne_Louis_Roederer_-_Logo-1024x422.jpg 1024w, https:\/\/bracaravinum.pt\/wp-content\/uploads\/2022\/02\/Champagne_Louis_Roederer_-_Logo-768x316.jpg 768w, https:\/\/bracaravinum.pt\/wp-content\/uploads\/2022\/02\/Champagne_Louis_Roederer_-_Logo-600x247.jpg 600w, https:\/\/bracaravinum.pt\/wp-content\/uploads\/2022\/02\/Champagne_Louis_Roederer_-_Logo.jpg 1200w\" sizes=\"(max-width: 300px) 100vw, 300px\" \/><\/p>\n<div class=\"cell\">\n<p>Ao herdar a Champagne House em 1833, o esteta e empres\u00e1rio Louis Roederer adotou uma abordagem vision\u00e1ria para enriquecer suas vinhas, com o objetivo de dominar todas as etapas da cria\u00e7\u00e3o do vinho.\u00a0Ele forjou o estilo, o car\u00e1ter e o sabor \u00fanicos do vinho.\u00a0Em meados do s\u00e9culo XIX, Louis Roederer adquiriu alguns dos vinhedos grand cru de Champagne &#8211; uma abordagem que contrastava fortemente com as pr\u00e1ticas contempor\u00e2neas.<br \/>\nEnquanto outras Casas compravam suas uvas, Louis Roederer cultivava seus vinhedos, se familiarizava com as caracter\u00edsticas espec\u00edficas de cada parcela e metodicamente adquiria as melhores terras. O princ\u00edpio orientador de Louis Roederer era que todo grande vinho depende da qualidade do solo, uma paix\u00e3o pela tradi\u00e7\u00e3o e uma vis\u00e3o astuta do futuro;\u00a0a fama e a reputa\u00e7\u00e3o da Casa de Louis Roederer estavam firmemente estabelecidas.\u00a0Seu herdeiro, Louis Roederer II, era igualmente esclarecido e adotou a abordagem conscienciosa de seu pai para a produ\u00e7\u00e3o de champanhe, gest\u00e3o patrimonial e ousadia instintiva.<\/p>\n<\/div>\n<p>Ele tamb\u00e9m se inspirou nos muitos livros e desenhos que colecionou com grande discernimento.\u00a0Na d\u00e9cada de 1870, a Louis Roederer Champagne House come\u00e7ou a exportar seus vinhos para os Estados Unidos e at\u00e9 mesmo para o czar Alexandre II da R\u00fassia.<\/p>\n<p>Homem de bom gosto e pesquisador inveterado, Louis Roederer II fabricou um champanhe exclusivo para o czar e lan\u00e7ou um conceito inovador: o primeiro Cuv\u00e9e de Prestige.\u00a0Foi criado em 1876 e denominado &#8216;Cristal&#8217;.\u00a0Desde ent\u00e3o, a sutileza e a eleg\u00e2ncia do Cristal forjaram a reputa\u00e7\u00e3o de excel\u00eancia de Louis Roederer.<\/p>\n<p>Na d\u00e9cada de 1920, o futuro herdeiro da Casa de Louis Roederer, L\u00e9on Olry-Roederer consagrou seus esfor\u00e7os para criar um vinho altamente equilibrado &#8211; uma mistura consistente e delicada de v\u00e1rias safras, para garantir que o vinho sempre fosse da mais alta qualidade.\u00a0Este vinho formaria a base para o posterior Brut Premier.\u00a0Esta mistura fina contribuiu muito para o renascimento da Casa de Louis Roederer.<\/p>\n<p>Ap\u00f3s sua morte, a partir de 1933, a vin\u00edcola foi administrada por sua vi\u00fava obstinada, Camille, que dirigia a Champagne House com formid\u00e1vel intelig\u00eancia e singular dinamismo.\u00a0Camille adorava corridas de cavalos e era dona de um dos est\u00e1bulos mais famosos do mundo;\u00a0ela tamb\u00e9m era uma patrona iluminada e abra\u00e7ava os aspectos mais festivos e prazerosos do champanhe.\u00a0Camille Olry-Roederer realizou muitas recep\u00e7\u00f5es no H\u00f4tel Particulier da fam\u00edlia em Reims.\u00a0Essas festas tiveram um impacto duradouro na hist\u00f3ria da casa e introduziram uma nova gera\u00e7\u00e3o de amantes do vinho \u00e0s alegrias de Louis Roederer Champagne.<\/p>\n<p>O seu neto, Jean-Claude Rouzaud, en\u00f3logo e agr\u00f3nomo, assumiu a gest\u00e3o de toda a propriedade e decidiu consolidar as vinhas.\u00a0Atrav\u00e9s do seu compromisso apaixonado com a cultura do vinho, ele cultivou mais do que nunca as qualidades inventivas que s\u00e3o t\u00e3o representativas da filosofia da Casa.<\/p>\n<p>A Louis Roederer House permaneceu uma empresa familiar independente e agora \u00e9 administrada pelo filho de Jean-Claude, Fr\u00e9d\u00e9ric Rouzaud, que representa a s\u00e9tima gera\u00e7\u00e3o da linhagem.\u00a0Com a mesma paci\u00eancia e f\u00e9 inabal\u00e1vel em sua voca\u00e7\u00e3o criativa, as exporta\u00e7\u00f5es anuais da House of Louis Roederer totalizam tr\u00eas milh\u00f5es de garrafas em todo o mundo.<\/p>","protected":false},"excerpt":{"rendered":"<p>O vinho mais famoso da nossa casa foi criado em 1876 para satisfazer os gostos exigentes do Czar Alexandre II.\u00a0O imperador pediu a Louis Roederer que reservasse para ele a melhor cuv\u00e9e da Casa todos os anos.\u00a0Ele gostava particularmente do vinho da casa.\u00a0Para distinguir este cuv\u00e9e, este champanhe excepcional veio em uma garrafa de cristal de chumbo transparente de fundo plano.\u00a0A nova marca deve o seu nome a este precioso material, que \u00e9 particularmente transparente e luminoso.<\/p>\n<p>Produzido exclusivamente durante os melhores anos, quando as uvas Chardonnay (cerca de 40%) e Pinot noir (cerca de 60%) atingiram a maturidade perfeita, o Cristal envelhece 6 anos nas caves Louis Roederer e permanece mais 8 meses ap\u00f3s o d\u00e9gorgement.<\/p>\n<p>Cristal \u00e9 um champanhe extremamente equilibrado e refinado, cujo comprimento \u00e9 inimit\u00e1vel.\u00a0Apresenta uma textura sedosa e aromas frutados, complementados por uma poderosa qualidade mineral com notas de fruta branca e citrinos.\u00a0Cristal \u00e9 um vinho de boa conserva\u00e7\u00e3o: pode ser conservado mais de vinte anos sem perder a sua frescura e car\u00e1cter.<\/p>","protected":false},"featured_media":8687,"template":"","meta":{"_exactmetrics_skip_tracking":false,"_exactmetrics_sitenote_active":false,"_exactmetrics_sitenote_note":"","_exactmetrics_sitenote_category":0,"_uf_show_specific_survey":0,"_uf_disable_surveys":false,"iawp_total_views":6},"product_brand":[],"product_cat":[258,216,201,160,178],"product_tag":[],"class_list":{"0":"post-14544","1":"product","2":"type-product","3":"status-publish","4":"has-post-thumbnail","6":"product_cat-conjuntos-de-oferta","7":"product_cat-conjuntos","8":"product_cat-grandes-vinhos","9":"product_cat-espumantes","10":"product_cat-champagne","12":"first","13":"instock","14":"shipping-taxable","15":"purchasable","16":"product-type-simple"},"_links":{"self":[{"href":"https:\/\/bracaravinum.pt\/it\/wp-json\/wp\/v2\/product\/14544","targetHints":{"allow":["GET"]}}],"collection":[{"href":"https:\/\/bracaravinum.pt\/it\/wp-json\/wp\/v2\/product"}],"about":[{"href":"https:\/\/bracaravinum.pt\/it\/wp-json\/wp\/v2\/types\/product"}],"wp:featuredmedia":[{"embeddable":true,"href":"https:\/\/bracaravinum.pt\/it\/wp-json\/wp\/v2\/media\/8687"}],"wp:attachment":[{"href":"https:\/\/bracaravinum.pt\/it\/wp-json\/wp\/v2\/media?parent=14544"}],"wp:term":[{"taxonomy":"product_brand","embeddable":true,"href":"https:\/\/bracaravinum.pt\/it\/wp-json\/wp\/v2\/product_brand?post=14544"},{"taxonomy":"product_cat","embeddable":true,"href":"https:\/\/bracaravinum.pt\/it\/wp-json\/wp\/v2\/product_cat?post=14544"},{"taxonomy":"product_tag","embeddable":true,"href":"https:\/\/bracaravinum.pt\/it\/wp-json\/wp\/v2\/product_tag?post=14544"}],"curies":[{"name":"wp","href":"https:\/\/api.w.org\/{rel}","templated":true}]}}