{"id":14531,"date":"2021-04-14T17:01:34","date_gmt":"2021-04-14T17:01:34","guid":{"rendered":"http:\/\/bracaravinum.pt\/?post_type=product&#038;p=14531"},"modified":"2025-10-31T12:48:37","modified_gmt":"2025-10-31T12:48:37","slug":"birra-chimay-grande-riserva-2019-magnum-1-5l","status":"publish","type":"product","link":"https:\/\/bracaravinum.pt\/it\/prodotto\/birra-chimay-grande-riserva-2019-magnum-1-5l\/","title":{"rendered":"Cerveja Chimay Grande Reserve 2024 Magnum 1.5L"},"content":{"rendered":"<p><img fetchpriority=\"high\" decoding=\"async\" class=\"size-full wp-image-15198 aligncenter\" src=\"http:\/\/bracaravinum.pt\/wp-content\/uploads\/2022\/02\/Chimay-logo-CB69F020D5-seeklogo.com_.png\" alt=\"\" width=\"297\" height=\"300\" srcset=\"https:\/\/bracaravinum.pt\/wp-content\/uploads\/2022\/02\/Chimay-logo-CB69F020D5-seeklogo.com_.png 297w, https:\/\/bracaravinum.pt\/wp-content\/uploads\/2022\/02\/Chimay-logo-CB69F020D5-seeklogo.com_-100x100.png 100w\" sizes=\"(max-width: 297px) 100vw, 297px\" \/><\/p>\n<p>Prodotta nell&#039;Abbazia di Nostra Signora di Scourmont in Belgio, \u00e8 una delle sei birre belghe che possono mostrare con orgoglio il logo &quot;AuthenticTrappistProduct&quot;. La Chimay \u00e8 un&#039;autentica birra trappista, ovvero viene prodotta all&#039;interno di un monastero trappista sotto il controllo e la responsabilit\u00e0 della comunit\u00e0 monastica, il cui reddito principale \u00e8 speso nella cooperazione sociale.<\/p>\n<p>La birra trappista \u00e8 la birra prodotta all&#039;interno dell&#039;abbazia o sotto il controllo dei monaci trappisti. Queste birre trappiste sono generalmente ad alta fermentazione e devono essere prodotte secondo i criteri definiti dall&#039;Associazione Trappista Internazionale, che determina se sono autorizzate a esporre il sigillo di autentico prodotto trappista, rilasciato dall&#039;associazione di diritto privato. Le birre sono prodotte in loco o nelle vicinanze del monastero. La comunit\u00e0 monastica \u00e8 coinvolta nella gestione e in tutte le risorse necessarie all&#039;operazione.<\/p>\n<p>Francobollo &quot;<i>Prodotto autentico trappista<\/i>\u201c.\u201d \u00e8 assegnato da TrappistAssociationInternational. Garantisce ai consumatori l&#039;origine trappista dei prodotti con criteri ben definiti.<\/p>\n<p>Per soddisfare le esigenze locali e generare occupazione nella regione, i monaci trappisti di Chimay hanno sviluppato dal 1862 la produzione di birre e formaggi trappisti belgi che, grazie alle loro caratteristiche e qualit\u00e0, continuano a riscuotere grande successo. Ricordando che la birra Chimay non \u00e8 n\u00e9 filtrata n\u00e9 pastorizzata.<\/p>","protected":false},"excerpt":{"rendered":"<p><img decoding=\"async\" class=\"alignnone size-full wp-image-3551\" src=\"https:\/\/bracaravinum.pt\/wp-content\/uploads\/2020\/04\/belgica.png\" alt=\"\" width=\"70\" height=\"40\" \/>Origine Belgio<\/p>\n<p>&nbsp;<\/p>","protected":false},"featured_media":8629,"template":"","meta":{"_exactmetrics_skip_tracking":false,"_exactmetrics_sitenote_active":false,"_exactmetrics_sitenote_note":"","_exactmetrics_sitenote_category":0,"_uf_show_specific_survey":0,"_uf_disable_surveys":false,"iawp_total_views":166},"product_brand":[],"product_cat":[259,171],"product_tag":[],"class_list":{"0":"post-14531","1":"product","2":"type-product","3":"status-publish","4":"has-post-thumbnail","6":"product_cat-cervejas","7":"product_cat-gourmet","9":"first","10":"instock","11":"shipping-taxable","12":"purchasable","13":"product-type-simple"},"_links":{"self":[{"href":"https:\/\/bracaravinum.pt\/it\/wp-json\/wp\/v2\/product\/14531","targetHints":{"allow":["GET"]}}],"collection":[{"href":"https:\/\/bracaravinum.pt\/it\/wp-json\/wp\/v2\/product"}],"about":[{"href":"https:\/\/bracaravinum.pt\/it\/wp-json\/wp\/v2\/types\/product"}],"wp:featuredmedia":[{"embeddable":true,"href":"https:\/\/bracaravinum.pt\/it\/wp-json\/wp\/v2\/media\/8629"}],"wp:attachment":[{"href":"https:\/\/bracaravinum.pt\/it\/wp-json\/wp\/v2\/media?parent=14531"}],"wp:term":[{"taxonomy":"product_brand","embeddable":true,"href":"https:\/\/bracaravinum.pt\/it\/wp-json\/wp\/v2\/product_brand?post=14531"},{"taxonomy":"product_cat","embeddable":true,"href":"https:\/\/bracaravinum.pt\/it\/wp-json\/wp\/v2\/product_cat?post=14531"},{"taxonomy":"product_tag","embeddable":true,"href":"https:\/\/bracaravinum.pt\/it\/wp-json\/wp\/v2\/product_tag?post=14531"}],"curies":[{"name":"wp","href":"https:\/\/api.w.org\/{rel}","templated":true}]}}