{"id":14490,"date":"2021-03-12T15:56:20","date_gmt":"2021-03-12T15:56:20","guid":{"rendered":"http:\/\/bracaravinum.pt\/?post_type=product&#038;p=14490"},"modified":"2024-10-22T08:44:21","modified_gmt":"2024-10-22T08:44:21","slug":"casa-ermelinda-freitas-trincadeira-reserva-tinto-75cl","status":"publish","type":"product","link":"https:\/\/bracaravinum.pt\/it\/prodotto\/casa-ermelinda-freitas-trincadeira-reserva-tinto-75cl\/","title":{"rendered":"Casa Ermelinda Freitas Trincadeira Reserva Rosso 2017 75cl"},"content":{"rendered":"<p><img decoding=\"async\" class=\"size-medium wp-image-15056 aligncenter\" src=\"http:\/\/bracaravinum.pt\/wp-content\/uploads\/2022\/02\/casa-ermelinda-freitas-logo-300x115.png\" alt=\"\" width=\"300\" height=\"115\" srcset=\"https:\/\/bracaravinum.pt\/wp-content\/uploads\/2022\/02\/casa-ermelinda-freitas-logo-300x115.png 300w, https:\/\/bracaravinum.pt\/wp-content\/uploads\/2022\/02\/casa-ermelinda-freitas-logo.png 340w\" sizes=\"(max-width: 300px) 100vw, 300px\" \/><\/p>\n<p>A empresa, iniciada em 1920 por Deonilde Freitas, continuada por Germana Freitas e mais tarde por Ermelinda Freitas, sempre dedicou especial aten\u00e7\u00e3o ao vinho. Pelo desaparecimento precoce do seu marido, Manuel Jo\u00e3o de Freitas, Ermelinda deu continuidade \u00e0 empresa com colabora\u00e7\u00e3o da sua filha \u00fanica, Leonor, que embora com forma\u00e7\u00e3o fora da \u00e1rea vitivin\u00edcola, tomou a lideran\u00e7a da empresa refor\u00e7ando assim a presen\u00e7a feminina na sua gest\u00e3o.<\/p>\n<p>Desde a primeira gera\u00e7\u00e3o que esta casa aposta na qualidade das vinhas e dos vinhos, que inicialmente eram produzidos e vendidos a granel sem marca pr\u00f3pria. Foi com a atual gest\u00e3o que se deu a grande mudan\u00e7a de se criar marcas pr\u00f3prias. Assim, em 1997, iniciou-se um novo ciclo com o \u201cTerras do P\u00f3\u201d tinto, primeiro vinho produzido e engarrafado da Casa Ermelinda Freitas.<\/p>\n<p>Grandes Marcos<\/p>\n<div id=\"text\" class=\"scroll\">\n<p>Pelo trabalho desenvolvido, Leonor Freitas foi agraciada a 10 de Junho de 2009 com a comenda de Ordem do M\u00e9rito Agr\u00edcola, Comercial e Industrial Classe do M\u00e9rito Agr\u00edcola Comendador por Sua Excel\u00eancia o Presidente da Rep\u00fablica An\u00edbal Cavaco Silva.<\/p>\n<\/div>\n<div class=\"jScrollPaneTrack\">\n<div class=\"jScrollPaneDrag\"><\/div>\n<\/div>","protected":false},"excerpt":{"rendered":"<p>Castas: Trincadeira<\/p>\n<p>Carne estufada, ca\u00e7a, assados no forno, queijos fortes.<\/p>\n<p>Na boca \u00e9 muito cheio, aveludado com taninos presentes muito bem integrados, com uma boa acidez. Final longo, agrad\u00e1vel e persistente.<\/p>\n<p>Aroma confitado a lembrar fruta preta muito madura, alguma especiaria, com toque bals\u00e2mico da casta.<\/p>\n<p>Na boca \u00e9 muito cheio, aveludado com taninos presentes muito bem integrados, com uma boa acidez. Final longo, agrad\u00e1vel e persistente.<\/p>","protected":false},"featured_media":8445,"template":"","meta":{"_exactmetrics_skip_tracking":false,"_exactmetrics_sitenote_active":false,"_exactmetrics_sitenote_note":"","_exactmetrics_sitenote_category":0,"_uf_show_specific_survey":0,"_uf_disable_surveys":false,"iawp_total_views":14},"product_brand":[],"product_cat":[157,184,214],"product_tag":[],"class_list":{"0":"post-14490","1":"product","2":"type-product","3":"status-publish","4":"has-post-thumbnail","6":"product_cat-vinhos","7":"product_cat-tinto","8":"product_cat-setubal","10":"first","11":"instock","12":"shipping-taxable","13":"purchasable","14":"product-type-simple"},"_links":{"self":[{"href":"https:\/\/bracaravinum.pt\/it\/wp-json\/wp\/v2\/product\/14490","targetHints":{"allow":["GET"]}}],"collection":[{"href":"https:\/\/bracaravinum.pt\/it\/wp-json\/wp\/v2\/product"}],"about":[{"href":"https:\/\/bracaravinum.pt\/it\/wp-json\/wp\/v2\/types\/product"}],"wp:featuredmedia":[{"embeddable":true,"href":"https:\/\/bracaravinum.pt\/it\/wp-json\/wp\/v2\/media\/8445"}],"wp:attachment":[{"href":"https:\/\/bracaravinum.pt\/it\/wp-json\/wp\/v2\/media?parent=14490"}],"wp:term":[{"taxonomy":"product_brand","embeddable":true,"href":"https:\/\/bracaravinum.pt\/it\/wp-json\/wp\/v2\/product_brand?post=14490"},{"taxonomy":"product_cat","embeddable":true,"href":"https:\/\/bracaravinum.pt\/it\/wp-json\/wp\/v2\/product_cat?post=14490"},{"taxonomy":"product_tag","embeddable":true,"href":"https:\/\/bracaravinum.pt\/it\/wp-json\/wp\/v2\/product_tag?post=14490"}],"curies":[{"name":"wp","href":"https:\/\/api.w.org\/{rel}","templated":true}]}}