{"id":14432,"date":"2021-02-05T12:41:46","date_gmt":"2021-02-05T12:41:46","guid":{"rendered":"http:\/\/bracaravinum.pt\/?post_type=product&#038;p=14432"},"modified":"2025-12-02T15:41:31","modified_gmt":"2025-12-02T15:41:31","slug":"quinta-de-curvos-superior-branco-75cl","status":"publish","type":"product","link":"https:\/\/bracaravinum.pt\/it\/prodotto\/quinta-de-curvos-superior-branco-75cl\/","title":{"rendered":"Quinta de Curvos Escolha Branco 75cl"},"content":{"rendered":"<p><img fetchpriority=\"high\" decoding=\"async\" class=\"size-full wp-image-15394 aligncenter\" src=\"http:\/\/bracaravinum.pt\/wp-content\/uploads\/2022\/02\/qta-curvos-logo.png\" alt=\"\" width=\"225\" height=\"225\" srcset=\"https:\/\/bracaravinum.pt\/wp-content\/uploads\/2022\/02\/qta-curvos-logo.png 225w, https:\/\/bracaravinum.pt\/wp-content\/uploads\/2022\/02\/qta-curvos-logo-150x150.png 150w, https:\/\/bracaravinum.pt\/wp-content\/uploads\/2022\/02\/qta-curvos-logo-100x100.png 100w\" sizes=\"(max-width: 225px) 100vw, 225px\" \/><\/p>\n<div class=\"texto-intro\">\n<p>Com mais de quatro s\u00e9culos de hist\u00f3ria, muitas s\u00e3o as lendas e &#8220;est\u00f3rias&#8221; que lhe est\u00e3o na origem, muitas delas contadas pelos diversos espa\u00e7os envolventes, desde o antigo palacete \u00e0s grutas, passando pelo lago, jardins e vinhedos.<\/p>\n<\/div>\n<div class=\"divider icon\">\n<p>A produ\u00e7\u00e3o de vinho verde \u00e9 a atividade principal da Quinta de Curvos, tendo sido realizados, ao longo do tempo, investimentos com vista a aproveitar todo o potencial das diversas castas ali produzidas e assim assegurar a qualidade dos seus vinhos.A quinta ganhou uma nova alma, e ainda hoje \u00e9 uma empresa 100% familiar que, conta j\u00e1 com a dedica\u00e7\u00e3o da segunda gera\u00e7\u00e3o para dar continuidade ao projeto.<\/p>\n<p>Face ao ambiente competitivo no mercado dos vinhos, a Quinta de Curvos, enquanto empresa familiar, aposta num c\u00f3digo de valores de excel\u00eancia, tradi\u00e7\u00e3o e inova\u00e7\u00e3o, nunca esquecendo o respeito pelo meio ambiente e a paix\u00e3o genu\u00edna pelo vinho.<\/p>\n<\/div>","protected":false},"excerpt":{"rendered":"<div class=\"divider icon\">\n<p>Castas: Loureiro 75%, Trajadura 15%, Arinto 10%<\/p>\n<\/div>\n<div class=\"texto-intro\">\n<div class=\"texto-intro\">Aroma delicado, floral e com notas de frutos citrinos e tropicais. \u00c9 um vinho fresco, com juventude e muito vivo.<\/div>\n<\/div>","protected":false},"featured_media":8052,"template":"","meta":{"_exactmetrics_skip_tracking":false,"_exactmetrics_sitenote_active":false,"_exactmetrics_sitenote_note":"","_exactmetrics_sitenote_category":0,"_uf_show_specific_survey":0,"_uf_disable_surveys":false,"iawp_total_views":89},"product_brand":[],"product_cat":[185,206],"product_tag":[],"class_list":{"0":"post-14432","1":"product","2":"type-product","3":"status-publish","4":"has-post-thumbnail","6":"product_cat-branco","7":"product_cat-vinhos-verdes","9":"first","10":"instock","11":"shipping-taxable","12":"purchasable","13":"product-type-simple"},"_links":{"self":[{"href":"https:\/\/bracaravinum.pt\/it\/wp-json\/wp\/v2\/product\/14432","targetHints":{"allow":["GET"]}}],"collection":[{"href":"https:\/\/bracaravinum.pt\/it\/wp-json\/wp\/v2\/product"}],"about":[{"href":"https:\/\/bracaravinum.pt\/it\/wp-json\/wp\/v2\/types\/product"}],"wp:featuredmedia":[{"embeddable":true,"href":"https:\/\/bracaravinum.pt\/it\/wp-json\/wp\/v2\/media\/8052"}],"wp:attachment":[{"href":"https:\/\/bracaravinum.pt\/it\/wp-json\/wp\/v2\/media?parent=14432"}],"wp:term":[{"taxonomy":"product_brand","embeddable":true,"href":"https:\/\/bracaravinum.pt\/it\/wp-json\/wp\/v2\/product_brand?post=14432"},{"taxonomy":"product_cat","embeddable":true,"href":"https:\/\/bracaravinum.pt\/it\/wp-json\/wp\/v2\/product_cat?post=14432"},{"taxonomy":"product_tag","embeddable":true,"href":"https:\/\/bracaravinum.pt\/it\/wp-json\/wp\/v2\/product_tag?post=14432"}],"curies":[{"name":"wp","href":"https:\/\/api.w.org\/{rel}","templated":true}]}}