{"id":14407,"date":"2021-01-20T19:12:50","date_gmt":"2021-01-20T19:12:50","guid":{"rendered":"http:\/\/bracaravinum.pt\/?post_type=product&#038;p=14407"},"modified":"2025-01-11T17:14:12","modified_gmt":"2025-01-11T17:14:12","slug":"casa-dos-vieiras-reserva-tinto-2014-75cl","status":"publish","type":"product","link":"https:\/\/bracaravinum.pt\/it\/prodotto\/casa-dos-vieiras-reserva-tinto-2014-75cl\/","title":{"rendered":"Casa dos Vieiras Reserva Tinto 2014 75cl"},"content":{"rendered":"<p><img fetchpriority=\"high\" decoding=\"async\" class=\"size-full wp-image-15203 aligncenter\" src=\"http:\/\/bracaravinum.pt\/wp-content\/uploads\/2022\/02\/casa-dos-vieiras-logo.png\" alt=\"\" width=\"282\" height=\"293\" \/><\/p>\n<p>Casa dos Vieiras \u00e9 a marca registada da sociedade por quotas, MAGICFORCE Lda, que tem como objecto a produ\u00e7\u00e3o e comercializa\u00e7\u00e3o por grosso e a retalho de produtos vitivin\u00edcolas, cultura de azeitona e produ\u00e7\u00e3o de azeite, cultura de frutos secos, bem como a produ\u00e7\u00e3o de vinhos comuns e licorosos.<\/p>\n<p data-adtags-visited=\"true\">A cultura da vinha, respeitando as normas da produ\u00e7\u00e3o integrada, desenvolve-se em tr\u00eas parcelas:<\/p>\n<ul>\n<li>Carvalhinho de Baixo, a cerca de 200 metros de altitude;<\/li>\n<li>Carvalhinho de Cima, a cerca de 400 metros de altitude;<\/li>\n<li>Seixigais, a cerca de 475 metros de altitude.<\/li>\n<\/ul>\n<p data-adtags-visited=\"true\">Nestas propriedades, est\u00e3o implantadas videiras de v\u00e1rias castas: touriga nacional, touriga franca, tinta roriz, sous\u00e3o, tinta barroca, viozinho e rabigato.<\/p>","protected":false},"excerpt":{"rendered":"<p>Uve: Touriga Nacional, Touriga Franca e Tinta Roriz<\/p>\n<p>Vermelho intenso com notas de especiarias e um final harmonioso.<\/p>\n<p>Fresco, taninos estruturados, intenso, mas harmonioso no final, com potencial de envelhecimento de 10 anos.<\/p>","protected":false},"featured_media":7927,"template":"","meta":{"_exactmetrics_skip_tracking":false,"_exactmetrics_sitenote_active":false,"_exactmetrics_sitenote_note":"","_exactmetrics_sitenote_category":0,"_uf_show_specific_survey":0,"_uf_disable_surveys":false,"iawp_total_views":3},"product_brand":[],"product_cat":[157,184,215],"product_tag":[],"class_list":{"0":"post-14407","1":"product","2":"type-product","3":"status-publish","4":"has-post-thumbnail","6":"product_cat-vinhos","7":"product_cat-tinto","8":"product_cat-douro","10":"first","11":"instock","12":"shipping-taxable","13":"purchasable","14":"product-type-simple"},"_links":{"self":[{"href":"https:\/\/bracaravinum.pt\/it\/wp-json\/wp\/v2\/product\/14407","targetHints":{"allow":["GET"]}}],"collection":[{"href":"https:\/\/bracaravinum.pt\/it\/wp-json\/wp\/v2\/product"}],"about":[{"href":"https:\/\/bracaravinum.pt\/it\/wp-json\/wp\/v2\/types\/product"}],"wp:featuredmedia":[{"embeddable":true,"href":"https:\/\/bracaravinum.pt\/it\/wp-json\/wp\/v2\/media\/7927"}],"wp:attachment":[{"href":"https:\/\/bracaravinum.pt\/it\/wp-json\/wp\/v2\/media?parent=14407"}],"wp:term":[{"taxonomy":"product_brand","embeddable":true,"href":"https:\/\/bracaravinum.pt\/it\/wp-json\/wp\/v2\/product_brand?post=14407"},{"taxonomy":"product_cat","embeddable":true,"href":"https:\/\/bracaravinum.pt\/it\/wp-json\/wp\/v2\/product_cat?post=14407"},{"taxonomy":"product_tag","embeddable":true,"href":"https:\/\/bracaravinum.pt\/it\/wp-json\/wp\/v2\/product_tag?post=14407"}],"curies":[{"name":"wp","href":"https:\/\/api.w.org\/{rel}","templated":true}]}}