{"id":14212,"date":"2020-07-23T19:21:38","date_gmt":"2020-07-23T19:21:38","guid":{"rendered":"http:\/\/bracaravinum.pt\/?post_type=product&#038;p=14212"},"modified":"2025-10-31T12:48:37","modified_gmt":"2025-10-31T12:48:37","slug":"cerveja-samuel-smiths-chocoalte-stout-33cl","status":"publish","type":"product","link":"https:\/\/bracaravinum.pt\/it\/prodotto\/cerveja-samuel-smiths-chocoalte-stout-33cl\/","title":{"rendered":"Samuel Smith&#039;s Cioccolato Stout Biologico 35cl"},"content":{"rendered":"<p><img decoding=\"async\" class=\"size-full wp-image-15453 aligncenter\" src=\"http:\/\/bracaravinum.pt\/wp-content\/uploads\/2022\/02\/Samuel-Smith-Header-logo.png\" alt=\"\" width=\"300\" height=\"136\" \/><\/p>\n<p>&nbsp;<\/p>\n<p>A cervejaria mais antiga de Yorkshire &#8211; Est.\u00a01758<\/p>\n<p>Samuel Smith fabrica uma ampla variedade de cervejas de alta qualidade, exclusivamente a partir de ingredientes naturais aut\u00eanticos.<\/p>\n<p>A cervejaria ainda usa quadrados de pedra de Yorkshire para fermentar todas as suas cervejas e cervejas (exceto Sovereign e Extra Stout) e a mesma variedade de levedura \u00e9 usada desde o s\u00e9culo XI.<\/p>\n<p>Variedades inglesas de l\u00fapulo secas inteiras, como Fuggles e Goldings, s\u00e3o usadas para adicionar amargura e aroma \u00e0s cervejas tradicionais de Samuel Smith nos antigos tanques de ebuli\u00e7\u00e3o.<\/p>\n<p>A Samuel Smith&#8217;s usa barris de carvalho para toda a sua cerveja naturalmente condicionada.\u00a0Os barris s\u00e3o fabricados e reparados na Old Brewery pelos tanoeiros em tempo integral da cervejaria.<\/p>\n<p>A Old Brewery tem dois tanoeiros em tempo integral que fabricam e reparam todos os barris de carvalho de Samuel Smith.\u00a0Os barris de carvalho s\u00e3o usados \u200b\u200bpara Old Brewery Bitter manuseado manualmente e para amadurecer o Yorkshire Stingo.<\/p>\n<p>&nbsp;<\/p>","protected":false},"excerpt":{"rendered":"<p>Origem Reino Unido<\/p>\n<p>Registado na The Vegan Society; adequado para vegans e vegetarianos.<\/p>\n<p>Fabricada com \u00e1gua de po\u00e7o (o po\u00e7o original, afundado em 1758, ainda \u00e9 usado com a \u00e1gua dura extra\u00edda de 85 p\u00e9s de profundidade), o malte de chocolate org\u00e2nico e o cacau org\u00e2nico torrados suavemente conferem um car\u00e1ter delicioso, suave e cremoso, com convidativas sabores e um final delicioso &#8211;\u00a0este \u00e9 o casamento perfeito de chocolate robusto e luxuoso satisfat\u00f3rio.<\/p>\n<p>Ingredientes;\u00a0\u00e1gua, cevada maltada org\u00e2nica, a\u00e7\u00facar de cana org\u00e2nico, fermento, l\u00fapulo org\u00e2nico, extrato de cacau org\u00e2nico, di\u00f3xido de carbono.<\/p>\n<p class=\"Normal-P0\">5% ABV<\/p>\n<div id=\"txt_106\">\n<p class=\"Normal-P0\"><span class=\"Normal-C0\">Melhor servido a cerca de 51 \u00b0 F (11 \u00b0 C).<\/span><\/p>\n<\/div>","protected":false},"featured_media":6650,"template":"","meta":{"_exactmetrics_skip_tracking":false,"_exactmetrics_sitenote_active":false,"_exactmetrics_sitenote_note":"","_exactmetrics_sitenote_category":0,"_uf_show_specific_survey":0,"_uf_disable_surveys":false,"iawp_total_views":139},"product_brand":[],"product_cat":[259,171],"product_tag":[],"class_list":{"0":"post-14212","1":"product","2":"type-product","3":"status-publish","4":"has-post-thumbnail","6":"product_cat-cervejas","7":"product_cat-gourmet","9":"first","10":"instock","11":"shipping-taxable","12":"purchasable","13":"product-type-simple"},"_links":{"self":[{"href":"https:\/\/bracaravinum.pt\/it\/wp-json\/wp\/v2\/product\/14212","targetHints":{"allow":["GET"]}}],"collection":[{"href":"https:\/\/bracaravinum.pt\/it\/wp-json\/wp\/v2\/product"}],"about":[{"href":"https:\/\/bracaravinum.pt\/it\/wp-json\/wp\/v2\/types\/product"}],"wp:featuredmedia":[{"embeddable":true,"href":"https:\/\/bracaravinum.pt\/it\/wp-json\/wp\/v2\/media\/6650"}],"wp:attachment":[{"href":"https:\/\/bracaravinum.pt\/it\/wp-json\/wp\/v2\/media?parent=14212"}],"wp:term":[{"taxonomy":"product_brand","embeddable":true,"href":"https:\/\/bracaravinum.pt\/it\/wp-json\/wp\/v2\/product_brand?post=14212"},{"taxonomy":"product_cat","embeddable":true,"href":"https:\/\/bracaravinum.pt\/it\/wp-json\/wp\/v2\/product_cat?post=14212"},{"taxonomy":"product_tag","embeddable":true,"href":"https:\/\/bracaravinum.pt\/it\/wp-json\/wp\/v2\/product_tag?post=14212"}],"curies":[{"name":"wp","href":"https:\/\/api.w.org\/{rel}","templated":true}]}}