{"id":14109,"date":"2020-06-27T11:28:40","date_gmt":"2020-06-27T11:28:40","guid":{"rendered":"http:\/\/bracaravinum.pt\/?post_type=product&#038;p=14109"},"modified":"2025-12-07T10:55:23","modified_gmt":"2025-12-07T10:55:23","slug":"rum-conde-de-cuba-15-anos-70cl","status":"publish","type":"product","link":"https:\/\/bracaravinum.pt\/it\/prodotto\/rum-conde-de-cuba-15-anos-70cl\/","title":{"rendered":"Rum Conde de Cuba 15 anos 70cl"},"content":{"rendered":"<p><img decoding=\"async\" class=\"size-medium wp-image-15224 aligncenter\" src=\"http:\/\/bracaravinum.pt\/wp-content\/uploads\/2022\/02\/conde-de-cuba-logo-horizontal-300x67.png\" alt=\"\" width=\"300\" height=\"67\" srcset=\"https:\/\/bracaravinum.pt\/wp-content\/uploads\/2022\/02\/conde-de-cuba-logo-horizontal-300x68.png 300w, https:\/\/bracaravinum.pt\/wp-content\/uploads\/2022\/02\/conde-de-cuba-logo-horizontal.png 305w\" sizes=\"(max-width: 300px) 100vw, 300px\" \/><\/p>\n<p>No s\u00e9culo IX, o rum tornou-se uma bebida de qualidade e valorizada.\u00a0Destilarias e marcas surgiram com o apoio da coroa espanhola.\u00a0Cuba foi o ber\u00e7o do rum.<\/p>\n<p>Cuba tamb\u00e9m produz um rum mais leve e mais n\u00edtido do que em outras partes do Caribe, gra\u00e7as a um pedido da Coroa Espanhola, que preferia seu sabor delicado.<\/p>\n<p>O rum do Conde de Cuba \u00e9 colhido, destilado, envelhecido e engarrafado em uma pequena cidade com mais de 2.000 habitantes da prov\u00edncia de Las Tunas, em Amancio Rodriguez, sudeste de Cuba, uma terra cujo clima \u00e9 ideal para o cultivo dos 100 % de cana-de-a\u00e7\u00facar aut\u00f3ctone &#8220;medialuna&#8221;.<\/p>\n<p>Todo o sistema integral est\u00e1 situado na planta\u00e7\u00e3o, incluindo a empresa a\u00e7ucareira para obter o mel, a destilaria, a F\u00e1brica Ron Sevilla e a adega.<\/p>\n<p>Todo esse processo se reflete nos diferentes r\u00f3tulos, deixando essa gama de produtos especial.<\/p>\n<p>A planta\u00e7\u00e3o de a\u00e7\u00facar estava localizada \u00e0s margens do rio Sevilla, um dos rios mais importantes do pa\u00eds.\u00a0Sevilha, a famosa cidade portu\u00e1ria do sul da Espanha, sempre esteve ligada a Cuba desde os tempos coloniais.<\/p>","protected":false},"excerpt":{"rendered":"<p>Origine Cuba<\/p>\n<p>Rum Extra Anejo, apresentado como uma garrafa exclusiva na forma \u201cC\u201d de Cuba, Conde de Cuba e meia-lua. Rum de reserva envelhecido h\u00e1 15 anos.<\/p>\n<p><strong>Aspetto\u00a0<\/strong>Cor \u00e2mbar, escurecida pelo envelhecimento prolongado.<\/p>\n<p><strong>Aroma <\/strong>Intenso, com aroma equilibrado em carvalho.\u00a0Seco e doce.<\/p>\n<p><strong>Palato <\/strong>Tem gosto de notas de caramelo, caf\u00e9 e chocolate preto.<\/p>\n<p><strong>\u00c1lcool em volume<\/strong>\u00a038%<\/p>","protected":false},"featured_media":6069,"template":"","meta":{"_exactmetrics_skip_tracking":false,"_exactmetrics_sitenote_active":false,"_exactmetrics_sitenote_note":"","_exactmetrics_sitenote_category":0,"_uf_show_specific_survey":0,"_uf_disable_surveys":false,"iawp_total_views":107},"product_brand":[],"product_cat":[158,198],"product_tag":[],"class_list":{"0":"post-14109","1":"product","2":"type-product","3":"status-publish","4":"has-post-thumbnail","6":"product_cat-espirituosos","7":"product_cat-rum","9":"first","10":"instock","11":"shipping-taxable","12":"purchasable","13":"product-type-simple"},"_links":{"self":[{"href":"https:\/\/bracaravinum.pt\/it\/wp-json\/wp\/v2\/product\/14109","targetHints":{"allow":["GET"]}}],"collection":[{"href":"https:\/\/bracaravinum.pt\/it\/wp-json\/wp\/v2\/product"}],"about":[{"href":"https:\/\/bracaravinum.pt\/it\/wp-json\/wp\/v2\/types\/product"}],"wp:featuredmedia":[{"embeddable":true,"href":"https:\/\/bracaravinum.pt\/it\/wp-json\/wp\/v2\/media\/6069"}],"wp:attachment":[{"href":"https:\/\/bracaravinum.pt\/it\/wp-json\/wp\/v2\/media?parent=14109"}],"wp:term":[{"taxonomy":"product_brand","embeddable":true,"href":"https:\/\/bracaravinum.pt\/it\/wp-json\/wp\/v2\/product_brand?post=14109"},{"taxonomy":"product_cat","embeddable":true,"href":"https:\/\/bracaravinum.pt\/it\/wp-json\/wp\/v2\/product_cat?post=14109"},{"taxonomy":"product_tag","embeddable":true,"href":"https:\/\/bracaravinum.pt\/it\/wp-json\/wp\/v2\/product_tag?post=14109"}],"curies":[{"name":"wp","href":"https:\/\/api.w.org\/{rel}","templated":true}]}}