{"id":13995,"date":"2020-05-29T18:42:45","date_gmt":"2020-05-29T18:42:45","guid":{"rendered":"http:\/\/bracaravinum.pt\/?post_type=product&#038;p=13995"},"modified":"2023-10-28T09:04:25","modified_gmt":"2023-10-28T09:04:25","slug":"valados-de-melgaco-espumante-alvarinho-extra-bruto-75-cl","status":"publish","type":"product","link":"https:\/\/bracaravinum.pt\/it\/produto\/valados-de-melgaco-espumante-alvarinho-extra-bruto-75-cl\/","title":{"rendered":"Valados de Melga\u00e7o Espumante Alvarinho Extra Bruto 75 cl"},"content":{"rendered":"<p><img decoding=\"async\" class=\"alignnone size-medium wp-image-5389 aligncenter\" src=\"https:\/\/bracaravinum.pt\/wp-content\/uploads\/2020\/05\/valados-melga\u00e7o-image-300x68.png\" alt=\"\" width=\"300\" height=\"68\" \/><\/p>\n<p>Dando seguimento ao conhecimento e tradi\u00e7\u00e3o familiar, de v\u00e1rias gera\u00e7\u00f5es, na produ\u00e7\u00e3o de uvas e vinhos de qualidade na Quinta de Gol\u00e3es, a Valados de Melga\u00e7o, Lda \u00e9 um projecto\u00a0familiar que pretende apresentar a casta Alvarinho trabalhada no seu expoente m\u00e1ximo.<\/p>\n<p align=\"\u201dJustify\u201d\">Hoje, apresenta vinhos de qualidade reconhecida, a partir de vinhas velhas e novas, predominantemente da casta Alvarinho.<\/p>\n<p>Produzimos vinhos com personalidade, eleg\u00e2ncia e harmonia que revelam toda a magia da casta Alvarinho e do terroir de Mon\u00e7\u00e3o e Melga\u00e7o.<\/p>","protected":false},"excerpt":{"rendered":"<p align=\"justify\">\u201c50 Melhores Espumantes do Mundo para 2018\u201d \u2013 Medalha de Ouro\u2014Top 5<br \/>\nCom selec\u00e7\u00e3o na vinha, para vindima, das uvas ideais para espumante, e seguindo o m\u00e9todo tradicional de espumantiza\u00e7\u00e3o que requer fermenta\u00e7\u00e3o em garrafa, durante um per\u00edodo superior a 12 meses.<br \/>\nCor citrina, de bolha fina e persistente. Nariz requintado, com notas herbais, florais e ma\u00e7\u00e3 verde. Mousse de bolha fina, acidez viva, notas de anan\u00e1s, boca texturada e aveludada, de final muito seco e persistente.<\/p>","protected":false},"featured_media":5394,"template":"","meta":{"_exactmetrics_skip_tracking":false,"_exactmetrics_sitenote_active":false,"_exactmetrics_sitenote_note":"","_exactmetrics_sitenote_category":0,"_uf_show_specific_survey":0,"_uf_disable_surveys":false,"iawp_total_views":6},"product_brand":[],"product_cat":[177,160],"product_tag":[80],"class_list":{"0":"post-13995","1":"product","2":"type-product","3":"status-publish","4":"has-post-thumbnail","6":"product_cat-espumante","7":"product_cat-espumantes","8":"product_tag-os-melhores-verdes-2020","10":"first","11":"instock","12":"shipping-taxable","13":"purchasable","14":"product-type-simple"},"_links":{"self":[{"href":"https:\/\/bracaravinum.pt\/it\/wp-json\/wp\/v2\/product\/13995","targetHints":{"allow":["GET"]}}],"collection":[{"href":"https:\/\/bracaravinum.pt\/it\/wp-json\/wp\/v2\/product"}],"about":[{"href":"https:\/\/bracaravinum.pt\/it\/wp-json\/wp\/v2\/types\/product"}],"wp:featuredmedia":[{"embeddable":true,"href":"https:\/\/bracaravinum.pt\/it\/wp-json\/wp\/v2\/media\/5394"}],"wp:attachment":[{"href":"https:\/\/bracaravinum.pt\/it\/wp-json\/wp\/v2\/media?parent=13995"}],"wp:term":[{"taxonomy":"product_brand","embeddable":true,"href":"https:\/\/bracaravinum.pt\/it\/wp-json\/wp\/v2\/product_brand?post=13995"},{"taxonomy":"product_cat","embeddable":true,"href":"https:\/\/bracaravinum.pt\/it\/wp-json\/wp\/v2\/product_cat?post=13995"},{"taxonomy":"product_tag","embeddable":true,"href":"https:\/\/bracaravinum.pt\/it\/wp-json\/wp\/v2\/product_tag?post=13995"}],"curies":[{"name":"wp","href":"https:\/\/api.w.org\/{rel}","templated":true}]}}