{"id":13885,"date":"2020-05-15T10:45:00","date_gmt":"2020-05-15T10:45:00","guid":{"rendered":"http:\/\/bracaravinum.pt\/?post_type=product&#038;p=13885"},"modified":"2025-01-21T10:46:05","modified_gmt":"2025-01-21T10:46:05","slug":"foral-de-meda-tinto-75cl","status":"publish","type":"product","link":"https:\/\/bracaravinum.pt\/it\/prodotto\/foral-de-meda-tinto-75cl\/","title":{"rendered":"Foral de Meda Tinto 75cl"},"content":{"rendered":"<p><img fetchpriority=\"high\" decoding=\"async\" class=\"size-medium wp-image-15399 aligncenter\" src=\"http:\/\/bracaravinum.pt\/wp-content\/uploads\/2022\/02\/qta-vale-daldeia-logo-261x300.png\" alt=\"\" width=\"261\" height=\"300\" srcset=\"https:\/\/bracaravinum.pt\/wp-content\/uploads\/2022\/02\/qta-vale-daldeia-logo-261x300.png 261w, https:\/\/bracaravinum.pt\/wp-content\/uploads\/2022\/02\/qta-vale-daldeia-logo-600x689.png 600w, https:\/\/bracaravinum.pt\/wp-content\/uploads\/2022\/02\/qta-vale-daldeia-logo.png 679w\" sizes=\"(max-width: 261px) 100vw, 261px\" \/><\/p>\n<p>Quinta Vale d&#039;Aldeia \u2013 situata nella regione di Meda, nel mezzo del Douro Superiore \u2013 \u00e8 un progetto che nasce dallo sforzo e dalla dedizione di una famiglia, il cui obiettivo principale \u00e8 produrre vini eccellenti.<\/p>\n<p>La sua ubicazione, caratterizzata da microclimi ricchi e complessi, consente al terreno generoso e ai vitigni selezionati di ottenere una redditivit\u00e0 e una qualit\u00e0 davvero uniche. Questo fattore si combina con l&#039;uso di tecnologie all&#039;avanguardia nella produzione e lavorazione del vino, che rendono Quinta Vale d&#039;Aldeia una delle principali aziende vinicole della regione delimitata del Douro.<\/p>\n<p>Interamente inserita nella regione delimitata del Douro, l&#039;azienda conta attualmente circa 150 ettari di terreno coltivato, di cui 110 a vigneto e la restante a uliveto. Le viti sono piantate dal 2004 ad oggi e sono distribuite in appezzamenti per vitigni accuratamente selezionati, tenendo conto delle caratteristiche del terreno, dell&#039;esposizione solare, dell&#039;altitudine e della maturazione che si vuole ottenere. I vini di questa zona sono vini giovani e freschi, la cui caratteristica pi\u00f9 evidente \u00e8 l&#039;acidit\u00e0 che acquisiscono durante la maturazione, che \u00e8 una delle qualit\u00e0 pi\u00f9 importanti per quanto riguarda l&#039;evoluzione dei vini durante l&#039;affinamento in bottiglia.<\/p>","protected":false},"excerpt":{"rendered":"<p>Castas: Touriga Nacional, Touriga Franca e Tinta Amarela<\/p>\n<p>Este vinho foi produzido com parcelas de uvas da casta Touriga Nacional, Touriga Franca e Tinta Amarela situadas a uma altitude que varia entre os 350 e os 500 metros. Cor viva, aroma jovem e fresco lembrando frutos vermelhos. \u00c9 um vinho bastante equilibrado, vivo, medianamente encorpado, apresentando um bom car\u00e1ter e intensidade de fruta. Final de boca equilibrado.<\/p>","protected":false},"featured_media":9882,"template":"","meta":{"_exactmetrics_skip_tracking":false,"_exactmetrics_sitenote_active":false,"_exactmetrics_sitenote_note":"","_exactmetrics_sitenote_category":0,"_uf_show_specific_survey":0,"_uf_disable_surveys":false,"iawp_total_views":40},"product_brand":[],"product_cat":[157,184,215],"product_tag":[],"class_list":{"0":"post-13885","1":"product","2":"type-product","3":"status-publish","4":"has-post-thumbnail","6":"product_cat-vinhos","7":"product_cat-tinto","8":"product_cat-douro","10":"first","11":"instock","12":"shipping-taxable","13":"purchasable","14":"product-type-simple"},"_links":{"self":[{"href":"https:\/\/bracaravinum.pt\/it\/wp-json\/wp\/v2\/product\/13885","targetHints":{"allow":["GET"]}}],"collection":[{"href":"https:\/\/bracaravinum.pt\/it\/wp-json\/wp\/v2\/product"}],"about":[{"href":"https:\/\/bracaravinum.pt\/it\/wp-json\/wp\/v2\/types\/product"}],"wp:featuredmedia":[{"embeddable":true,"href":"https:\/\/bracaravinum.pt\/it\/wp-json\/wp\/v2\/media\/9882"}],"wp:attachment":[{"href":"https:\/\/bracaravinum.pt\/it\/wp-json\/wp\/v2\/media?parent=13885"}],"wp:term":[{"taxonomy":"product_brand","embeddable":true,"href":"https:\/\/bracaravinum.pt\/it\/wp-json\/wp\/v2\/product_brand?post=13885"},{"taxonomy":"product_cat","embeddable":true,"href":"https:\/\/bracaravinum.pt\/it\/wp-json\/wp\/v2\/product_cat?post=13885"},{"taxonomy":"product_tag","embeddable":true,"href":"https:\/\/bracaravinum.pt\/it\/wp-json\/wp\/v2\/product_tag?post=13885"}],"curies":[{"name":"wp","href":"https:\/\/api.w.org\/{rel}","templated":true}]}}