{"id":13882,"date":"2020-05-15T10:27:28","date_gmt":"2020-05-15T10:27:28","guid":{"rendered":"http:\/\/bracaravinum.pt\/?post_type=product&#038;p=13882"},"modified":"2024-12-17T19:25:29","modified_gmt":"2024-12-17T19:25:29","slug":"calheiros-cruz-tinto-75cl","status":"publish","type":"product","link":"https:\/\/bracaravinum.pt\/it\/prodotto\/calheiros-cruz-tinto-75cl\/","title":{"rendered":"Calheiros Cruz Tinto 75cl"},"content":{"rendered":"<p>Nel 1982 Jos\u00e9 Carlos Calheiros Cruz, proveniente da una famiglia di viticoltori del Douro, riprese la tradizione di famiglia e costru\u00ec un moderno centro di vinificazione a R\u00e9gua, nella regione delimitata del Douro. Nel 1985 si \u00e8 avventurato nella produzione di vino in bottiglia con l&#039;ambizione di lasciare il segno nel mercato del vino e portare il Douro nel mondo.<\/p>\n<p>Nel 2001, con il supporto del famoso enologo Anselmo Mendes, il suo lavoro inizi\u00f2 ad essere riconosciuto a livello internazionale, Adega Calheiros Cruz fu considerata \u201cCantina dell&#039;anno\u201d dalla rivista Am\u00e9rica \u201cWine &amp; Spirits\u201d.<\/p>\n<p>Con la morte del marito Jos\u00e9 Carlos, nel 2002 Madalena Calheiros Cruz assume la guida dell&#039;azienda, portando avanti la passione del marito e continuando a lavorare con gli stessi valori e obiettivi.<\/p>","protected":false},"excerpt":{"rendered":"<p>Castas: Touriga Nacional, Touriga Franca, Tinta Roriz e Tinta Barroca.<\/p>\n<p>Muito boa fruta surge no aroma, franco, directo e sem segredos mas bem composto.<br \/>\nA sensa\u00e7\u00e3o de leveza e propor\u00e7\u00e3o surge na boca onde se nota que o vinho tem todas as condi\u00e7\u00f5es para ser um bom parceiro em novo.<\/p>","protected":false},"featured_media":4948,"template":"","meta":{"_exactmetrics_skip_tracking":false,"_exactmetrics_sitenote_active":false,"_exactmetrics_sitenote_note":"","_exactmetrics_sitenote_category":0,"_uf_show_specific_survey":0,"_uf_disable_surveys":false,"iawp_total_views":145},"product_brand":[],"product_cat":[157,184,215],"product_tag":[],"class_list":{"0":"post-13882","1":"product","2":"type-product","3":"status-publish","4":"has-post-thumbnail","6":"product_cat-vinhos","7":"product_cat-tinto","8":"product_cat-douro","10":"first","11":"outofstock","12":"shipping-taxable","13":"purchasable","14":"product-type-simple"},"_links":{"self":[{"href":"https:\/\/bracaravinum.pt\/it\/wp-json\/wp\/v2\/product\/13882","targetHints":{"allow":["GET"]}}],"collection":[{"href":"https:\/\/bracaravinum.pt\/it\/wp-json\/wp\/v2\/product"}],"about":[{"href":"https:\/\/bracaravinum.pt\/it\/wp-json\/wp\/v2\/types\/product"}],"wp:featuredmedia":[{"embeddable":true,"href":"https:\/\/bracaravinum.pt\/it\/wp-json\/wp\/v2\/media\/4948"}],"wp:attachment":[{"href":"https:\/\/bracaravinum.pt\/it\/wp-json\/wp\/v2\/media?parent=13882"}],"wp:term":[{"taxonomy":"product_brand","embeddable":true,"href":"https:\/\/bracaravinum.pt\/it\/wp-json\/wp\/v2\/product_brand?post=13882"},{"taxonomy":"product_cat","embeddable":true,"href":"https:\/\/bracaravinum.pt\/it\/wp-json\/wp\/v2\/product_cat?post=13882"},{"taxonomy":"product_tag","embeddable":true,"href":"https:\/\/bracaravinum.pt\/it\/wp-json\/wp\/v2\/product_tag?post=13882"}],"curies":[{"name":"wp","href":"https:\/\/api.w.org\/{rel}","templated":true}]}}