{"id":13860,"date":"2020-05-13T10:48:48","date_gmt":"2020-05-13T10:48:48","guid":{"rendered":"http:\/\/bracaravinum.pt\/?post_type=product&#038;p=13860"},"modified":"2023-04-22T10:45:57","modified_gmt":"2023-04-22T10:45:57","slug":"quinta-de-sao-jose-grande-riserva-rosso-75cl","status":"publish","type":"product","link":"https:\/\/bracaravinum.pt\/it\/produto\/quinta-de-sao-jose-grande-reserva-tinto-75cl\/","title":{"rendered":"Quinta de S\u00e3o Jos\u00e9 Grande Riserva Rosso 75cl"},"content":{"rendered":"<p>Il vino scorre nelle vene di questo discendente in linea diretta di Dona Ant\u00f3nia Ferreira, Ferreirinha. Jo\u00e3o Brito e Cunha \u00e8 uno degli esempi della nuova generazione di viticoltori e produttori che si sono stabiliti nel Douro e hanno lanciato progetti personali.<\/p>\n<p>Alla base della passione di questo viticoltore c&#039;\u00e8 Quinta de S. Jos\u00e9, nel cuore del Douro \u2013 Ervedosa do Douro.<\/p>\n<p>Quinta de S. Jos\u00e9 \u00e8 un progetto familiare iniziato all&#039;inizio del 1999, per volont\u00e0 del padre di Jo\u00e3o, Ruy Brito e Cunha grazie all&#039;ottima posizione delle case della Quinta, praticamente sul fiume. Le case sono state restaurate rispettando la struttura e i materiali tipici della regione del Douro.<\/p>\n<p>Nel 2005 Jo\u00e3o Brito e Cunha acquist\u00f2 dalla famiglia l&#039;intera area di vigneti, boscaglia e il marchio Quinta de S. Jos\u00e9 per poter subentrare e dedicarsi al progetto di produzione e commercializzazione dei vini sotto la Quinta de S. Jos\u00e9. Marchio Jos\u00e9 La Quinta ha una superficie di 10 ettari di vigneti e la propriet\u00e0 \u00e8 integrata nella zona classificata \u201cValle del Douro Patrimonio dell&#039;Umanit\u00e0\u201d.<\/p>","protected":false},"excerpt":{"rendered":"<p>Uva: i vigneti pi\u00f9 vecchi dell&#039;azienda.<\/p>\n<p>Colore violaceo e abbastanza profondo, aromi molto complessi e distinti dove predomina il carattere fruttato e floreale con note speziate e fresche di menta provenienti dal legno, molto discrete e ben integrate nel vino. In bocca mostra frutto, complessit\u00e0 con tannini di alto livello che gli donano un lungo retrogusto. Questa combinazione equilibrata di potenza ed eleganza contribuisce sicuramente al suo potenziale di invecchiamento, il che significa che il vino trarr\u00e0 beneficio da alcuni anni in bottiglia.<\/p>","protected":false},"featured_media":4898,"template":"","meta":{"_exactmetrics_skip_tracking":false,"_exactmetrics_sitenote_active":false,"_exactmetrics_sitenote_note":"","_exactmetrics_sitenote_category":0,"_uf_show_specific_survey":0,"_uf_disable_surveys":false,"iawp_total_views":43},"product_brand":[],"product_cat":[215,184,157],"product_tag":[],"class_list":{"0":"post-13860","1":"product","2":"type-product","3":"status-publish","4":"has-post-thumbnail","6":"product_cat-douro","7":"product_cat-tinto","8":"product_cat-vinhos","10":"first","11":"instock","12":"shipping-taxable","13":"purchasable","14":"product-type-simple"},"_links":{"self":[{"href":"https:\/\/bracaravinum.pt\/it\/wp-json\/wp\/v2\/product\/13860","targetHints":{"allow":["GET"]}}],"collection":[{"href":"https:\/\/bracaravinum.pt\/it\/wp-json\/wp\/v2\/product"}],"about":[{"href":"https:\/\/bracaravinum.pt\/it\/wp-json\/wp\/v2\/types\/product"}],"wp:featuredmedia":[{"embeddable":true,"href":"https:\/\/bracaravinum.pt\/it\/wp-json\/wp\/v2\/media\/4898"}],"wp:attachment":[{"href":"https:\/\/bracaravinum.pt\/it\/wp-json\/wp\/v2\/media?parent=13860"}],"wp:term":[{"taxonomy":"product_brand","embeddable":true,"href":"https:\/\/bracaravinum.pt\/it\/wp-json\/wp\/v2\/product_brand?post=13860"},{"taxonomy":"product_cat","embeddable":true,"href":"https:\/\/bracaravinum.pt\/it\/wp-json\/wp\/v2\/product_cat?post=13860"},{"taxonomy":"product_tag","embeddable":true,"href":"https:\/\/bracaravinum.pt\/it\/wp-json\/wp\/v2\/product_tag?post=13860"}],"curies":[{"name":"wp","href":"https:\/\/api.w.org\/{rel}","templated":true}]}}