{"id":13772,"date":"2020-04-30T10:04:22","date_gmt":"2020-04-30T10:04:22","guid":{"rendered":"http:\/\/bracaravinum.pt\/?post_type=product&#038;p=13772"},"modified":"2023-03-06T18:54:45","modified_gmt":"2023-03-06T18:54:45","slug":"coroa-douro-tinto-2017-75cl","status":"publish","type":"product","link":"https:\/\/bracaravinum.pt\/it\/prodotto\/coroa-douro-tinto-2017-75cl\/","title":{"rendered":"Coroa D&#8217;Ouro Tinto 75cl"},"content":{"rendered":"<p>Tutto inizi\u00f2 nel 1918, quando Manoel Domingues Po\u00e7as J\u00fanior, nato nel centro del trambusto del vino di Porto, decise di fondare la propria attivit\u00e0.<br \/>\nEra il 15 agosto, pochi mesi prima dell&#039;armistizio. Manoel Po\u00e7as aveva 30 anni e aveva qualche esperienza lavorativa nella zona. Con suo zio fond\u00f2 un&#039;azienda per vendere brandy ai grandi produttori di vino di Porto. Poco dopo stabil\u00ec la sede che rimane oggi, a Vila Nova de Gaia.<br \/>\nPrima lo zio, poi i fratelli, la moglie, i nipoti: l&#039;intera famiglia Po\u00e7as \u00e8 arrivata a condividere la sua passione per il vino, coniugando il rispetto della tradizione con una mentalit\u00e0 aperta all&#039;innovazione portata dalle nuove generazioni.<br \/>\nOggi, con tre aziende agricole nelle migliori posizioni della regione delimitata del Douro, Po\u00e7as ha il controllo totale della qualit\u00e0 dei suoi vini. E il coinvolgimento della famiglia \u00e8 pi\u00f9 forte che mai.<\/p>","protected":false},"excerpt":{"rendered":"<p>ORIGEM:\u00a0Portugal &#8211; Regi\u00e3o Demarcada do Douro<br \/>\nDESCRI\u00c7\u00c3O:\u00a0Vinho tinto produzido a partir de castas tradicionais da regi\u00e3o do Douro.<br \/>\nRISULTATI DEL TEST<br \/>\nCor\u00a0Tinto.<br \/>\nAroma\u00a0Intenso e frutado.<br \/>\nPaladar\u00a0Encorpado, com perfil de fruta e final elegante.<br \/>\nACOMPANHAMENTO:\u00a0Acompanha bem carnes grelhadas, ca\u00e7a e queijos suaves ou de intensidade m\u00e9dia.<br \/>\nTemperatura ideal de servi\u00e7o: 18\u00baC.<\/p>","protected":false},"featured_media":4583,"template":"","meta":{"_exactmetrics_skip_tracking":false,"_exactmetrics_sitenote_active":false,"_exactmetrics_sitenote_note":"","_exactmetrics_sitenote_category":0,"_uf_show_specific_survey":0,"_uf_disable_surveys":false,"iawp_total_views":7},"product_brand":[],"product_cat":[157,184,215],"product_tag":[],"class_list":{"0":"post-13772","1":"product","2":"type-product","3":"status-publish","4":"has-post-thumbnail","6":"product_cat-vinhos","7":"product_cat-tinto","8":"product_cat-douro","10":"first","11":"outofstock","12":"shipping-taxable","13":"purchasable","14":"product-type-simple"},"_links":{"self":[{"href":"https:\/\/bracaravinum.pt\/it\/wp-json\/wp\/v2\/product\/13772","targetHints":{"allow":["GET"]}}],"collection":[{"href":"https:\/\/bracaravinum.pt\/it\/wp-json\/wp\/v2\/product"}],"about":[{"href":"https:\/\/bracaravinum.pt\/it\/wp-json\/wp\/v2\/types\/product"}],"wp:featuredmedia":[{"embeddable":true,"href":"https:\/\/bracaravinum.pt\/it\/wp-json\/wp\/v2\/media\/4583"}],"wp:attachment":[{"href":"https:\/\/bracaravinum.pt\/it\/wp-json\/wp\/v2\/media?parent=13772"}],"wp:term":[{"taxonomy":"product_brand","embeddable":true,"href":"https:\/\/bracaravinum.pt\/it\/wp-json\/wp\/v2\/product_brand?post=13772"},{"taxonomy":"product_cat","embeddable":true,"href":"https:\/\/bracaravinum.pt\/it\/wp-json\/wp\/v2\/product_cat?post=13772"},{"taxonomy":"product_tag","embeddable":true,"href":"https:\/\/bracaravinum.pt\/it\/wp-json\/wp\/v2\/product_tag?post=13772"}],"curies":[{"name":"wp","href":"https:\/\/api.w.org\/{rel}","templated":true}]}}